{"id":696289,"date":"2025-12-22T17:18:06","date_gmt":"2025-12-22T14:18:06","guid":{"rendered":"https:\/\/nbg.eu\/product\/sac-de-voyage-atlas\/"},"modified":"2026-04-15T14:20:11","modified_gmt":"2026-04-15T11:20:11","slug":"sac-de-voyage-atlas","status":"publish","type":"product","link":"https:\/\/nbg.eu\/fr\/produit\/sac-de-voyage-atlas\/","title":{"rendered":"Eberlestock Sac de Voyage Atlas"},"content":{"rendered":"<h2>Le sac \u00e0 bandouli\u00e8re Atlas : transport de vos \u00e9quipements avec style et facilit\u00e9<\/h2>\n<p>Le sac \u00e0 bandouli\u00e8re Atlas est le petit fr\u00e8re de notre populaire sac \u00e0 bandouli\u00e8re Hercules, offrant toutes les m\u00eames caract\u00e9ristiques que les gens appr\u00e9cient. Avec un grand compartiment principal, des s\u00e9parateurs rembourr\u00e9s, six poches zipp\u00e9es externes et un compartiment de base \u00e0 paroi rigide en dessous, ce sac \u00e0 bandouli\u00e8re durable est con\u00e7u pour garder vos \u00e9quipements organis\u00e9s et prot\u00e9g\u00e9s.<\/p>\n<p>S\u00e9curis\u00e9 avec des fermetures \u00e9clair de s\u00e9curit\u00e9 YKK verrouillables, le sac \u00e0 bandouli\u00e8re Atlas garantit la s\u00e9curit\u00e9 de vos effets, m\u00eame dans les conditions les plus difficiles. La housse de pluie incluse offre une couche de protection suppl\u00e9mentaire, prot\u00e9geant vos \u00e9quipements contre l&rsquo;humidit\u00e9 et la poussi\u00e8re.<\/p>\n<p>Avec des dimensions impressionnantes de 29,5 H x 16 L x 16 P, d&rsquo;un volume de 5 844 c.i. \/ 95,77 L et d&rsquo;un poids de 12 lbs 12 oz, le sac \u00e0 bandouli\u00e8re Atlas offre un espace ample pour accueillir tous vos \u00e9l\u00e9ments essentiels. Le compartiment de base de 4 pouces de profondeur fournit un endroit pratique pour ranger les articles que vous devez rapidement r\u00e9cup\u00e9rer.<\/p>\n<p>Fabriqu\u00e9 avec un fond dur et des roues robustes, le sac \u00e0 bandouli\u00e8re Atlas est con\u00e7u pour r\u00e9sister aux rigueurs des voyages. Ses poches int\u00e9rieures et ses s\u00e9parateurs Velcro personnalisables vous permettent d&rsquo;adapter l&rsquo;organisation \u00e0 vos besoins sp\u00e9cifiques, en en faisant le compagnon id\u00e9al pour vos aventures.<\/p>\n","protected":false},"excerpt":{"rendered":"<p>Le sac polochon Atlas est un sac spacieux et polyvalent avec une base rigide, des s\u00e9parateurs rembourr\u00e9s et une housse de pluie pour une protection toutes saisons.<\/p>\n","protected":false},"featured_media":696361,"template":"","meta":{"_acf_changed":false},"product_brand":[15151],"product_cat":[12133],"product_tag":[],"class_list":{"0":"post-696289","1":"product","2":"type-product","3":"status-publish","4":"has-post-thumbnail","6":"product_brand-eberlestock","7":"product_cat-sacs-de-tir","9":"first","10":"instock","11":"taxable","12":"shipping-taxable","13":"purchasable","14":"product-type-variable","15":"wvs-archive-product-wrapper"},"acf":[],"_links":{"self":[{"href":"https:\/\/nbg.eu\/fr\/wp-json\/wp\/v2\/product\/696289","targetHints":{"allow":["GET"]}}],"collection":[{"href":"https:\/\/nbg.eu\/fr\/wp-json\/wp\/v2\/product"}],"about":[{"href":"https:\/\/nbg.eu\/fr\/wp-json\/wp\/v2\/types\/product"}],"wp:featuredmedia":[{"embeddable":true,"href":"https:\/\/nbg.eu\/fr\/wp-json\/wp\/v2\/media\/696361"}],"wp:attachment":[{"href":"https:\/\/nbg.eu\/fr\/wp-json\/wp\/v2\/media?parent=696289"}],"wp:term":[{"taxonomy":"product_brand","embeddable":true,"href":"https:\/\/nbg.eu\/fr\/wp-json\/wp\/v2\/product_brand?post=696289"},{"taxonomy":"product_cat","embeddable":true,"href":"https:\/\/nbg.eu\/fr\/wp-json\/wp\/v2\/product_cat?post=696289"},{"taxonomy":"product_tag","embeddable":true,"href":"https:\/\/nbg.eu\/fr\/wp-json\/wp\/v2\/product_tag?post=696289"}],"curies":[{"name":"wp","href":"https:\/\/api.w.org\/{rel}","templated":true}]}}