{"id":696683,"date":"2025-12-22T15:43:37","date_gmt":"2025-12-22T12:43:37","guid":{"rendered":"https:\/\/nbg.eu\/product\/sac-dassaut-multicam\/"},"modified":"2026-04-15T14:20:25","modified_gmt":"2026-04-15T11:20:25","slug":"sac-dassaut-multicam","status":"publish","type":"product","link":"https:\/\/nbg.eu\/fr\/produit\/sac-dassaut-multicam\/","title":{"rendered":"Eberlestock Sac d&rsquo;Assaut Mission &#8211; Multicam"},"content":{"rendered":"<h2>Sac d&rsquo;assaut Mission &#8211; Multicam<\/h2>\n<p>Construit de z\u00e9ro pour \u00eatre parfaitement \u00e0 l&rsquo;aise dans la pile, le sac d&rsquo;assaut se combine avec le cadre Mission pour former un syst\u00e8me de portage compact et l\u00e9ger. Avec de nombreuses fonctionnalit\u00e9s d&rsquo;organisation, un ajustement s\u00e9curis\u00e9 et r\u00e9glable, et un acc\u00e8s rapide \u00e0 l&rsquo;int\u00e9rieur, le sac d&rsquo;assaut vous garde sur la cible. La possibilit\u00e9 d&rsquo;ajouter davantage d&rsquo;accessoires et de fonctionnalit\u00e9s via le syst\u00e8me Mission EMOD ne fait qu&rsquo;accro\u00eetre les capacit\u00e9s de ce sac.<\/p>\n<p>Pesant 1 lb 12 oz, le sac d&rsquo;assaut est construit avec des mat\u00e9riaux durables en 500D Ripstop et offre une g\u00e9n\u00e9reuse capacit\u00e9 de 2 000 pouces cubes pour accueillir votre \u00e9quipement essentiel.<\/p>\n","protected":false},"excerpt":{"rendered":"<p>Sac d&rsquo;assaut polyvalent et modulaire avec fonctionnalit\u00e9s organisationnelles et compatibilit\u00e9 EMOD.<\/p>\n","protected":false},"featured_media":696704,"template":"","meta":{"_acf_changed":false},"product_brand":[15151],"product_cat":[12137],"product_tag":[],"class_list":{"0":"post-696683","1":"product","2":"type-product","3":"status-publish","4":"has-post-thumbnail","6":"product_brand-eberlestock","7":"product_cat-sacs-a-dos","9":"first","10":"outofstock","11":"taxable","12":"shipping-taxable","13":"purchasable","14":"product-type-variable","15":"wvs-archive-product-wrapper"},"acf":[],"_links":{"self":[{"href":"https:\/\/nbg.eu\/fr\/wp-json\/wp\/v2\/product\/696683","targetHints":{"allow":["GET"]}}],"collection":[{"href":"https:\/\/nbg.eu\/fr\/wp-json\/wp\/v2\/product"}],"about":[{"href":"https:\/\/nbg.eu\/fr\/wp-json\/wp\/v2\/types\/product"}],"wp:featuredmedia":[{"embeddable":true,"href":"https:\/\/nbg.eu\/fr\/wp-json\/wp\/v2\/media\/696704"}],"wp:attachment":[{"href":"https:\/\/nbg.eu\/fr\/wp-json\/wp\/v2\/media?parent=696683"}],"wp:term":[{"taxonomy":"product_brand","embeddable":true,"href":"https:\/\/nbg.eu\/fr\/wp-json\/wp\/v2\/product_brand?post=696683"},{"taxonomy":"product_cat","embeddable":true,"href":"https:\/\/nbg.eu\/fr\/wp-json\/wp\/v2\/product_cat?post=696683"},{"taxonomy":"product_tag","embeddable":true,"href":"https:\/\/nbg.eu\/fr\/wp-json\/wp\/v2\/product_tag?post=696683"}],"curies":[{"name":"wp","href":"https:\/\/api.w.org\/{rel}","templated":true}]}}