{"id":696845,"date":"2025-12-22T15:47:55","date_gmt":"2025-12-22T12:47:55","guid":{"rendered":"https:\/\/nbg.eu\/product\/mission-arc-multicam\/"},"modified":"2026-04-15T14:20:21","modified_gmt":"2026-04-15T11:20:21","slug":"mission-arc-multicam","status":"publish","type":"product","link":"https:\/\/nbg.eu\/fr\/produit\/mission-arc-multicam\/","title":{"rendered":"Eberlestock Mission ARC &#8211; Multicam"},"content":{"rendered":"<h2>Mission ARC-Multicam : Porte-\u00e9quipement optimis\u00e9 pour l&rsquo;efficacit\u00e9 op\u00e9rationnelle<\/h2>\n<p>Le porte-fusil ajustable Mission (ARC) est une ressource fonctionnelle pour les professionnels qui doivent transporter des ressources suppl\u00e9mentaires sur le terrain. L&rsquo;ARC augmente la capacit\u00e9 op\u00e9rationnelle et est con\u00e7u pour \u00eatre associ\u00e9 au cadre Mission EMOD et \u00e0 l&rsquo;extension zipp\u00e9e Mission. En se fixant \u00e0 l&rsquo;arri\u00e8re du cadre Mission via les sangles MOLLE, l&rsquo;ARC sert de porte-\u00e9quipement pour les fusils de pr\u00e9cision, les plateformes de type AR et peut transporter d&rsquo;autres \u00e9quipements essentiels \u00e0 la mission.<\/p>\n<p>La r\u00e9ussite d&rsquo;une mission d\u00e9pend de la pr\u00e9cision du timing, de l&rsquo;exactitude et du d\u00e9ploiement efficace des ressources disponibles. L&rsquo;ARC a \u00e9t\u00e9 con\u00e7u pour r\u00e9pondre aux exigences des \u00e9quipements dans n&rsquo;importe quel environnement. Avec son tissu 500D, sa base ajustable, ses sangles MOLLE, ses sangles de retenue et sa base en Hypalon renforc\u00e9e, le Mission ARC-Multicam est con\u00e7u pour optimiser l&rsquo;organisation et l&rsquo;accessibilit\u00e9 de l&rsquo;\u00e9quipement sur le terrain.<\/p>\n<p>Dimensions : 15&Prime;H x 3&Prime;L<\/p>\n","protected":false},"excerpt":{"rendered":"<p>Le Mission ARC-Multicam est un support de fusil fonctionnel et r\u00e9glable qui se fixe sur le cadre Mission EMOD, permettant le transport de fusils de pr\u00e9cision, de plateformes de style AR et d&rsquo;\u00e9quipement essentiel pour la mission.<\/p>\n","protected":false},"featured_media":696879,"template":"","meta":{"_acf_changed":false},"product_brand":[15151],"product_cat":[12137],"product_tag":[],"class_list":{"0":"post-696845","1":"product","2":"type-product","3":"status-publish","4":"has-post-thumbnail","6":"product_brand-eberlestock","7":"product_cat-sacs-a-dos","9":"first","10":"instock","11":"taxable","12":"shipping-taxable","13":"purchasable","14":"product-type-variable","15":"wvs-archive-product-wrapper"},"acf":[],"_links":{"self":[{"href":"https:\/\/nbg.eu\/fr\/wp-json\/wp\/v2\/product\/696845","targetHints":{"allow":["GET"]}}],"collection":[{"href":"https:\/\/nbg.eu\/fr\/wp-json\/wp\/v2\/product"}],"about":[{"href":"https:\/\/nbg.eu\/fr\/wp-json\/wp\/v2\/types\/product"}],"wp:featuredmedia":[{"embeddable":true,"href":"https:\/\/nbg.eu\/fr\/wp-json\/wp\/v2\/media\/696879"}],"wp:attachment":[{"href":"https:\/\/nbg.eu\/fr\/wp-json\/wp\/v2\/media?parent=696845"}],"wp:term":[{"taxonomy":"product_brand","embeddable":true,"href":"https:\/\/nbg.eu\/fr\/wp-json\/wp\/v2\/product_brand?post=696845"},{"taxonomy":"product_cat","embeddable":true,"href":"https:\/\/nbg.eu\/fr\/wp-json\/wp\/v2\/product_cat?post=696845"},{"taxonomy":"product_tag","embeddable":true,"href":"https:\/\/nbg.eu\/fr\/wp-json\/wp\/v2\/product_tag?post=696845"}],"curies":[{"name":"wp","href":"https:\/\/api.w.org\/{rel}","templated":true}]}}