{"id":697084,"date":"2025-12-22T16:18:10","date_gmt":"2025-12-22T13:18:10","guid":{"rendered":"https:\/\/nbg.eu\/product\/mission-zipper-extension-multicam\/"},"modified":"2026-04-15T14:20:18","modified_gmt":"2026-04-15T11:20:18","slug":"mission-zipper-extension-multicam","status":"publish","type":"product","link":"https:\/\/nbg.eu\/fr\/produit\/mission-zipper-extension-multicam\/","title":{"rendered":"Eberlestock Extension de Fermeture \u00c9clair Mission EMOD &#8211; Multicam"},"content":{"rendered":"<h2>Extension de fermeture \u00e9clair Mission-Multicam<\/h2>\n<p>L&rsquo;extension de fermeture \u00e9clair Mission combine but et utilit\u00e9 pour l&rsquo;utilisateur. L&rsquo;extension de fermeture \u00e9clair se fixe sur l&rsquo;avant du cadre Mission EMOD et est con\u00e7ue pour \u00eatre utilis\u00e9e avec l&rsquo;ARC Mission et un sac \u00e0 dos Mission afin d&rsquo;augmenter votre capacit\u00e9 de charge et votre polyvalence. Le gr\u00e9ement MOLLE et la construction en lamin\u00e9 500D \u00e0 double \u00e9paisseur vous offrent les fonctionnalit\u00e9s n\u00e9cessaires pour une gestion efficace des c\u00e2bles, le routage des antennes et la fixation des garrot.<\/p>\n<h2>Dimensions<\/h2>\n<p>Dimensions : 38 cm x 7,6 cm<\/p>\n<h2>Caract\u00e9ristiques<\/h2>\n<ul>\n<li>Tissu 500D<\/li>\n<li>Fermetures \u00e9clair YKK<\/li>\n<li>Lamin\u00e9 double \u00e9paisseur<\/li>\n<\/ul>\n","protected":false},"excerpt":{"rendered":"<p>La rallonge \u00e0 fermeture \u00e9clair Mission Multicam augmente la capacit\u00e9 de charge avec le syst\u00e8me MOLLE et la construction en laminage 500D pour la gestion des c\u00e2bles et le routage des antennes.<\/p>\n","protected":false},"featured_media":697111,"template":"","meta":{"_acf_changed":false},"product_brand":[15151],"product_cat":[12137],"product_tag":[],"class_list":{"0":"post-697084","1":"product","2":"type-product","3":"status-publish","4":"has-post-thumbnail","6":"product_brand-eberlestock","7":"product_cat-sacs-a-dos","9":"first","10":"instock","11":"taxable","12":"shipping-taxable","13":"purchasable","14":"product-type-variable","15":"wvs-archive-product-wrapper"},"acf":[],"_links":{"self":[{"href":"https:\/\/nbg.eu\/fr\/wp-json\/wp\/v2\/product\/697084","targetHints":{"allow":["GET"]}}],"collection":[{"href":"https:\/\/nbg.eu\/fr\/wp-json\/wp\/v2\/product"}],"about":[{"href":"https:\/\/nbg.eu\/fr\/wp-json\/wp\/v2\/types\/product"}],"wp:featuredmedia":[{"embeddable":true,"href":"https:\/\/nbg.eu\/fr\/wp-json\/wp\/v2\/media\/697111"}],"wp:attachment":[{"href":"https:\/\/nbg.eu\/fr\/wp-json\/wp\/v2\/media?parent=697084"}],"wp:term":[{"taxonomy":"product_brand","embeddable":true,"href":"https:\/\/nbg.eu\/fr\/wp-json\/wp\/v2\/product_brand?post=697084"},{"taxonomy":"product_cat","embeddable":true,"href":"https:\/\/nbg.eu\/fr\/wp-json\/wp\/v2\/product_cat?post=697084"},{"taxonomy":"product_tag","embeddable":true,"href":"https:\/\/nbg.eu\/fr\/wp-json\/wp\/v2\/product_tag?post=697084"}],"curies":[{"name":"wp","href":"https:\/\/api.w.org\/{rel}","templated":true}]}}