{"id":697219,"date":"2025-12-22T16:34:07","date_gmt":"2025-12-22T13:34:07","guid":{"rendered":"https:\/\/nbg.eu\/product\/cadre-de-mission-emod-multicam\/"},"modified":"2026-04-15T14:20:14","modified_gmt":"2026-04-15T11:20:14","slug":"cadre-de-mission-emod-multicam","status":"publish","type":"product","link":"https:\/\/nbg.eu\/fr\/produit\/cadre-de-mission-emod-multicam\/","title":{"rendered":"Eberlestock Cadre Mission EMOD &#8211; Multicam"},"content":{"rendered":"<h2>Mission Frame- EMOD -Multicam<\/h2>\n<p>Le fondement de la Mission EMOD, le cadre de mission, fournit un point de d\u00e9part robuste, modulaire et compact pour votre nouvel \u00e9quipement. Avec de nombreuses heures pass\u00e9es \u00e0 tester et \u00e0 d\u00e9velopper aux c\u00f4t\u00e9s d&rsquo;op\u00e9rateurs des forces sp\u00e9ciales de chaque branche, ce cadre a \u00e9t\u00e9 con\u00e7u pour s&rsquo;adapter et fonctionner de mani\u00e8re transparente avec votre \u00e9quipement, que vous le portiez ou non.<\/p>\n<p>Dimensions : 2 LB 15 OZ<\/p>\n","protected":false},"excerpt":{"rendered":"<p>Le cadre de mission EMOD &#8211; Multicam : un point de d\u00e9part robuste, modulaire et compact pour votre \u00e9quipement, con\u00e7u pour les op\u00e9rateurs des forces sp\u00e9ciales.<\/p>\n","protected":false},"featured_media":697338,"template":"","meta":{"_acf_changed":false},"product_brand":[15151],"product_cat":[12137],"product_tag":[],"class_list":{"0":"post-697219","1":"product","2":"type-product","3":"status-publish","4":"has-post-thumbnail","6":"product_brand-eberlestock","7":"product_cat-sacs-a-dos","9":"first","10":"instock","11":"taxable","12":"shipping-taxable","13":"purchasable","14":"product-type-variable","15":"wvs-archive-product-wrapper"},"acf":[],"_links":{"self":[{"href":"https:\/\/nbg.eu\/fr\/wp-json\/wp\/v2\/product\/697219","targetHints":{"allow":["GET"]}}],"collection":[{"href":"https:\/\/nbg.eu\/fr\/wp-json\/wp\/v2\/product"}],"about":[{"href":"https:\/\/nbg.eu\/fr\/wp-json\/wp\/v2\/types\/product"}],"wp:featuredmedia":[{"embeddable":true,"href":"https:\/\/nbg.eu\/fr\/wp-json\/wp\/v2\/media\/697338"}],"wp:attachment":[{"href":"https:\/\/nbg.eu\/fr\/wp-json\/wp\/v2\/media?parent=697219"}],"wp:term":[{"taxonomy":"product_brand","embeddable":true,"href":"https:\/\/nbg.eu\/fr\/wp-json\/wp\/v2\/product_brand?post=697219"},{"taxonomy":"product_cat","embeddable":true,"href":"https:\/\/nbg.eu\/fr\/wp-json\/wp\/v2\/product_cat?post=697219"},{"taxonomy":"product_tag","embeddable":true,"href":"https:\/\/nbg.eu\/fr\/wp-json\/wp\/v2\/product_tag?post=697219"}],"curies":[{"name":"wp","href":"https:\/\/api.w.org\/{rel}","templated":true}]}}