{"id":697535,"date":"2025-12-22T17:34:47","date_gmt":"2025-12-22T14:34:47","guid":{"rendered":"https:\/\/nbg.eu\/product\/sac-de-tir-a-la-cadence-elevee\/"},"modified":"2026-04-15T14:20:07","modified_gmt":"2026-04-15T11:20:07","slug":"sac-de-tir-a-la-cadence-elevee","status":"publish","type":"product","link":"https:\/\/nbg.eu\/fr\/produit\/sac-de-tir-a-la-cadence-elevee\/","title":{"rendered":"Eberlestock Sac de Stand de Tir Bang-Bang"},"content":{"rendered":"<h2>Sac de stand Bang-Bang<\/h2>\n<p>Le Bang Bang\u2122 a \u00e9t\u00e9 d\u00e9velopp\u00e9 comme un sac de stand compact pour contenir tout votre \u00e9quipement essentiel et le prot\u00e9ger des \u00e9l\u00e9ments. La base en polycarbonate rend le sac imperm\u00e9able au sol humide, aux rochers, aux d\u00e9bris et \u00e0 la poussi\u00e8re du stand.<\/p>\n<p>Le compartiment principal dispose de s\u00e9parateurs rembourr\u00e9s configurables pour maintenir en s\u00e9curit\u00e9 et organiser les articles m\u00e9dicaux, les outils, le mat\u00e9riel photo et l&rsquo;\u00e9quipement de stand. Le compartiment inf\u00e9rieur est parfait pour les armes de poing, les outils ou m\u00eame un carbine compact.<\/p>\n<h2>Dimensions<\/h2>\n<p>Volume : 2062,5 c.i. \/ 33,80 L<br \/>\nPoids : 4 livres<br \/>\nDimensions : 10,25 H x 21 L x 10 P<br \/>\nSp\u00e9cifications du compartiment inf\u00e9rieur : 21,5 po L x 9,5 po L x 2 po P<\/p>\n<h2>Caract\u00e9ristiques<\/h2>\n<ul>\n<li>Coque inf\u00e9rieure en polycarbonate<\/li>\n<li>Compartiment principal rembourr\u00e9 configurable<\/li>\n<li>Harnais d&rsquo;\u00e9paule r\u00e9glable<\/li>\n<li>Diviseurs d&rsquo;organisation personnalisables<\/li>\n<li>Compartiment inf\u00e9rieur pour un stockage s\u00e9curis\u00e9<\/li>\n<\/ul>\n","protected":false},"excerpt":{"rendered":"<p>Le sac de tir Bang-Bang est un sac compact et robuste avec une base en polycarbonate et un int\u00e9rieur configurable pour prot\u00e9ger votre \u00e9quipement essentiel.<\/p>\n","protected":false},"featured_media":697559,"template":"","meta":{"_acf_changed":false},"product_brand":[15151],"product_cat":[12133],"product_tag":[],"class_list":{"0":"post-697535","1":"product","2":"type-product","3":"status-publish","4":"has-post-thumbnail","6":"product_brand-eberlestock","7":"product_cat-sacs-de-tir","9":"first","10":"instock","11":"taxable","12":"shipping-taxable","13":"purchasable","14":"product-type-variable","15":"wvs-archive-product-wrapper"},"acf":[],"_links":{"self":[{"href":"https:\/\/nbg.eu\/fr\/wp-json\/wp\/v2\/product\/697535","targetHints":{"allow":["GET"]}}],"collection":[{"href":"https:\/\/nbg.eu\/fr\/wp-json\/wp\/v2\/product"}],"about":[{"href":"https:\/\/nbg.eu\/fr\/wp-json\/wp\/v2\/types\/product"}],"wp:featuredmedia":[{"embeddable":true,"href":"https:\/\/nbg.eu\/fr\/wp-json\/wp\/v2\/media\/697559"}],"wp:attachment":[{"href":"https:\/\/nbg.eu\/fr\/wp-json\/wp\/v2\/media?parent=697535"}],"wp:term":[{"taxonomy":"product_brand","embeddable":true,"href":"https:\/\/nbg.eu\/fr\/wp-json\/wp\/v2\/product_brand?post=697535"},{"taxonomy":"product_cat","embeddable":true,"href":"https:\/\/nbg.eu\/fr\/wp-json\/wp\/v2\/product_cat?post=697535"},{"taxonomy":"product_tag","embeddable":true,"href":"https:\/\/nbg.eu\/fr\/wp-json\/wp\/v2\/product_tag?post=697535"}],"curies":[{"name":"wp","href":"https:\/\/api.w.org\/{rel}","templated":true}]}}