{"id":698003,"date":"2025-12-22T17:41:31","date_gmt":"2025-12-22T14:41:31","guid":{"rendered":"https:\/\/nbg.eu\/product\/paquet-upranger\/"},"modified":"2026-01-07T13:14:46","modified_gmt":"2026-01-07T10:14:46","slug":"paquet-upranger","status":"publish","type":"product","link":"https:\/\/nbg.eu\/fr\/produit\/paquet-upranger\/","title":{"rendered":"Paquet UpRanger"},"content":{"rendered":"<h2>UpRanger Pack : R\u00e9volutionnez votre transport d&rsquo;\u00e9quipement pour le tir \u00e0 3 canons et les activit\u00e9s de plein air<\/h2>\n<p>Inspir\u00e9 des besoins d&rsquo;un champion de tir \u00e0 3 canons, le sac UpRanger\u2122 change la donne. Con\u00e7u pour \u00eatre pos\u00e9 sur sa face ext\u00e9rieure en polycarbonate durable, le sac peut \u00eatre d\u00e9zipper du c\u00f4t\u00e9 du harnais pour un acc\u00e8s rapide \u00e0 votre \u00e9quipement sans usure ou salet\u00e9 inutiles. Que vous l&rsquo;utilisiez pour le stand de tir, comme sac photo robuste ou pour toute autre aventure en plein air, l&rsquo;UpRanger a la capacit\u00e9 et les fonctionnalit\u00e9s pour y faire face.<\/p>\n<p>Avec un volume spacieux de 3260 pouces cubes (53,4 L) et ne pesant que 6,45 livres, l&rsquo;UpRanger est un sac tr\u00e8s performant mais l\u00e9ger. Son harnais d&rsquo;\u00e9paule rembourr\u00e9 et r\u00e9glable assure un port confortable, tandis que les diviseurs configurables vous permettent de personnaliser la disposition int\u00e9rieure selon vos besoins sp\u00e9cifiques. Pour une protection suppl\u00e9mentaire, le sac est compatible avec notre grande housse de pluie r\u00e9versible pour garder votre \u00e9quipement au sec en cas de mauvais temps.<\/p>\n<p>Pour la configuration de tir \u00e0 3 canons ultime, associez l&rsquo;UpRanger \u00e0 nos \u00e9tuis de carabine Sidewinder pour une solution tout-en-un qui maintient vos armes \u00e0 feu s\u00e9curis\u00e9es et facilement accessibles. Les panneaux lat\u00e9raux amovibles offrent une polyvalence suppl\u00e9mentaire, vous permettant de configurer le sac selon vos exigences uniques.<\/p>\n<p>\u00c9levez votre gestion des \u00e9quipements de plein air avec le sac innovant UpRanger, con\u00e7u pour simplifier vos activit\u00e9s et garder votre \u00e9quipement essentiel organis\u00e9 et prot\u00e9g\u00e9.<\/p>\n","protected":false},"excerpt":{"rendered":"<p>Sac polyvalent 3 armes avec base en polycarbonate pour un acc\u00e8s rapide et sans salet\u00e9.<\/p>\n","protected":false},"featured_media":696433,"template":"","meta":{"_acf_changed":false},"product_brand":[15151],"product_cat":[12137],"product_tag":[],"class_list":{"0":"post-698003","1":"product","2":"type-product","3":"status-publish","4":"has-post-thumbnail","6":"product_brand-eberlestock","7":"product_cat-sacs-a-dos","9":"first","10":"instock","11":"taxable","12":"shipping-taxable","13":"purchasable","14":"product-type-variable","15":"wvs-archive-product-wrapper"},"acf":[],"_links":{"self":[{"href":"https:\/\/nbg.eu\/fr\/wp-json\/wp\/v2\/product\/698003","targetHints":{"allow":["GET"]}}],"collection":[{"href":"https:\/\/nbg.eu\/fr\/wp-json\/wp\/v2\/product"}],"about":[{"href":"https:\/\/nbg.eu\/fr\/wp-json\/wp\/v2\/types\/product"}],"wp:featuredmedia":[{"embeddable":true,"href":"https:\/\/nbg.eu\/fr\/wp-json\/wp\/v2\/media\/696433"}],"wp:attachment":[{"href":"https:\/\/nbg.eu\/fr\/wp-json\/wp\/v2\/media?parent=698003"}],"wp:term":[{"taxonomy":"product_brand","embeddable":true,"href":"https:\/\/nbg.eu\/fr\/wp-json\/wp\/v2\/product_brand?post=698003"},{"taxonomy":"product_cat","embeddable":true,"href":"https:\/\/nbg.eu\/fr\/wp-json\/wp\/v2\/product_cat?post=698003"},{"taxonomy":"product_tag","embeddable":true,"href":"https:\/\/nbg.eu\/fr\/wp-json\/wp\/v2\/product_tag?post=698003"}],"curies":[{"name":"wp","href":"https:\/\/api.w.org\/{rel}","templated":true}]}}