{"id":698305,"date":"2025-12-22T17:45:44","date_gmt":"2025-12-22T14:45:44","guid":{"rendered":"https:\/\/nbg.eu\/product\/tapis-de-tir-terre-funebre\/"},"modified":"2026-04-15T14:20:03","modified_gmt":"2026-04-15T11:20:03","slug":"tapis-de-tir-terre-funebre","status":"publish","type":"product","link":"https:\/\/nbg.eu\/fr\/produit\/tapis-de-tir-terre-funebre\/","title":{"rendered":"Eberlestock Tapis de Tir Dirt Nap"},"content":{"rendered":"<h2>Tapis de tir Dirt Nap : optimis\u00e9 pour le confort et la commodit\u00e9 du tir en position couch\u00e9e<\/h2>\n<p>Le tapis de tir Dirt Nap est con\u00e7u avec expertise et priorit\u00e9 pour la position de tir couch\u00e9e. Il am\u00e9liore vos sorties avec un confort et une praticit\u00e9 sup\u00e9rieurs, en faisant un ajout essentiel \u00e0 votre \u00e9quipement de jour de stand.<\/p>\n<p>Le Dirt Nap comporte des cellules rembourr\u00e9es individuellement qui cr\u00e9ent des plis naturels, permettant un pliage facile et un rangement compact. Avec un rembourrage complet dans la moiti\u00e9 sup\u00e9rieure et s&rsquo;\u00e9tendant jusqu&rsquo;au centre de la moiti\u00e9 inf\u00e9rieure, il procure un confort maximal exactement l\u00e0 o\u00f9 vous en avez le plus besoin.<\/p>\n<p>Mesurant 94&Prime;L x 34&Prime;l et se pliant en un format compact de 12&Prime; x 17&Prime;, le tapis de tir Dirt Nap ne p\u00e8se que 4 livres 13 onces. Sa construction en nylon 600D enduit de PVC, son dessous enduit de PVC et sa poign\u00e9e de transport en font un choix robuste et pratique pour tout tireur.<\/p>\n<p>Le rabat de rangement avec sangles de 20 mm et boucles garantit que votre Dirt Nap reste bien en place, tandis que les caract\u00e9ristiques de conception r\u00e9fl\u00e9chies en font une pi\u00e8ce d&rsquo;\u00e9quipement essentielle pour votre prochaine journ\u00e9e au stand de tir.<\/p>\n","protected":false},"excerpt":{"rendered":"<p>Le tapis de tir Dirt Nap &#8211; con\u00e7u avec expertise pour le tir couch\u00e9, offrant un confort et une praticit\u00e9 sup\u00e9rieurs.<\/p>\n","protected":false},"featured_media":698407,"template":"","meta":{"_acf_changed":false},"product_brand":[15151],"product_cat":[12201],"product_tag":[],"class_list":{"0":"post-698305","1":"product","2":"type-product","3":"status-publish","4":"has-post-thumbnail","6":"product_brand-eberlestock","7":"product_cat-equipement","9":"first","10":"instock","11":"taxable","12":"shipping-taxable","13":"purchasable","14":"product-type-variable","15":"wvs-archive-product-wrapper"},"acf":[],"_links":{"self":[{"href":"https:\/\/nbg.eu\/fr\/wp-json\/wp\/v2\/product\/698305","targetHints":{"allow":["GET"]}}],"collection":[{"href":"https:\/\/nbg.eu\/fr\/wp-json\/wp\/v2\/product"}],"about":[{"href":"https:\/\/nbg.eu\/fr\/wp-json\/wp\/v2\/types\/product"}],"wp:featuredmedia":[{"embeddable":true,"href":"https:\/\/nbg.eu\/fr\/wp-json\/wp\/v2\/media\/698407"}],"wp:attachment":[{"href":"https:\/\/nbg.eu\/fr\/wp-json\/wp\/v2\/media?parent=698305"}],"wp:term":[{"taxonomy":"product_brand","embeddable":true,"href":"https:\/\/nbg.eu\/fr\/wp-json\/wp\/v2\/product_brand?post=698305"},{"taxonomy":"product_cat","embeddable":true,"href":"https:\/\/nbg.eu\/fr\/wp-json\/wp\/v2\/product_cat?post=698305"},{"taxonomy":"product_tag","embeddable":true,"href":"https:\/\/nbg.eu\/fr\/wp-json\/wp\/v2\/product_tag?post=698305"}],"curies":[{"name":"wp","href":"https:\/\/api.w.org\/{rel}","templated":true}]}}