{"id":699118,"date":"2025-12-22T17:57:48","date_gmt":"2025-12-22T14:57:48","guid":{"rendered":"https:\/\/nbg.eu\/product\/le-pack-du-gunslinger-ii\/"},"modified":"2026-04-15T14:19:56","modified_gmt":"2026-04-15T11:19:56","slug":"le-pack-du-gunslinger-ii","status":"publish","type":"product","link":"https:\/\/nbg.eu\/fr\/produit\/le-pack-du-gunslinger-ii\/","title":{"rendered":"Eberlestock Sac \u00e0 Dos G2 Gunslinger II"},"content":{"rendered":"<h2>Gunslinger II\u2122 Sac tactique<\/h2>\n<p>Le Gunslinger II\u2122 est un sac tactique de taille moyenne avec un \u00e9tui \u00e0 toute la largeur pour mieux accueillir les armes \u00e0 plus grande section transversale ou avec des optiques encombrantes. Le large \u00e9tui permet \u00e9galement de l&rsquo;utiliser comme un excellent compartiment pour un ordinateur portable ou une radio militaire. M\u00eame avec l&rsquo;\u00e9tui repli\u00e9, il conviendra parfaitement \u00e0 la plupart des carabines \u00e0 canon court. Le Gunslinger II a une capacit\u00e9 de 2100 pouces cubes et est livr\u00e9 avec notre syst\u00e8me de cadre tubulaire Intex-II\u2122 sans \u00e9tag\u00e8re, un harnais d&rsquo;\u00e9paule enti\u00e8rement r\u00e9glable et une ceinture rembourr\u00e9e.<\/p>\n<h2>Dimensions<\/h2>\n<p>Volume du sac : 2 100 pouces cubes \/ 34,41 L<br \/>\nVolume de l&rsquo;\u00e9tui : 600 pouces cubes<br \/>\n-Volume total : 44 litres \/ 2 700 pouces cubes<br \/>\n-Poids : 6 livres et 8 onces<br \/>\n-Dimensions du sac principal : 22&Prime;h x 10&Prime;l x 8&Prime;p<br \/>\n-Dimensions de l&rsquo;\u00e9tui : 34&Prime;L x 10&Prime;l x 3&Prime;p, avec une ouverture d&rsquo;une circonf\u00e9rence de 26&Prime;. Le couvercle GSTC permet le transport ferm\u00e9 d&rsquo;armes jusqu&rsquo;\u00e0 60&Prime;.<br \/>\n-Poids r\u00e9el : 6,5 livres (avec GSTC).<\/p>\n<h2>Caract\u00e9ristiques<\/h2>\n<p>Poche sur le dessus<br \/>\n-Panneau de chargement<br \/>\n-Poches pour bouteilles d&rsquo;eau<br \/>\n-\u00c9tui int\u00e9gr\u00e9 pour carabine<br \/>\n-Sangles de compression Grapple<br \/>\n-Ouverture par cordon et fermeture \u00e9clair avant<br \/>\n-Cadre tubulaire Intex II<\/p>\n","protected":false},"excerpt":{"rendered":"<p>Le Gunslinger II\u2122 est un sac tactique de taille moyenne avec un fourreau sur toute la largeur pour mieux accueillir les armes \u00e0 sections plus importantes ou avec des optiques volumineuses.<\/p>\n","protected":false},"featured_media":699154,"template":"","meta":{"_acf_changed":false},"product_brand":[15151],"product_cat":[12137],"product_tag":[],"class_list":{"0":"post-699118","1":"product","2":"type-product","3":"status-publish","4":"has-post-thumbnail","6":"product_brand-eberlestock","7":"product_cat-sacs-a-dos","9":"first","10":"instock","11":"taxable","12":"shipping-taxable","13":"purchasable","14":"product-type-variable","15":"wvs-archive-product-wrapper"},"acf":[],"_links":{"self":[{"href":"https:\/\/nbg.eu\/fr\/wp-json\/wp\/v2\/product\/699118","targetHints":{"allow":["GET"]}}],"collection":[{"href":"https:\/\/nbg.eu\/fr\/wp-json\/wp\/v2\/product"}],"about":[{"href":"https:\/\/nbg.eu\/fr\/wp-json\/wp\/v2\/types\/product"}],"wp:featuredmedia":[{"embeddable":true,"href":"https:\/\/nbg.eu\/fr\/wp-json\/wp\/v2\/media\/699154"}],"wp:attachment":[{"href":"https:\/\/nbg.eu\/fr\/wp-json\/wp\/v2\/media?parent=699118"}],"wp:term":[{"taxonomy":"product_brand","embeddable":true,"href":"https:\/\/nbg.eu\/fr\/wp-json\/wp\/v2\/product_brand?post=699118"},{"taxonomy":"product_cat","embeddable":true,"href":"https:\/\/nbg.eu\/fr\/wp-json\/wp\/v2\/product_cat?post=699118"},{"taxonomy":"product_tag","embeddable":true,"href":"https:\/\/nbg.eu\/fr\/wp-json\/wp\/v2\/product_tag?post=699118"}],"curies":[{"name":"wp","href":"https:\/\/api.w.org\/{rel}","templated":true}]}}