{"id":699644,"date":"2025-12-22T18:02:07","date_gmt":"2025-12-22T15:02:07","guid":{"rendered":"https:\/\/nbg.eu\/product\/bache-de-pluie-bino\/"},"modified":"2026-04-15T14:19:52","modified_gmt":"2026-04-15T11:19:52","slug":"bache-de-pluie-bino","status":"publish","type":"product","link":"https:\/\/nbg.eu\/fr\/produit\/bache-de-pluie-bino\/","title":{"rendered":"Eberlestock Housse de Pluie Jumelles Recon"},"content":{"rendered":"<h2>Bino Rain Fly : Protection compacte et l\u00e9g\u00e8re pour vos optiques<\/h2>\n<p>Le Bino Rain Fly est une solution polyvalente et compacte pour garder vos jumelles s\u00e8ches et prot\u00e9g\u00e9es des \u00e9l\u00e9ments. Con\u00e7u pour s&rsquo;int\u00e9grer parfaitement au harnais pour jumelles Recon, ce pare-pluie offre une couverture fiable et pratique.<\/p>\n<p>Fabriqu\u00e9 \u00e0 partir de mat\u00e9riaux durables et l\u00e9gers, le Bino Rain Fly se range dans une housse incluse, le rendant facile \u00e0 transporter et \u00e0 utiliser au besoin. La sangle de 10 mm vous permet de fixer solidement le pare-pluie \u00e0 votre \u00e9quipement, assurant ainsi que vos jumelles restent prot\u00e9g\u00e9es de la pluie, de la neige et d&rsquo;autres conditions m\u00e9t\u00e9orologiques.<\/p>\n<p>Avec sa conception \u00e0 couverture int\u00e9grale, le Bino Rain Fly enveloppe compl\u00e8tement le harnais pour jumelles Recon, offrant une protection compl\u00e8te pour vos optiques. Concentrez-vous sur vos aventures en plein air sans vous soucier des \u00e9l\u00e9ments qui pourraient nuire \u00e0 votre exp\u00e9rience de visionnage.<\/p>\n<p>Que vous soyez un observateur d&rsquo;oiseaux, un chasseur ou un explorateur de la nature, le Bino Rain Fly est un accessoire indispensable pour garder vos jumelles s\u00e8ches et en parfait \u00e9tat. Compact, l\u00e9ger et facile \u00e0 utiliser, il est le compagnon id\u00e9al pour tout amateur d&rsquo;activit\u00e9s de plein air.<\/p>\n","protected":false},"excerpt":{"rendered":"<p>Abri de pluie compact et l\u00e9ger qui prot\u00e8ge votre harnais de jumelles Recon.<\/p>\n","protected":false},"featured_media":700017,"template":"","meta":{"_acf_changed":false},"product_brand":[15151],"product_cat":[15217],"product_tag":[],"class_list":{"0":"post-699644","1":"product","2":"type-product","3":"status-publish","4":"has-post-thumbnail","6":"product_brand-eberlestock","7":"product_cat-binocular-harnesses-fr","9":"first","10":"instock","11":"taxable","12":"shipping-taxable","13":"purchasable","14":"product-type-variable","15":"wvs-archive-product-wrapper"},"acf":[],"_links":{"self":[{"href":"https:\/\/nbg.eu\/fr\/wp-json\/wp\/v2\/product\/699644","targetHints":{"allow":["GET"]}}],"collection":[{"href":"https:\/\/nbg.eu\/fr\/wp-json\/wp\/v2\/product"}],"about":[{"href":"https:\/\/nbg.eu\/fr\/wp-json\/wp\/v2\/types\/product"}],"wp:featuredmedia":[{"embeddable":true,"href":"https:\/\/nbg.eu\/fr\/wp-json\/wp\/v2\/media\/700017"}],"wp:attachment":[{"href":"https:\/\/nbg.eu\/fr\/wp-json\/wp\/v2\/media?parent=699644"}],"wp:term":[{"taxonomy":"product_brand","embeddable":true,"href":"https:\/\/nbg.eu\/fr\/wp-json\/wp\/v2\/product_brand?post=699644"},{"taxonomy":"product_cat","embeddable":true,"href":"https:\/\/nbg.eu\/fr\/wp-json\/wp\/v2\/product_cat?post=699644"},{"taxonomy":"product_tag","embeddable":true,"href":"https:\/\/nbg.eu\/fr\/wp-json\/wp\/v2\/product_tag?post=699644"}],"curies":[{"name":"wp","href":"https:\/\/api.w.org\/{rel}","templated":true}]}}