{"id":700378,"date":"2025-12-22T18:10:47","date_gmt":"2025-12-22T15:10:47","guid":{"rendered":"https:\/\/nbg.eu\/product\/panneau-molle\/"},"modified":"2026-04-15T14:19:49","modified_gmt":"2026-04-15T11:19:49","slug":"panneau-molle","status":"publish","type":"product","link":"https:\/\/nbg.eu\/fr\/produit\/panneau-molle\/","title":{"rendered":"Eberlestock Panneau MOLLE Recon"},"content":{"rendered":"<h2>Panneau MOLLE Recon &#8211; Accessoire polyvalent pour votre harnais de jumelles<\/h2>\n<p>Le panneau MOLLE Recon est un ajout simple mais polyvalent \u00e0 votre configuration de harnais de jumelles. Il offre un moyen pratique d&rsquo;attacher diff\u00e9rentes pochettes, comme la pochette Recon Bearspray ou la pochette Recon Rangefinder, horizontalement en dessous de votre pochette de jumelles. Ce panneau sert \u00e9galement de plateforme s\u00e9curis\u00e9e pour les \u00e9tuis compatibles MOLLE, vous permettant de porter un pistolet en toute s\u00e9curit\u00e9 et confort sur votre harnais de jumelles.<\/p>\n<p>Mesurant 6 pouces de large et 3,25 pouces de haut, le panneau MOLLE Recon offre une conception compacte et \u00e9pur\u00e9e qui n&rsquo;ajoutera pas de volume inutile \u00e0 votre \u00e9quipement. Sa construction compatible MOLLE assure sa compatibilit\u00e9 avec une large gamme d&rsquo;accessoires, vous donnant la flexibilit\u00e9 de personnaliser votre configuration pour r\u00e9pondre \u00e0 vos besoins sp\u00e9cifiques.<\/p>\n","protected":false},"excerpt":{"rendered":"<p>Panneau MOLLE polyvalent pour l&rsquo;attache de pochettes et le transport d&rsquo;un pistolet sur un harnais pour jumelles.<\/p>\n","protected":false},"featured_media":700405,"template":"","meta":{"_acf_changed":false},"product_brand":[15151],"product_cat":[12191],"product_tag":[],"class_list":{"0":"post-700378","1":"product","2":"type-product","3":"status-publish","4":"has-post-thumbnail","6":"product_brand-eberlestock","7":"product_cat-pochettes","9":"first","10":"instock","11":"taxable","12":"shipping-taxable","13":"purchasable","14":"product-type-variable","15":"wvs-archive-product-wrapper"},"acf":[],"_links":{"self":[{"href":"https:\/\/nbg.eu\/fr\/wp-json\/wp\/v2\/product\/700378","targetHints":{"allow":["GET"]}}],"collection":[{"href":"https:\/\/nbg.eu\/fr\/wp-json\/wp\/v2\/product"}],"about":[{"href":"https:\/\/nbg.eu\/fr\/wp-json\/wp\/v2\/types\/product"}],"wp:featuredmedia":[{"embeddable":true,"href":"https:\/\/nbg.eu\/fr\/wp-json\/wp\/v2\/media\/700405"}],"wp:attachment":[{"href":"https:\/\/nbg.eu\/fr\/wp-json\/wp\/v2\/media?parent=700378"}],"wp:term":[{"taxonomy":"product_brand","embeddable":true,"href":"https:\/\/nbg.eu\/fr\/wp-json\/wp\/v2\/product_brand?post=700378"},{"taxonomy":"product_cat","embeddable":true,"href":"https:\/\/nbg.eu\/fr\/wp-json\/wp\/v2\/product_cat?post=700378"},{"taxonomy":"product_tag","embeddable":true,"href":"https:\/\/nbg.eu\/fr\/wp-json\/wp\/v2\/product_tag?post=700378"}],"curies":[{"name":"wp","href":"https:\/\/api.w.org\/{rel}","templated":true}]}}