{"id":700826,"date":"2025-12-22T18:16:35","date_gmt":"2025-12-22T15:16:35","guid":{"rendered":"https:\/\/nbg.eu\/product\/etui-de-telemetre\/"},"modified":"2026-04-15T14:19:45","modified_gmt":"2026-04-15T11:19:45","slug":"etui-de-telemetre","status":"publish","type":"product","link":"https:\/\/nbg.eu\/fr\/produit\/etui-de-telemetre\/","title":{"rendered":"Eberlestock Pochette T\u00e9l\u00e9m\u00e8tre Recon"},"content":{"rendered":"<h2>Pochette pour t\u00e9l\u00e9m\u00e8tre Recon : Prot\u00e9gez votre \u00e9quipement, am\u00e9liorez votre pr\u00e9cision<\/h2>\n<p>Sublimez vos aventures en plein air avec la pochette pour t\u00e9l\u00e9m\u00e8tre Recon, con\u00e7ue pour prot\u00e9ger votre \u00e9quipement de t\u00e9l\u00e9m\u00e9trie essentiel. Fabriqu\u00e9e avec un soin minutieux, cette pochette offre une protection et une commodit\u00e9 in\u00e9gal\u00e9es, garantissant que votre \u00e9quipement reste s\u00e9curis\u00e9 et facilement accessible.<\/p>\n<p>Avec son couvercle avant \u00e0 ouverture magn\u00e9tique, la pochette pour t\u00e9l\u00e9m\u00e8tre Recon garde la poussi\u00e8re et les d\u00e9bris \u00e0 l&rsquo;\u00e9cart, pr\u00e9servant l&rsquo;\u00e9tat impeccable de la vitre de votre t\u00e9l\u00e9m\u00e8tre. Une attache \u00e0 cordon \u00e9lastique vous permet de d\u00e9poser facilement votre appareil sans risquer de le casser ou de le perdre, laissant vos mains libres pour des t\u00e2ches plus urgentes.<\/p>\n<p>Avec ses dimensions compactes de 1,75 po de profondeur x 3,25 po de largeur x 5 po de hauteur, la pochette pour t\u00e9l\u00e9m\u00e8tre Recon s&rsquo;int\u00e8gre parfaitement \u00e0 votre \u00e9quipement de plein air, offrant une solution de rangement discr\u00e8te et \u00e9pur\u00e9e. Que vous soyez un chasseur passionn\u00e9, un randonneurs d\u00e9vou\u00e9 ou un tireur passionn\u00e9, cette pochette polyvalente est le compagnon id\u00e9al pour prot\u00e9ger votre pr\u00e9cieux \u00e9quipement de t\u00e9l\u00e9m\u00e9trie.<\/p>\n<p>Sublimez votre exp\u00e9rience en plein air avec la pochette pour t\u00e9l\u00e9m\u00e8tre Recon, l&rsquo;accessoire ultime pour l&rsquo;aventurier averti qui exige le meilleur en mati\u00e8re de protection et de commodit\u00e9 de l&rsquo;\u00e9quipement.<\/p>\n","protected":false},"excerpt":{"rendered":"<p>La sacoche pour t\u00e9l\u00e9m\u00e8tre Recon prot\u00e8ge votre appareil avec un couvercle magn\u00e9tique et une dragonne \u00e9lastique pour un transport s\u00fbr et pratique.<\/p>\n","protected":false},"featured_media":700850,"template":"","meta":{"_acf_changed":false},"product_brand":[15151],"product_cat":[12191],"product_tag":[],"class_list":{"0":"post-700826","1":"product","2":"type-product","3":"status-publish","4":"has-post-thumbnail","6":"product_brand-eberlestock","7":"product_cat-pochettes","9":"first","10":"instock","11":"taxable","12":"shipping-taxable","13":"purchasable","14":"product-type-variable","15":"wvs-archive-product-wrapper"},"acf":[],"_links":{"self":[{"href":"https:\/\/nbg.eu\/fr\/wp-json\/wp\/v2\/product\/700826","targetHints":{"allow":["GET"]}}],"collection":[{"href":"https:\/\/nbg.eu\/fr\/wp-json\/wp\/v2\/product"}],"about":[{"href":"https:\/\/nbg.eu\/fr\/wp-json\/wp\/v2\/types\/product"}],"wp:featuredmedia":[{"embeddable":true,"href":"https:\/\/nbg.eu\/fr\/wp-json\/wp\/v2\/media\/700850"}],"wp:attachment":[{"href":"https:\/\/nbg.eu\/fr\/wp-json\/wp\/v2\/media?parent=700826"}],"wp:term":[{"taxonomy":"product_brand","embeddable":true,"href":"https:\/\/nbg.eu\/fr\/wp-json\/wp\/v2\/product_brand?post=700826"},{"taxonomy":"product_cat","embeddable":true,"href":"https:\/\/nbg.eu\/fr\/wp-json\/wp\/v2\/product_cat?post=700826"},{"taxonomy":"product_tag","embeddable":true,"href":"https:\/\/nbg.eu\/fr\/wp-json\/wp\/v2\/product_tag?post=700826"}],"curies":[{"name":"wp","href":"https:\/\/api.w.org\/{rel}","templated":true}]}}