{"id":701126,"date":"2025-12-22T18:40:25","date_gmt":"2025-12-22T15:40:25","guid":{"rendered":"https:\/\/nbg.eu\/product\/quickcase\/"},"modified":"2026-04-15T14:19:42","modified_gmt":"2026-04-15T11:19:42","slug":"quickcase","status":"publish","type":"product","link":"https:\/\/nbg.eu\/fr\/produit\/quickcase\/","title":{"rendered":"Eberlestock \u00c9tui Recon Quickcase"},"content":{"rendered":"<h2>Quickcase: Votre compagnon de survie compact<\/h2>\n<p>Le Quickcase est un \u00e9tui zipp\u00e9 polyvalent con\u00e7u pour s&rsquo;attacher parfaitement au harnais modulaire Recon Modular Bino. Cet accessoire compact offre la solution id\u00e9ale pour ranger et s\u00e9curiser votre \u00e9quipement de survie essentiel, vous assurant d&rsquo;\u00eatre toujours pr\u00eat pour l&rsquo;inattendu.<\/p>\n<p>De taille id\u00e9ale, le Quickcase offre un espace ample pour un petit kit de survie, en faire un compagnon indispensable au cas o\u00f9 vous seriez s\u00e9par\u00e9 de votre sac principal. Sa construction durable et sa fermeture \u00e9clair s\u00e9curis\u00e9e permettent de garder vos articles essentiels en s\u00e9curit\u00e9 et \u00e0 port\u00e9e de main quand vous en avez besoin.<\/p>\n<p>Mais l&rsquo;utilit\u00e9 du Quickcase ne se limite pas \u00e0 la pr\u00e9paration aux situations de survie. Utilisez-le comme un \u00e9tui de rangement pratique pour les petits articles, les gardant organis\u00e9s et \u00e0 port\u00e9e de main pendant vos d\u00e9placements. Que vous randonniez, campiez ou pratiquiez toute activit\u00e9 en plein air, cet accessoire polyvalent deviendra une partie inestimable de votre \u00e9quipement.<\/p>\n<p>Con\u00e7u pour s&rsquo;int\u00e9grer parfaitement au harnais modulaire Recon Modular Bino, le Quickcase se fixe solidement au rabat \u00e0 boucle et \u00e0 boucle sur le c\u00f4t\u00e9 arri\u00e8re du harnais. Cette int\u00e9gration vous permet de garder vos articles essentiels \u00e0 port\u00e9e de main, lib\u00e9rant de l&rsquo;espace dans votre sac principal et vous assurant d&rsquo;avoir tout ce dont vous avez besoin \u00e0 port\u00e9e de main.<\/p>\n","protected":false},"excerpt":{"rendered":"<p>Un petit sac \u00e0 fermeture \u00e9clair qui se fixe au harnais modulaire Recon Bino pour ranger un kit de survie ou de petits articles.<\/p>\n","protected":false},"featured_media":701199,"template":"","meta":{"_acf_changed":false},"product_brand":[15151],"product_cat":[12191],"product_tag":[],"class_list":{"0":"post-701126","1":"product","2":"type-product","3":"status-publish","4":"has-post-thumbnail","6":"product_brand-eberlestock","7":"product_cat-pochettes","9":"first","10":"instock","11":"taxable","12":"shipping-taxable","13":"purchasable","14":"product-type-variable","15":"wvs-archive-product-wrapper"},"acf":[],"_links":{"self":[{"href":"https:\/\/nbg.eu\/fr\/wp-json\/wp\/v2\/product\/701126","targetHints":{"allow":["GET"]}}],"collection":[{"href":"https:\/\/nbg.eu\/fr\/wp-json\/wp\/v2\/product"}],"about":[{"href":"https:\/\/nbg.eu\/fr\/wp-json\/wp\/v2\/types\/product"}],"wp:featuredmedia":[{"embeddable":true,"href":"https:\/\/nbg.eu\/fr\/wp-json\/wp\/v2\/media\/701199"}],"wp:attachment":[{"href":"https:\/\/nbg.eu\/fr\/wp-json\/wp\/v2\/media?parent=701126"}],"wp:term":[{"taxonomy":"product_brand","embeddable":true,"href":"https:\/\/nbg.eu\/fr\/wp-json\/wp\/v2\/product_brand?post=701126"},{"taxonomy":"product_cat","embeddable":true,"href":"https:\/\/nbg.eu\/fr\/wp-json\/wp\/v2\/product_cat?post=701126"},{"taxonomy":"product_tag","embeddable":true,"href":"https:\/\/nbg.eu\/fr\/wp-json\/wp\/v2\/product_tag?post=701126"}],"curies":[{"name":"wp","href":"https:\/\/api.w.org\/{rel}","templated":true}]}}