{"id":701815,"date":"2025-12-23T11:39:12","date_gmt":"2025-12-23T08:39:12","guid":{"rendered":"https:\/\/nbg.eu\/product\/chauffe-mains\/"},"modified":"2026-04-15T14:19:38","modified_gmt":"2026-04-15T11:19:38","slug":"chauffe-mains","status":"publish","type":"product","link":"https:\/\/nbg.eu\/fr\/produit\/chauffe-mains\/","title":{"rendered":"Eberlestock Chauffe-mains Recon"},"content":{"rendered":"<h2>Recon Handwarmer : Chaleur sans effort pour les aventures en plein air<\/h2>\n<p>Garder vos mains au chaud sans compromettre la dext\u00e9rit\u00e9 n&rsquo;a jamais \u00e9t\u00e9 aussi facile avec le Recon Handwarmer. Cet accessoire innovant se fixe parfaitement au harnais modulaire Recon Bino, vous permettant de maintenir une position optimale des mains pour le confort, que vous soyez assis ou debout. Le Recon Handwarmer \u00e9limine le besoin de gants encombrants, vous permettant d&rsquo;effectuer des t\u00e2ches de motricit\u00e9 fine en toute simplicit\u00e9.<\/p>\n<p>Pour plus de commodit\u00e9, le Recon Handwarmer est dot\u00e9 d&rsquo;une poche zipp\u00e9e \u00e0 l&rsquo;avant o\u00f9 vous pouvez ranger des r\u00e9chauffe-mains \u00e0 activation d&rsquo;air suppl\u00e9mentaires. Cela vous permet d&rsquo;utiliser le r\u00e9chauffe-mains ind\u00e9pendamment du harnais modulaire Recon Bino, vous offrant une source de chaleur fiable quel que soit l&rsquo;activit\u00e9 ou l&rsquo;environnement. La ceinture incluse assure un ajustement s\u00e9curis\u00e9 et confortable, gardant vos mains dans la position id\u00e9ale pour une efficacit\u00e9 et un confort maximum.<\/p>\n<p>Que vous soyez en observation des oiseaux, \u00e0 la chasse ou simplement en train de profiter de la nature, le Recon Handwarmer est le compagnon id\u00e9al pour garder vos mains au chaud et vos doigts agiles. D\u00e9couvrez le summum du confort et de la commodit\u00e9 en plein air avec cet accessoire polyvalent et innovant.<\/p>\n","protected":false},"excerpt":{"rendered":"<p>R\u00e9chauffe-mains Recon permet de garder les mains au chaud sans gants, se fixe au harnais Recon.<\/p>\n","protected":false},"featured_media":701852,"template":"","meta":{"_acf_changed":false},"product_brand":[15151],"product_cat":[12201],"product_tag":[],"class_list":{"0":"post-701815","1":"product","2":"type-product","3":"status-publish","4":"has-post-thumbnail","6":"product_brand-eberlestock","7":"product_cat-equipement","9":"first","10":"instock","11":"taxable","12":"shipping-taxable","13":"purchasable","14":"product-type-variable","15":"wvs-archive-product-wrapper"},"acf":[],"_links":{"self":[{"href":"https:\/\/nbg.eu\/fr\/wp-json\/wp\/v2\/product\/701815","targetHints":{"allow":["GET"]}}],"collection":[{"href":"https:\/\/nbg.eu\/fr\/wp-json\/wp\/v2\/product"}],"about":[{"href":"https:\/\/nbg.eu\/fr\/wp-json\/wp\/v2\/types\/product"}],"wp:featuredmedia":[{"embeddable":true,"href":"https:\/\/nbg.eu\/fr\/wp-json\/wp\/v2\/media\/701852"}],"wp:attachment":[{"href":"https:\/\/nbg.eu\/fr\/wp-json\/wp\/v2\/media?parent=701815"}],"wp:term":[{"taxonomy":"product_brand","embeddable":true,"href":"https:\/\/nbg.eu\/fr\/wp-json\/wp\/v2\/product_brand?post=701815"},{"taxonomy":"product_cat","embeddable":true,"href":"https:\/\/nbg.eu\/fr\/wp-json\/wp\/v2\/product_cat?post=701815"},{"taxonomy":"product_tag","embeddable":true,"href":"https:\/\/nbg.eu\/fr\/wp-json\/wp\/v2\/product_tag?post=701815"}],"curies":[{"name":"wp","href":"https:\/\/api.w.org\/{rel}","templated":true}]}}