{"id":702145,"date":"2025-12-23T11:44:19","date_gmt":"2025-12-23T08:44:19","guid":{"rendered":"https:\/\/nbg.eu\/product\/sac-pour-jumelles-modulaire-bravo-grand\/"},"modified":"2026-04-15T14:19:35","modified_gmt":"2026-04-15T11:19:35","slug":"sac-pour-jumelles-modulaire-bravo-grand","status":"publish","type":"product","link":"https:\/\/nbg.eu\/fr\/produit\/sac-pour-jumelles-modulaire-bravo-grand\/","title":{"rendered":"Eberlestock Sac \u00e0 Dos Jumelles Bravo Modular, Large"},"content":{"rendered":"<h2>Bravo Modular Bino Pack-Large : un porte-optique adaptable pour vos aventures en plein air<\/h2>\n<p>Con\u00e7u avec la modularit\u00e9 comme priorit\u00e9, le BRAVO MODULAR BINO PACK est construit sur une plateforme de harnais de poitrine qui s&rsquo;adapte \u00e0 vos besoins avec une s\u00e9rie d&rsquo;accessoires suppl\u00e9mentaires. Il dispose d&rsquo;un acc\u00e8s magn\u00e9tique \u00e0 tirette avant pour le compartiment des jumelles, d&rsquo;une grande poche avant zipp\u00e9e et de poches lat\u00e9rales extensibles. Des sangles internes maintiennent vos jumelles en toute s\u00e9curit\u00e9, tandis que les ailes basse-profile compatibles MOLLE et le panneau arri\u00e8re vous permettent d&rsquo;attacher facilement des pochettes et des accessoires.<\/p>\n<p>Fabriqu\u00e9 avec du Nylon Ripstop 500D et des mat\u00e9riaux N140D durables, le Bravo Modular Bino Pack-Large offre des performances fiables en ext\u00e9rieur. Pesant seulement 14oz, ce sac polyvalent vous offre une solution de transport confortable et personnalisable pour vos optiques et vos articles essentiels.<\/p>\n<p>Avec ses dimensions int\u00e9rieures de 9&Prime;H x 5.5&Prime;L x 2.5&Prime;P et ses dimensions ext\u00e9rieures de 9.5&Prime;H x 6.25&Prime;L x 3.5&Prime;P, le Bravo Modular Bino Pack-Large offre un espace suffisant pour accueillir vos jumelles et autres articles essentiels. Le harnais d&rsquo;\u00e9paule r\u00e9glable \u00e0 traction avant et les ailes basse-profile compatibles MOLLE assurent un ajustement s\u00e9curis\u00e9 et personnalis\u00e9, vous permettant d&rsquo;adapter le sac \u00e0 vos besoins.<\/p>\n<p>Am\u00e9liorez votre exp\u00e9rience en plein air avec le Bravo Modular Bino Pack-Large, une solution polyvalente et adaptable pour le transport de vos jumelles et de vos articles essentiels. Explorez les accessoires disponibles pour personnaliser votre sac et maximiser sa fonctionnalit\u00e9, en en faisant le compagnon id\u00e9al pour votre prochaine aventure.<\/p>\n","protected":false},"excerpt":{"rendered":"<p>Pochette modulaire de poitrine avec \u00e9tui \u00e0 jumelles sans chargeur, poche avant, c\u00f4t\u00e9s extensibles.<\/p>\n","protected":false},"featured_media":702217,"template":"","meta":{"_acf_changed":false},"product_brand":[15151],"product_cat":[15217],"product_tag":[],"class_list":{"0":"post-702145","1":"product","2":"type-product","3":"status-publish","4":"has-post-thumbnail","6":"product_brand-eberlestock","7":"product_cat-binocular-harnesses-fr","9":"first","10":"instock","11":"taxable","12":"shipping-taxable","13":"purchasable","14":"product-type-variable","15":"wvs-archive-product-wrapper"},"acf":[],"_links":{"self":[{"href":"https:\/\/nbg.eu\/fr\/wp-json\/wp\/v2\/product\/702145","targetHints":{"allow":["GET"]}}],"collection":[{"href":"https:\/\/nbg.eu\/fr\/wp-json\/wp\/v2\/product"}],"about":[{"href":"https:\/\/nbg.eu\/fr\/wp-json\/wp\/v2\/types\/product"}],"wp:featuredmedia":[{"embeddable":true,"href":"https:\/\/nbg.eu\/fr\/wp-json\/wp\/v2\/media\/702217"}],"wp:attachment":[{"href":"https:\/\/nbg.eu\/fr\/wp-json\/wp\/v2\/media?parent=702145"}],"wp:term":[{"taxonomy":"product_brand","embeddable":true,"href":"https:\/\/nbg.eu\/fr\/wp-json\/wp\/v2\/product_brand?post=702145"},{"taxonomy":"product_cat","embeddable":true,"href":"https:\/\/nbg.eu\/fr\/wp-json\/wp\/v2\/product_cat?post=702145"},{"taxonomy":"product_tag","embeddable":true,"href":"https:\/\/nbg.eu\/fr\/wp-json\/wp\/v2\/product_tag?post=702145"}],"curies":[{"name":"wp","href":"https:\/\/api.w.org\/{rel}","templated":true}]}}