{"id":702961,"date":"2025-12-23T11:50:14","date_gmt":"2025-12-23T08:50:14","guid":{"rendered":"https:\/\/nbg.eu\/product\/petit-sac-a-dos-modulaire-bravo-pour-jumelles\/"},"modified":"2026-04-15T14:19:31","modified_gmt":"2026-04-15T11:19:31","slug":"petit-sac-a-dos-modulaire-bravo-pour-jumelles","status":"publish","type":"product","link":"https:\/\/nbg.eu\/fr\/produit\/petit-sac-a-dos-modulaire-bravo-pour-jumelles\/","title":{"rendered":"Eberlestock Sac \u00e0 Dos Jumelles Bravo Modular, Small"},"content":{"rendered":"<h2>Bravo Modular Bino Pack-Small : Stockage polyvalent et s\u00e9curis\u00e9 des jumelles<\/h2>\n<p>Con\u00e7u avec la modularit\u00e9 au premier plan, le BRAVO MODULAR BINO PACK est construit sur une plateforme de harnais de poitrine qui s&rsquo;adapte \u00e0 vos besoins avec une s\u00e9rie d&rsquo;accessoires en option. Il dispose d&rsquo;un acc\u00e8s avant magn\u00e9tique \u00e0 la poche des jumelles, d&rsquo;une grande poche frontale zipp\u00e9e et de poches lat\u00e9rales \u00e9lastiques. Des sangles de retenue internes maintiennent vos jumelles en toute s\u00e9curit\u00e9, tandis que les ailes basse profil compatibles MOLLE et le panneau arri\u00e8re vous permettent d&rsquo;attacher facilement des poches et des accessoires.<\/p>\n<p>Fabriqu\u00e9 en nylon Ripstop 500D et en tissus N140D durables, le Bravo Modular Bino Pack-Small offre une solution l\u00e9g\u00e8re et robuste pour les amateurs de plein air, les chasseurs et les op\u00e9rateurs tactiques.<\/p>\n<p>Les principales caract\u00e9ristiques incluent une fermeture sans aimant pour un acc\u00e8s rapide, la compatibilit\u00e9 avec huit accessoires disponibles, une grande poche avant zipp\u00e9e, des poches lat\u00e9rales \u00e9lastiques doubles, un harnais d&rsquo;\u00e9paule \u00e0 traction avant r\u00e9glable et des ailes basse profil compatibles MOLLE pour personnaliser votre configuration d&rsquo;\u00e9quipement. Que vous soyez observateur d&rsquo;oiseaux, randonneur ou engag\u00e9 dans des op\u00e9rations tactiques, le Bravo Modular Bino Pack-Small offre une solution polyvalente et s\u00e9curis\u00e9e pour vos besoins de stockage de jumelles.<\/p>\n","protected":false},"excerpt":{"rendered":"<p>Sac \u00e0 jumelles modulaire avec fermeture sans aimant, ailes compatibles MOLLE et harnais r\u00e9glable.<\/p>\n","protected":false},"featured_media":703026,"template":"","meta":{"_acf_changed":false},"product_brand":[15151],"product_cat":[15217],"product_tag":[],"class_list":{"0":"post-702961","1":"product","2":"type-product","3":"status-publish","4":"has-post-thumbnail","6":"product_brand-eberlestock","7":"product_cat-binocular-harnesses-fr","9":"first","10":"instock","11":"taxable","12":"shipping-taxable","13":"purchasable","14":"product-type-variable","15":"wvs-archive-product-wrapper"},"acf":[],"_links":{"self":[{"href":"https:\/\/nbg.eu\/fr\/wp-json\/wp\/v2\/product\/702961","targetHints":{"allow":["GET"]}}],"collection":[{"href":"https:\/\/nbg.eu\/fr\/wp-json\/wp\/v2\/product"}],"about":[{"href":"https:\/\/nbg.eu\/fr\/wp-json\/wp\/v2\/types\/product"}],"wp:featuredmedia":[{"embeddable":true,"href":"https:\/\/nbg.eu\/fr\/wp-json\/wp\/v2\/media\/703026"}],"wp:attachment":[{"href":"https:\/\/nbg.eu\/fr\/wp-json\/wp\/v2\/media?parent=702961"}],"wp:term":[{"taxonomy":"product_brand","embeddable":true,"href":"https:\/\/nbg.eu\/fr\/wp-json\/wp\/v2\/product_brand?post=702961"},{"taxonomy":"product_cat","embeddable":true,"href":"https:\/\/nbg.eu\/fr\/wp-json\/wp\/v2\/product_cat?post=702961"},{"taxonomy":"product_tag","embeddable":true,"href":"https:\/\/nbg.eu\/fr\/wp-json\/wp\/v2\/product_tag?post=702961"}],"curies":[{"name":"wp","href":"https:\/\/api.w.org\/{rel}","templated":true}]}}