{"id":704235,"date":"2025-12-23T12:08:03","date_gmt":"2025-12-23T09:08:03","guid":{"rendered":"https:\/\/nbg.eu\/product\/bande-de-bandits\/"},"modified":"2026-04-24T15:09:52","modified_gmt":"2026-04-24T12:09:52","slug":"bande-de-bandits","status":"publish","type":"product","link":"https:\/\/nbg.eu\/fr\/produit\/bande-de-bandits\/","title":{"rendered":"Eberlestock Bandit Sac \u00e0 Dos"},"content":{"rendered":"<h2>Sac Bandit &#8211; Le compagnon polyvalent pour des aventures de la journ\u00e9e<\/h2>\n<p>Le sac le plus polyvalent de notre gamme de produits quotidiens, le Bandit\u2122 est con\u00e7u pour les chasses et les randonn\u00e9es de la journ\u00e9e. Le panneau utilitaire ext\u00e9rieur est dot\u00e9 de sangles MOLLE d\u00e9coup\u00e9es au laser permettant la fixation d&rsquo;accessoires et de poches compatibles, et le transport d&rsquo;une veste ou de l&rsquo;\u00e9quipement pour un acc\u00e8s rapide. Les poches lat\u00e9rales extensibles peuvent contenir des bouteilles d&rsquo;eau et des objets plus longs comme un tr\u00e9pied, une lunette d&rsquo;observation ou des b\u00e2tons de randonn\u00e9e.<\/p>\n<p>Les sangles du panneau utilitaire permettront de fixer solidement l&rsquo;\u00e9quipement sur le c\u00f4t\u00e9 ou d&rsquo;aider \u00e0 comprimer un sac partiellement rempli. \u00c0 l&rsquo;int\u00e9rieur du couvercle sup\u00e9rieur, vous trouverez des rangements pour les petits articles, comme une poche zipp\u00e9e en maille et un compartiment pour les magazines.<\/p>\n<p>Compatible avec notre ceinture standard pour faciliter la r\u00e9partition du poids en cas de charges plus lourdes.<\/p>\n<h2>Dimensions<\/h2>\n<p>Volume : 835 c.i. \/ 13,68 L<br \/>\nPoids : 2,50 lbs<br \/>\nDimensions : 18,25H x 7L x 6,5P<\/p>\n<h2>Caract\u00e9ristiques<\/h2>\n<p>Panneau MOLLE d\u00e9coup\u00e9 au laser \u00e0 l&rsquo;avant pour fixer l&rsquo;\u00e9quipement ext\u00e9rieur<br \/>\nCouvercle organisationnel sup\u00e9rieur avec poche en maille pour les accessoires<br \/>\nHarnais d&rsquo;\u00e9paule r\u00e9glable<br \/>\nEmplacement pour une ceinture de hanches r\u00e9glable pour porter des charges plus lourdes<br \/>\nLe compartiment principal s&rsquo;ouvre du haut vers le bas pour un acc\u00e8s complet<br \/>\nClip int\u00e9rieur pour fixer les poches d&rsquo;hydratation Source\u00ae de 2 L ou 3 L<\/p>\n","protected":false},"excerpt":{"rendered":"<p>Le Bandit\u2122 est le sac le plus polyvalent de notre gamme d&rsquo;accessoires de tous les jours, con\u00e7u pour les chasses et randonn\u00e9es de la journ\u00e9e. Le panneau utilitaire ext\u00e9rieur est dot\u00e9 d&rsquo;un tissage MOLLE d\u00e9coup\u00e9 au laser permettant la fixation d&rsquo;accessoires et de pochettes compatibles, ainsi que le transport d&rsquo;une veste ou d&rsquo;\u00e9quipement pour un acc\u00e8s rapide. Les poches lat\u00e9rales extensibles peuvent contenir des bouteilles d&rsquo;eau et des objets plus longs comme un tr\u00e9pied, une lunette d&rsquo;observation ou des b\u00e2tons de randonn\u00e9e.<\/p>\n","protected":false},"featured_media":704254,"template":"","meta":{"_acf_changed":false},"product_brand":[15151],"product_cat":[12137],"product_tag":[],"class_list":{"0":"post-704235","1":"product","2":"type-product","3":"status-publish","4":"has-post-thumbnail","6":"product_brand-eberlestock","7":"product_cat-sacs-a-dos","9":"first","10":"instock","11":"taxable","12":"shipping-taxable","13":"purchasable","14":"product-type-variable","15":"wvs-archive-product-wrapper"},"acf":[],"_links":{"self":[{"href":"https:\/\/nbg.eu\/fr\/wp-json\/wp\/v2\/product\/704235","targetHints":{"allow":["GET"]}}],"collection":[{"href":"https:\/\/nbg.eu\/fr\/wp-json\/wp\/v2\/product"}],"about":[{"href":"https:\/\/nbg.eu\/fr\/wp-json\/wp\/v2\/types\/product"}],"wp:featuredmedia":[{"embeddable":true,"href":"https:\/\/nbg.eu\/fr\/wp-json\/wp\/v2\/media\/704254"}],"wp:attachment":[{"href":"https:\/\/nbg.eu\/fr\/wp-json\/wp\/v2\/media?parent=704235"}],"wp:term":[{"taxonomy":"product_brand","embeddable":true,"href":"https:\/\/nbg.eu\/fr\/wp-json\/wp\/v2\/product_brand?post=704235"},{"taxonomy":"product_cat","embeddable":true,"href":"https:\/\/nbg.eu\/fr\/wp-json\/wp\/v2\/product_cat?post=704235"},{"taxonomy":"product_tag","embeddable":true,"href":"https:\/\/nbg.eu\/fr\/wp-json\/wp\/v2\/product_tag?post=704235"}],"curies":[{"name":"wp","href":"https:\/\/api.w.org\/{rel}","templated":true}]}}