{"id":704614,"date":"2025-12-23T12:15:29","date_gmt":"2025-12-23T09:15:29","guid":{"rendered":"https:\/\/nbg.eu\/product\/paquet-switchblade\/"},"modified":"2026-04-15T14:19:21","modified_gmt":"2026-04-15T11:19:21","slug":"paquet-switchblade","status":"publish","type":"product","link":"https:\/\/nbg.eu\/fr\/produit\/paquet-switchblade\/","title":{"rendered":"Eberlestock Sac \u00e0 Dos Switchblade"},"content":{"rendered":"<h2>Sac Switchblade : Espace maximum et transport discret<\/h2>\n<p>Le sac Switchblade\u2122 est con\u00e7u pour avoir un faible profil tout en offrant un espace et une organisation maximum. Ouvrez la poche du couvercle sup\u00e9rieur pour acc\u00e9der \u00e0 deux porte-chargeurs et \u00e0 d&rsquo;autres petits \u00e9l\u00e9ments d&rsquo;organisation. \u00c0 l&rsquo;int\u00e9rieur, vous trouverez un s\u00e9parateur de documents parfait pour un iPad, un ordinateur portable ou m\u00eame un fusil \u00e0 canon court.<\/p>\n<p>L&rsquo;avant du sac comporte une grande poche pour un acc\u00e8s rapide \u00e0 vos articles importants. De chaque c\u00f4t\u00e9, il y a une paire de poches porte-gobelet avec cordon de serrage, ainsi qu&rsquo;une poche plate avec fermeture \u00e9clair sur le c\u00f4t\u00e9. Le sac dispose \u00e9galement d&rsquo;une poche de port d&rsquo;arme de poing dissimul\u00e9e, \u00e0 ouverture magn\u00e9tique et \u00e0 acc\u00e8s rapide, pour un transport discret.<\/p>\n<p>Avec un volume total de 1 785 pouces cubes (29,3 L) et ne pesant que 3,60 livres, le Switchblade\u2122 offre un espace g\u00e9n\u00e9reux et de la portabilit\u00e9. Les dimensions du sac principal sont de 20,5 H x 12 l x 8 P pouces, ce qui en fait un choix polyvalent pour une utilisation quotidienne ou des op\u00e9rations tactiques.<\/p>\n<p>Les principales caract\u00e9ristiques incluent des ouvertures magn\u00e9tiques \u00e0 terre-rare pour un acc\u00e8s rapide aux pochettes de port d&rsquo;arme de poing dissimul\u00e9es, un syst\u00e8me PALS \u00e0 boucles et \u00e0 velcro pour fixer des accessoires avec MOLLE ou du velcro, et des poches int\u00e9rieures pour une poche \u00e0 eau, des chargeurs et des organiseurs pour petits articles. Le harnais d\u00e9tachable et la compatibilit\u00e9 avec la ceinture ventrale ajoutent \u00e0 la personnalisation du sac.<\/p>\n<p>Le Switchblade\u2122 pr\u00e9sente \u00e9galement le nouveau syst\u00e8me de sangle MOLLE-10, qui offre une r\u00e9duction de poids de 60% par rapport \u00e0 la matrice MOLLE standard de 25 mm, ainsi qu&rsquo;un \u00e9tui de pistolet dissimul\u00e9 ambilat\u00e9ral adapt\u00e9 \u00e0 la plupart des armes \u00e0 feu, y compris les automatiques \u00e0 cadre complet. Pour une protection contre les intemp\u00e9ries, utilisez notre petite housse de pluie r\u00e9versible.<\/p>\n","protected":false},"excerpt":{"rendered":"<p>La Switchblade\u2122 conserve un profil discret, avec un maximum d&rsquo;espace et d&rsquo;organisation. Ouvrez la poche du couvercle sup\u00e9rieur et vous y trouverez deux porte-magazines et d&rsquo;autres petites fonctionnalit\u00e9s de rangement. \u00c0 l&rsquo;int\u00e9rieur, vous trouverez un s\u00e9parateur de documents pour un iPad, un ordinateur portable ou m\u00eame un fusil \u00e0 canon court. L&rsquo;avant du sac comporte une poche surdimensionn\u00e9e pour un acc\u00e8s rapide \u00e0 vos articles importants. De chaque c\u00f4t\u00e9 se trouve une paire de poches porte-gobelet \u00e0 cordon coulissant, ainsi qu&rsquo;une poche lat\u00e9rale plate avec fermeture \u00e9clair. Il comporte \u00e9galement une poche d&rsquo;acc\u00e8s rapide CCA cach\u00e9e, \u00e0 ouverture magn\u00e9tique.<\/p>\n","protected":false},"featured_media":704699,"template":"","meta":{"_acf_changed":false},"product_brand":[15151],"product_cat":[12137],"product_tag":[],"class_list":{"0":"post-704614","1":"product","2":"type-product","3":"status-publish","4":"has-post-thumbnail","6":"product_brand-eberlestock","7":"product_cat-sacs-a-dos","9":"first","10":"instock","11":"taxable","12":"shipping-taxable","13":"purchasable","14":"product-type-variable","15":"wvs-archive-product-wrapper"},"acf":[],"_links":{"self":[{"href":"https:\/\/nbg.eu\/fr\/wp-json\/wp\/v2\/product\/704614","targetHints":{"allow":["GET"]}}],"collection":[{"href":"https:\/\/nbg.eu\/fr\/wp-json\/wp\/v2\/product"}],"about":[{"href":"https:\/\/nbg.eu\/fr\/wp-json\/wp\/v2\/types\/product"}],"wp:featuredmedia":[{"embeddable":true,"href":"https:\/\/nbg.eu\/fr\/wp-json\/wp\/v2\/media\/704699"}],"wp:attachment":[{"href":"https:\/\/nbg.eu\/fr\/wp-json\/wp\/v2\/media?parent=704614"}],"wp:term":[{"taxonomy":"product_brand","embeddable":true,"href":"https:\/\/nbg.eu\/fr\/wp-json\/wp\/v2\/product_brand?post=704614"},{"taxonomy":"product_cat","embeddable":true,"href":"https:\/\/nbg.eu\/fr\/wp-json\/wp\/v2\/product_cat?post=704614"},{"taxonomy":"product_tag","embeddable":true,"href":"https:\/\/nbg.eu\/fr\/wp-json\/wp\/v2\/product_tag?post=704614"}],"curies":[{"name":"wp","href":"https:\/\/api.w.org\/{rel}","templated":true}]}}