{"id":720009,"date":"2024-08-17T16:59:32","date_gmt":"2024-08-17T13:59:32","guid":{"rendered":"https:\/\/nbg.eu\/product\/grips-kmr-l-modulaire-papier-de-verre-court-pour-orca-emiq-titan\/"},"modified":"2026-04-16T17:04:22","modified_gmt":"2026-04-16T14:04:22","slug":"grips-kmr-l-modulaire-papier-de-verre-court-pour-orca-emiq-titan","status":"publish","type":"product","link":"https:\/\/nbg.eu\/fr\/produit\/grips-kmr-l-modulaire-papier-de-verre-court-pour-orca-emiq-titan\/","title":{"rendered":"KMR Plaquettes L Modular Sandpaper Court pour Orca, EMIQ Titane"},"content":{"rendered":"<h2>Grips KMR L Modular Sandpaper Short Pour Orca, Emiq Titan<\/h2>\n<p>Am\u00e9liorez votre exp\u00e9rience de tir avec le Grips KMR L Modular Sandpaper Short pour Orca et Emiq Titan. Fabriqu\u00e9 en duralumin anodis\u00e9 premium, cette poign\u00e9e offre une durabilit\u00e9 exceptionnelle et une esth\u00e9tique \u00e9l\u00e9gante et moderne. Con\u00e7u pour \u00eatre utilis\u00e9 avec un guide de chargeur, la longueur courte procure un meilleur contr\u00f4le et une maniabilit\u00e9 accrue, en faire le choix id\u00e9al pour une large gamme d&rsquo;applications de tir.<\/p>\n<p>La conception modulaire permet une personnalisation facile, vous permettant d&rsquo;adapter la poign\u00e9e \u00e0 vos besoins sp\u00e9cifiques. Avec une texture similaire au papier de verre, cette poign\u00e9e assure une prise ferme et s\u00fbre, garantissant une stabilit\u00e9 et un contr\u00f4le optimaux lors de vos s\u00e9ances de tir. Les vis Torx incluses facilitent l&rsquo;installation, vous permettant d&rsquo;int\u00e9grer parfaitement la poign\u00e9e \u00e0 votre plateforme Orca ou Emiq Titan.<\/p>\n<p>Am\u00e9liorez votre exp\u00e9rience de tir avec le Grips KMR L Modular Sandpaper Short. Fabriqu\u00e9 avec pr\u00e9cision et attention aux d\u00e9tails, cette poign\u00e9e est un accessoire indispensable pour tout tireur chevronn\u00e9. Mettez \u00e0 niveau votre configuration aujourd&rsquo;hui et d\u00e9couvrez la diff\u00e9rence que peut apporter une qualit\u00e9 et une conception sup\u00e9rieures.<\/p>\n","protected":false},"excerpt":{"rendered":"<p>Poign\u00e9es KMR L Modular Papier de verre Court Pour Orca, Emiq Titan. Duralumin anodis\u00e9, avec guide de chargeur, vis Torx, logo KMR.<\/p>\n","protected":false},"featured_media":720021,"template":"","meta":{"_acf_changed":false},"product_brand":[11499],"product_cat":[12143,14867],"product_tag":[],"class_list":{"0":"post-720009","1":"product","2":"type-product","3":"status-publish","4":"has-post-thumbnail","6":"product_brand-kmr-precision","7":"product_cat-pieces-kmr","8":"product_cat-pistol-grips-fr","10":"first","11":"instock","12":"taxable","13":"shipping-taxable","14":"product-type-simple"},"acf":[],"_links":{"self":[{"href":"https:\/\/nbg.eu\/fr\/wp-json\/wp\/v2\/product\/720009","targetHints":{"allow":["GET"]}}],"collection":[{"href":"https:\/\/nbg.eu\/fr\/wp-json\/wp\/v2\/product"}],"about":[{"href":"https:\/\/nbg.eu\/fr\/wp-json\/wp\/v2\/types\/product"}],"wp:featuredmedia":[{"embeddable":true,"href":"https:\/\/nbg.eu\/fr\/wp-json\/wp\/v2\/media\/720021"}],"wp:attachment":[{"href":"https:\/\/nbg.eu\/fr\/wp-json\/wp\/v2\/media?parent=720009"}],"wp:term":[{"taxonomy":"product_brand","embeddable":true,"href":"https:\/\/nbg.eu\/fr\/wp-json\/wp\/v2\/product_brand?post=720009"},{"taxonomy":"product_cat","embeddable":true,"href":"https:\/\/nbg.eu\/fr\/wp-json\/wp\/v2\/product_cat?post=720009"},{"taxonomy":"product_tag","embeddable":true,"href":"https:\/\/nbg.eu\/fr\/wp-json\/wp\/v2\/product_tag?post=720009"}],"curies":[{"name":"wp","href":"https:\/\/api.w.org\/{rel}","templated":true}]}}