{"id":720861,"date":"2024-08-18T12:16:47","date_gmt":"2024-08-18T09:16:47","guid":{"rendered":"https:\/\/nbg.eu\/product\/percuteur-kmr-l\/"},"modified":"2026-05-13T16:02:00","modified_gmt":"2026-05-13T13:02:00","slug":"percuteur-kmr-l","status":"publish","type":"product","link":"https:\/\/nbg.eu\/fr\/produit\/percuteur-kmr-l\/","title":{"rendered":"KMR Percuteur L"},"content":{"rendered":"<h2>Firing Pin KMR L : Le choix fiable pour le tir de pr\u00e9cision<\/h2>\n<p>Voici le Firing Pin KMR L, un composant de premier plan con\u00e7u pour les tireurs s\u00e9rieux. Fabriqu\u00e9 avec pr\u00e9cision et attention aux d\u00e9tails, ce percuteur est disponible dans une vari\u00e9t\u00e9 de mod\u00e8les pour r\u00e9pondre \u00e0 vos besoins sp\u00e9cifiques.<\/p>\n<p>Con\u00e7u pour la durabilit\u00e9, le Firing Pin KMR L pr\u00e9sente une construction robuste capable de r\u00e9sister aux exigences d&rsquo;une utilisation fr\u00e9quente. Son int\u00e9gration sans faille assure une d\u00e9tente lisse et fiable, vous permettant de tirer des coups pr\u00e9cis avec confiance. Con\u00e7u pour fonctionner en harmonie avec votre arme \u00e0 feu, ce percuteur est la mise \u00e0 niveau id\u00e9ale pour ceux qui cherchent \u00e0 am\u00e9liorer leur exp\u00e9rience de tir.<\/p>\n<p>Mettez \u00e0 niveau votre arme \u00e0 feu d\u00e8s aujourd&rsquo;hui et portez votre tir \u00e0 de nouveaux sommets.<\/p>\n","protected":false},"excerpt":{"rendered":"<p>Percuteur KMR L : Percuteur polyvalent pour les armes \u00e0 feu de la s\u00e9rie KMR L.<\/p>\n","protected":false},"featured_media":30318,"template":"","meta":{"_acf_changed":false},"product_brand":[11499],"product_cat":[14766,12143],"product_tag":[],"class_list":{"0":"post-720861","1":"product","2":"type-product","3":"status-publish","4":"has-post-thumbnail","6":"product_brand-kmr-precision","7":"product_cat-percuteurs","8":"product_cat-pieces-kmr","10":"first","11":"outofstock","12":"taxable","13":"shipping-taxable","14":"product-type-simple"},"acf":[],"_links":{"self":[{"href":"https:\/\/nbg.eu\/fr\/wp-json\/wp\/v2\/product\/720861","targetHints":{"allow":["GET"]}}],"collection":[{"href":"https:\/\/nbg.eu\/fr\/wp-json\/wp\/v2\/product"}],"about":[{"href":"https:\/\/nbg.eu\/fr\/wp-json\/wp\/v2\/types\/product"}],"wp:featuredmedia":[{"embeddable":true,"href":"https:\/\/nbg.eu\/fr\/wp-json\/wp\/v2\/media\/30318"}],"wp:attachment":[{"href":"https:\/\/nbg.eu\/fr\/wp-json\/wp\/v2\/media?parent=720861"}],"wp:term":[{"taxonomy":"product_brand","embeddable":true,"href":"https:\/\/nbg.eu\/fr\/wp-json\/wp\/v2\/product_brand?post=720861"},{"taxonomy":"product_cat","embeddable":true,"href":"https:\/\/nbg.eu\/fr\/wp-json\/wp\/v2\/product_cat?post=720861"},{"taxonomy":"product_tag","embeddable":true,"href":"https:\/\/nbg.eu\/fr\/wp-json\/wp\/v2\/product_tag?post=720861"}],"curies":[{"name":"wp","href":"https:\/\/api.w.org\/{rel}","templated":true}]}}