{"id":721242,"date":"2024-08-18T11:07:42","date_gmt":"2024-08-18T08:07:42","guid":{"rendered":"https:\/\/nbg.eu\/product\/vis-de-prise-m35-torx-kmr\/"},"modified":"2026-04-16T17:03:28","modified_gmt":"2026-04-16T14:03:28","slug":"vis-de-prise-m35-torx-kmr","status":"publish","type":"product","link":"https:\/\/nbg.eu\/fr\/produit\/vis-de-prise-m35-torx-kmr\/","title":{"rendered":"KMR Vis de Plaquette M3.5 Torx"},"content":{"rendered":"<h2>Vis de Serrage M3,5 Torx KMR<\/h2>\n<p>Construit avec pr\u00e9cision et attention aux d\u00e9tails, cette vis de serrage assure une prise solide et fiable, am\u00e9liorant les performances et la fonctionnalit\u00e9 globales de votre Weapons KMR. Dot\u00e9 d&rsquo;un design Torx, il fournit une connexion s\u00e9curis\u00e9e et constante, emp\u00eachant tout desserrage ou d\u00e9placement ind\u00e9sirable pendant l&rsquo;utilisation.<\/p>\n<p>Que vous soyez un tireur d&rsquo;\u00e9lite chevronn\u00e9 ou un passionn\u00e9 de tactique, c&rsquo;est un accessoire indispensable pour maintenir l&rsquo;int\u00e9grit\u00e9 et la fiabilit\u00e9 de votre Weapons KMR. Rehaussez votre exp\u00e9rience de tir avec ce composant essentiel, con\u00e7u pour s&rsquo;int\u00e9grer parfaitement \u00e0 votre mod\u00e8le KMR pr\u00e9f\u00e9r\u00e9.<\/p>\n<\/p>\n<p>Pour Weapons KMR :<\/p>\n<\/p>\n<p>KMR L-02 EMIQ<\/p>\n<\/p>\n<p>KMR L-02 EMIQ (OU)<\/p>\n<\/p>\n<p>KMR L-02 ORCA \u00c0 PARTIR DE 2024<\/p>\n<\/p>\n<p>KMR L-02 ORCA JUSQU&rsquo;EN 2023<\/p>\n<\/p>\n<p>KMR L-02 SPECTRA \u00c0 PARTIR DE 2024<\/p>\n<\/p>\n<p>KMR L-02 SPECTRA JUSQU&rsquo;EN 2023<\/p>\n<\/p>\n<p>KMR L-02 UMBRA (OU) SR<\/p>\n<\/p>\n<p>KMR S-01 LANCE (OU)<\/p>\n<\/p>\n<p>KMR S-02 \u00c0 PARTIR DE 2024<\/p>\n<\/p>\n<p>KMR S-02 JUSQU&rsquo;EN 2023<\/p>\n<\/p>\n<p>KMR W-02 CUDA (OU)<\/p>\n<\/p>\n<p>KMR W-02 UMBRA<\/p>\n<\/p>\n<p>KMR W-02 UMBRA (OU)<\/p>\n","protected":false},"excerpt":{"rendered":"<p>Vis de fixation M3,5 Torx KMR pour mod\u00e8les KMR d&rsquo;armes compatibles.<\/p>\n","protected":false},"featured_media":25288,"template":"","meta":{"_acf_changed":false},"product_brand":[11499],"product_cat":[12143,14867],"product_tag":[],"class_list":{"0":"post-721242","1":"product","2":"type-product","3":"status-publish","4":"has-post-thumbnail","6":"product_brand-kmr-precision","7":"product_cat-pieces-kmr","8":"product_cat-pistol-grips-fr","10":"first","11":"instock","12":"taxable","13":"shipping-taxable","14":"product-type-simple"},"acf":[],"_links":{"self":[{"href":"https:\/\/nbg.eu\/fr\/wp-json\/wp\/v2\/product\/721242","targetHints":{"allow":["GET"]}}],"collection":[{"href":"https:\/\/nbg.eu\/fr\/wp-json\/wp\/v2\/product"}],"about":[{"href":"https:\/\/nbg.eu\/fr\/wp-json\/wp\/v2\/types\/product"}],"wp:featuredmedia":[{"embeddable":true,"href":"https:\/\/nbg.eu\/fr\/wp-json\/wp\/v2\/media\/25288"}],"wp:attachment":[{"href":"https:\/\/nbg.eu\/fr\/wp-json\/wp\/v2\/media?parent=721242"}],"wp:term":[{"taxonomy":"product_brand","embeddable":true,"href":"https:\/\/nbg.eu\/fr\/wp-json\/wp\/v2\/product_brand?post=721242"},{"taxonomy":"product_cat","embeddable":true,"href":"https:\/\/nbg.eu\/fr\/wp-json\/wp\/v2\/product_cat?post=721242"},{"taxonomy":"product_tag","embeddable":true,"href":"https:\/\/nbg.eu\/fr\/wp-json\/wp\/v2\/product_tag?post=721242"}],"curies":[{"name":"wp","href":"https:\/\/api.w.org\/{rel}","templated":true}]}}