{"id":721297,"date":"2026-01-19T18:48:08","date_gmt":"2026-01-19T15:48:08","guid":{"rendered":"https:\/\/nbg.eu\/product\/rh-crocy-gizmo-adaptateur\/"},"modified":"2026-02-27T16:25:31","modified_gmt":"2026-02-27T13:25:31","slug":"rh-crocy-gizmo-adaptateur","status":"publish","type":"product","link":"https:\/\/nbg.eu\/fr\/produit\/rh-crocy-gizmo-adaptateur\/","title":{"rendered":"RH Crocy Gizmo adaptateur"},"content":{"rendered":"<h2>RH Crocy Gizmo adaptateur<\/h2>\n<p>Le Crocy Gizmo est une pi\u00e8ce de connexion con\u00e7ue pour le syst\u00e8me d&rsquo;\u00e9tuis RH Crocy AIWB. Il permet de fixer un porte-chargeur directement \u00e0 l&rsquo;\u00e9tui pour une configuration de port appendice compl\u00e8te.<\/p>\n<h3>Caract\u00e9ristiques principales :<\/h3>\n<ul>\n<li>Relie le porte-chargeur Crocy \u00e0 l&rsquo;\u00e9tui Crocy AIWB<\/li>\n<li>Construction en Kydex pour la durabilit\u00e9<\/li>\n<li>Permet une configuration AIWB modulaire<\/li>\n<li>L\u00e9ger et profil bas<\/li>\n<\/ul>\n","protected":false},"excerpt":{"rendered":"<p>RH Crocy Gizmo : Pi\u00e8ce de connexion pour fixer un porte-chargeur \u00e0 l&rsquo;\u00e9tui Crocy AIWB.<\/p>\n","protected":false},"featured_media":721298,"template":"","meta":{"_acf_changed":false},"product_brand":[11635],"product_cat":[12174],"product_tag":[],"class_list":{"0":"post-721297","1":"product","2":"type-product","3":"status-publish","4":"has-post-thumbnail","6":"product_brand-rh-holsters","7":"product_cat-accessoires-detui","9":"first","10":"instock","11":"taxable","12":"shipping-taxable","13":"purchasable","14":"product-type-simple"},"acf":[],"_links":{"self":[{"href":"https:\/\/nbg.eu\/fr\/wp-json\/wp\/v2\/product\/721297","targetHints":{"allow":["GET"]}}],"collection":[{"href":"https:\/\/nbg.eu\/fr\/wp-json\/wp\/v2\/product"}],"about":[{"href":"https:\/\/nbg.eu\/fr\/wp-json\/wp\/v2\/types\/product"}],"wp:featuredmedia":[{"embeddable":true,"href":"https:\/\/nbg.eu\/fr\/wp-json\/wp\/v2\/media\/721298"}],"wp:attachment":[{"href":"https:\/\/nbg.eu\/fr\/wp-json\/wp\/v2\/media?parent=721297"}],"wp:term":[{"taxonomy":"product_brand","embeddable":true,"href":"https:\/\/nbg.eu\/fr\/wp-json\/wp\/v2\/product_brand?post=721297"},{"taxonomy":"product_cat","embeddable":true,"href":"https:\/\/nbg.eu\/fr\/wp-json\/wp\/v2\/product_cat?post=721297"},{"taxonomy":"product_tag","embeddable":true,"href":"https:\/\/nbg.eu\/fr\/wp-json\/wp\/v2\/product_tag?post=721297"}],"curies":[{"name":"wp","href":"https:\/\/api.w.org\/{rel}","templated":true}]}}