{"id":721343,"date":"2026-01-19T18:48:05","date_gmt":"2026-01-19T15:48:05","guid":{"rendered":"https:\/\/nbg.eu\/product\/rh-crocy-crochet-supplementaire\/"},"modified":"2026-02-27T16:26:27","modified_gmt":"2026-02-27T13:26:27","slug":"rh-crocy-crochet-supplementaire","status":"publish","type":"product","link":"https:\/\/nbg.eu\/fr\/produit\/rh-crocy-crochet-supplementaire\/","title":{"rendered":"RH Crocy crochet suppl\u00e9mentaire"},"content":{"rendered":"<h2>RH Crocy crochet suppl\u00e9mentaire<\/h2>\n<p>Le crochet suppl\u00e9mentaire RH Crocy fournit une fixation suppl\u00e9mentaire \u00e0 la ceinture pour le syst\u00e8me d&rsquo;\u00e9tuis Crocy AIWB, am\u00e9liorant la stabilit\u00e9 et la r\u00e9partition du poids lors du port en appendice.<\/p>\n<h3>Caract\u00e9ristiques principales :<\/h3>\n<ul>\n<li>Construction en acier pour la durabilit\u00e9<\/li>\n<li>Compatible avec ceinture de 40 mm<\/li>\n<li>Ajoute un deuxi\u00e8me point de fixation au syst\u00e8me Crocy<\/li>\n<li>Am\u00e9liore la stabilit\u00e9 de l&rsquo;\u00e9tui et r\u00e9duit les mouvements<\/li>\n<li>Installation facile sur l&rsquo;\u00e9tui Crocy<\/li>\n<\/ul>\n","protected":false},"excerpt":{"rendered":"<p>RH Crocy crochet suppl\u00e9mentaire : Crochet en acier pour une stabilit\u00e9 accrue du syst\u00e8me Crocy AIWB.<\/p>\n","protected":false},"featured_media":721344,"template":"","meta":{"_acf_changed":false},"product_brand":[11635],"product_cat":[12174],"product_tag":[],"class_list":{"0":"post-721343","1":"product","2":"type-product","3":"status-publish","4":"has-post-thumbnail","6":"product_brand-rh-holsters","7":"product_cat-accessoires-detui","9":"first","10":"instock","11":"taxable","12":"shipping-taxable","13":"purchasable","14":"product-type-simple"},"acf":[],"_links":{"self":[{"href":"https:\/\/nbg.eu\/fr\/wp-json\/wp\/v2\/product\/721343","targetHints":{"allow":["GET"]}}],"collection":[{"href":"https:\/\/nbg.eu\/fr\/wp-json\/wp\/v2\/product"}],"about":[{"href":"https:\/\/nbg.eu\/fr\/wp-json\/wp\/v2\/types\/product"}],"wp:featuredmedia":[{"embeddable":true,"href":"https:\/\/nbg.eu\/fr\/wp-json\/wp\/v2\/media\/721344"}],"wp:attachment":[{"href":"https:\/\/nbg.eu\/fr\/wp-json\/wp\/v2\/media?parent=721343"}],"wp:term":[{"taxonomy":"product_brand","embeddable":true,"href":"https:\/\/nbg.eu\/fr\/wp-json\/wp\/v2\/product_brand?post=721343"},{"taxonomy":"product_cat","embeddable":true,"href":"https:\/\/nbg.eu\/fr\/wp-json\/wp\/v2\/product_cat?post=721343"},{"taxonomy":"product_tag","embeddable":true,"href":"https:\/\/nbg.eu\/fr\/wp-json\/wp\/v2\/product_tag?post=721343"}],"curies":[{"name":"wp","href":"https:\/\/api.w.org\/{rel}","templated":true}]}}