{"id":721393,"date":"2026-01-19T18:48:06","date_gmt":"2026-01-19T15:48:06","guid":{"rendered":"https:\/\/nbg.eu\/product\/rh-crocy-porte-chargeur\/"},"modified":"2026-02-27T16:44:23","modified_gmt":"2026-02-27T13:44:23","slug":"rh-crocy-porte-chargeur","status":"publish","type":"product","link":"https:\/\/nbg.eu\/fr\/produit\/rh-crocy-porte-chargeur\/","title":{"rendered":"RH Crocy porte-chargeur"},"content":{"rendered":"<h2>RH Crocy porte-chargeur<\/h2>\n<p>Le porte-chargeur RH Crocy est un porte-chargeur AIWB d\u00e9di\u00e9, con\u00e7u pour \u00eatre associ\u00e9 au syst\u00e8me d&rsquo;\u00e9tuis RH Crocy. Il se fixe via le connecteur Crocy Gizmo ou peut \u00eatre port\u00e9 seul gr\u00e2ce \u00e0 son crochet en acier.<\/p>\n<h3>Caract\u00e9ristiques principales :<\/h3>\n<ul>\n<li>Crochet en acier pour une fixation s\u00fbre \u00e0 la ceinture<\/li>\n<li>Compatible avec ceinture de 40 mm<\/li>\n<li>R\u00e9tention r\u00e9glable via vis de r\u00e9glage<\/li>\n<li>Construction en Kydex pour un ajustement pr\u00e9cis du chargeur<\/li>\n<li>Con\u00e7u pour le port AIWB en appendice<\/li>\n<li>Compatible avec le Crocy Gizmo pour une int\u00e9gration modulaire de l&rsquo;\u00e9tui<\/li>\n<\/ul>\n","protected":false},"excerpt":{"rendered":"<p>RH Crocy porte-chargeur : Porte-chargeur AIWB avec crochet en acier et r\u00e9tention r\u00e9glable.<\/p>\n","protected":false},"featured_media":721394,"template":"","meta":{"_acf_changed":false},"product_brand":[11635],"product_cat":[12174],"product_tag":[],"class_list":{"0":"post-721393","1":"product","2":"type-product","3":"status-publish","4":"has-post-thumbnail","6":"product_brand-rh-holsters","7":"product_cat-accessoires-detui","9":"first","10":"instock","11":"taxable","12":"shipping-taxable","13":"purchasable","14":"product-type-simple"},"acf":[],"_links":{"self":[{"href":"https:\/\/nbg.eu\/fr\/wp-json\/wp\/v2\/product\/721393","targetHints":{"allow":["GET"]}}],"collection":[{"href":"https:\/\/nbg.eu\/fr\/wp-json\/wp\/v2\/product"}],"about":[{"href":"https:\/\/nbg.eu\/fr\/wp-json\/wp\/v2\/types\/product"}],"wp:featuredmedia":[{"embeddable":true,"href":"https:\/\/nbg.eu\/fr\/wp-json\/wp\/v2\/media\/721394"}],"wp:attachment":[{"href":"https:\/\/nbg.eu\/fr\/wp-json\/wp\/v2\/media?parent=721393"}],"wp:term":[{"taxonomy":"product_brand","embeddable":true,"href":"https:\/\/nbg.eu\/fr\/wp-json\/wp\/v2\/product_brand?post=721393"},{"taxonomy":"product_cat","embeddable":true,"href":"https:\/\/nbg.eu\/fr\/wp-json\/wp\/v2\/product_cat?post=721393"},{"taxonomy":"product_tag","embeddable":true,"href":"https:\/\/nbg.eu\/fr\/wp-json\/wp\/v2\/product_tag?post=721393"}],"curies":[{"name":"wp","href":"https:\/\/api.w.org\/{rel}","templated":true}]}}