{"id":723985,"date":"2026-03-10T16:14:51","date_gmt":"2026-03-10T13:14:51","guid":{"rendered":"https:\/\/nbg.eu\/product\/area-419-tikka-t1x-rail-de-visee-ameliore\/"},"modified":"2026-03-11T13:19:40","modified_gmt":"2026-03-11T10:19:40","slug":"area-419-tikka-t1x-rail-de-visee-ameliore","status":"publish","type":"product","link":"https:\/\/nbg.eu\/fr\/produit\/area-419-tikka-t1x-rail-de-visee-ameliore\/","title":{"rendered":"Area 419 Tikka T1X Rail de Vis\u00e9e Am\u00e9lior\u00e9"},"content":{"rendered":"<h2>Area 419 Tikka T1X Rail de Vis\u00e9e Am\u00e9lior\u00e9<\/h2>\n<p>Le Area 419 Tikka T1X Improved Scope Rail est un rail Picatinny usin\u00e9 avec pr\u00e9cision, con\u00e7u pour offrir une exactitude et une fiabilit\u00e9 maximales sur votre carabine Tikka T1X rimfire. Usin\u00e9 en aluminium 7075 sur un HAAS VMC 4 axes, il garantit une compatibilit\u00e9 irr\u00e9prochable et une g\u00e9om\u00e9trie parfaite pour toute application \u00e0 longue distance.<\/p>\n<h3>Usinage de Pr\u00e9cision, Z\u00e9ro Compromis<\/h3>\n<p>Tous les angles du rail sont arrondis et les ar\u00eates vives chanfrein\u00e9es \u2014 aucun point coupant. Les rainures MIL-STD-1913 Picatinny sont arrondies entre les slots pour un contact impeccable avec la base de l&rsquo;optique et un confort maximal lors de la manipulation.<\/p>\n<h3>Installation Infaillible<\/h3>\n<p>Toutes les vis sont des T10 Torx identiques de m\u00eame longueur \u2014 aucune confusion et aucune erreur d&rsquo;installation. L&rsquo;angle MOA est garanti conforme \u00e0 la sp\u00e9cification gr\u00e2ce \u00e0 un positionnement avanc\u00e9 lors de l&rsquo;usinage.<\/p>\n<h3>Sp\u00e9cifications<\/h3>\n<table>\n<tbody>\n<tr>\n<td><strong>Mat\u00e9riau<\/strong><\/td>\n<td>7075 Aluminum<\/td>\n<\/tr>\n<tr>\n<td><strong>Finition<\/strong><\/td>\n<td>Type III Hardcoat Black Anodize<\/td>\n<\/tr>\n<tr>\n<td><strong>Standard<\/strong><\/td>\n<td>MIL-STD-1913 Picatinny<\/td>\n<\/tr>\n<tr>\n<td><strong>Compatibilit\u00e9<\/strong><\/td>\n<td>Tikka T1X<\/td>\n<\/tr>\n<tr>\n<td><strong>Vis<\/strong><\/td>\n<td>T10 Torx<\/td>\n<\/tr>\n<tr>\n<td><strong>Couple de serrage<\/strong><\/td>\n<td>15 in\/lb<\/td>\n<\/tr>\n<tr>\n<td><strong>Poids<\/strong><\/td>\n<td>0.2 lbs<\/td>\n<\/tr>\n<tr>\n<td><strong>Dimensions<\/strong><\/td>\n<td>8.25 x 1 x 1 in<\/td>\n<\/tr>\n<tr>\n<td><strong>Fabriqu\u00e9 aux<\/strong><\/td>\n<td>\u00c9tats-Unis<\/td>\n<\/tr>\n<\/tbody>\n<\/table>\n","protected":false},"excerpt":{"rendered":"<p>Rail de vis\u00e9e MIL-STD-1913 Picatinny usin\u00e9 CNC, con\u00e7u sp\u00e9cialement pour le Tikka T1X. Usin\u00e9 en aluminium 7075 sur un HAAS VMC 4 axes avec finition Type III Hardcoat Black Anodize. Disponible en 15 MOA et 30 MOA.<\/p>\n","protected":false},"featured_media":723986,"template":"","meta":{"_acf_changed":false},"product_brand":[11038],"product_cat":[12193,12207],"product_tag":[],"class_list":{"0":"post-723985","1":"product","2":"type-product","3":"status-publish","4":"has-post-thumbnail","6":"product_brand-area-419","7":"product_cat-fusil","8":"product_cat-rails","10":"first","11":"instock","12":"taxable","13":"shipping-taxable","14":"purchasable","15":"product-type-variable","16":"wvs-archive-product-wrapper"},"acf":[],"_links":{"self":[{"href":"https:\/\/nbg.eu\/fr\/wp-json\/wp\/v2\/product\/723985","targetHints":{"allow":["GET"]}}],"collection":[{"href":"https:\/\/nbg.eu\/fr\/wp-json\/wp\/v2\/product"}],"about":[{"href":"https:\/\/nbg.eu\/fr\/wp-json\/wp\/v2\/types\/product"}],"wp:featuredmedia":[{"embeddable":true,"href":"https:\/\/nbg.eu\/fr\/wp-json\/wp\/v2\/media\/723986"}],"wp:attachment":[{"href":"https:\/\/nbg.eu\/fr\/wp-json\/wp\/v2\/media?parent=723985"}],"wp:term":[{"taxonomy":"product_brand","embeddable":true,"href":"https:\/\/nbg.eu\/fr\/wp-json\/wp\/v2\/product_brand?post=723985"},{"taxonomy":"product_cat","embeddable":true,"href":"https:\/\/nbg.eu\/fr\/wp-json\/wp\/v2\/product_cat?post=723985"},{"taxonomy":"product_tag","embeddable":true,"href":"https:\/\/nbg.eu\/fr\/wp-json\/wp\/v2\/product_tag?post=723985"}],"curies":[{"name":"wp","href":"https:\/\/api.w.org\/{rel}","templated":true}]}}