{"id":732244,"date":"2026-03-13T17:32:05","date_gmt":"2026-03-13T14:32:05","guid":{"rendered":"https:\/\/nbg.eu\/product\/microtech-l-u-d-t-t-e-gen-iii-black-partial-serrated-od-green-2\/"},"modified":"2026-03-16T12:34:49","modified_gmt":"2026-03-16T09:34:49","slug":"microtech-l-u-d-t-t-e-gen-iii-black-partial-serrated-od-green-2","status":"publish","type":"product","link":"https:\/\/nbg.eu\/fr\/produit\/microtech-l-u-d-t-t-e-gen-iii-black-partial-serrated-od-green-2\/","title":{"rendered":"Microtech L.U.D.T. T\/E Gen III Noir Partiellement Dentel\u00e9 OD Vert"},"content":{"rendered":"<h2>Vue d&rsquo;ensemble<\/h2>\n<p>Le Microtech L.U.D.T. Gen III est un puissant dossier automatique qui \u00e9voque le style UDT classique avec des mises \u00e0 jour r\u00e9volutionnaires de la forme et de la fonction. Cette variante OD Green est dot\u00e9e d&rsquo;une lame tanto noire \u00e0 rev\u00eatement DLC avec bord partiellement dentel\u00e9, forg\u00e9e \u00e0 partir d&rsquo;acier Bohler M390MK. L&rsquo;it\u00e9ration Gen III ram\u00e8ne les incrustations de poign\u00e9e avec le ruban de traction 3M pour une adh\u00e9rence optimale, repose sur 24 roulements en carbure de silice pour l&rsquo;action la plus douce de sa cat\u00e9gorie et utilise des vis Torx courantes pour un entretien facile sur le terrain.<\/p>\n<h3>24 roulements en carbure de silice<\/h3>\n<p>Le syst\u00e8me d&rsquo;action LUDT Gen III repose sur 24 roulements de pr\u00e9cision en carbure de silice, offrant l&rsquo;action de plieuse automatique la plus douce et la plus raffin\u00e9e jamais produite par Microtech. Le syst\u00e8me de roulement \u00e9limine pratiquement la friction pour un d\u00e9ploiement ultra-rapide.<\/p>\n<h3>Incrustations de bande de traction 3M<\/h3>\n<p>Le retour des incrustations de poign\u00e9e dans la g\u00e9n\u00e9ration III utilise du ruban de traction 3M de qualit\u00e9 industrielle, offrant une adh\u00e9rence exceptionnelle dans des conditions humides, huileuses ou avec des gants sans ajouter de volume au profil de la poign\u00e9e.<\/p>\n<h3>Construction r\u00e9sistante \u00e0 l&rsquo;eau<\/h3>\n<p>Con\u00e7u sp\u00e9cialement pour les environnements difficiles, le LUDT Gen III pr\u00e9sente une construction \u00e9tanche qui r\u00e9siste \u00e0 l&rsquo;intrusion de l&rsquo;humidit\u00e9, ce qui le rend fiable sous la pluie, la neige et dans les environnements marins.<\/p>\n<h3>Composants Premium<\/h3>\n<ul>\n<li>Lame tanto Bohler M390MK<\/li>\n<li>Poign\u00e9e en aluminium 6061-T6 avec incrustations de ruban de traction 3M<\/li>\n<li>Syst\u00e8me d&rsquo;action de roulement en carbure de silice 24<\/li>\n<li>Clip de poche de transport rabattable<\/li>\n<li>Mat\u00e9riel Torx commun pour une maintenance facile<\/li>\n<li>Construction r\u00e9sistante \u00e0 l&rsquo;eau<\/li>\n<\/ul>\n<h3>Sp\u00e9cifications<\/h3>\n<table class=\"shop_attributes\">\n<tr>\n<td><strong>Type<\/strong><\/td>\n<td>Dossier automatique<\/td>\n<\/tr>\n<tr>\n<td><strong>Longueur de la lame<\/strong><\/td>\n<td>3,50&Prime;<\/td>\n<\/tr>\n<tr>\n<td><strong>Longueur totale<\/strong><\/td>\n<td>8.00&Prime;<\/td>\n<\/tr>\n<tr>\n<td><strong>Longueur du manche<\/strong><\/td>\n<td>4,50&Prime;<\/td>\n<\/tr>\n<tr>\n<td><strong>Lame en acier<\/strong><\/td>\n<td>Bohler M390MK<\/td>\n<\/tr>\n<tr>\n<td><strong>Mat\u00e9riau du manche<\/strong><\/td>\n<td>Aluminium 6061-T6 avec incrustations de ruban de traction 3M<\/td>\n<\/tr>\n<tr>\n<td><strong>Poids<\/strong><\/td>\n<td>3,60 onces<\/td>\n<\/tr>\n<tr>\n<td><strong>Clip de poche<\/strong><\/td>\n<td>Transport basculant<\/td>\n<\/tr>\n<tr>\n<td><strong>Roulements<\/strong><\/td>\n<td>24 Carbure de Silice<\/td>\n<\/tr>\n<tr>\n<td><strong>Pays d&rsquo;origine<\/strong><\/td>\n<td>\u00c9tats-Unis<\/td>\n<\/tr>\n<tr>\n<td><strong>Couleur de la poign\u00e9e<\/strong><\/td>\n<td>OD Vert<\/td>\n<\/tr>\n<tr>\n<td><strong>Finition de la lame<\/strong><\/td>\n<td>DLC noir<\/td>\n<\/tr>\n<tr>\n<td><strong>Type de bord<\/strong><\/td>\n<td>Partiellement dentel\u00e9<\/td>\n<\/tr>\n<\/tbody>\n<\/table>\n","protected":false},"excerpt":{"rendered":"<p>L.U.D.T. Plieuse automatique Gen III en OD Green avec lame tanto DLC noire partiellement dentel\u00e9e M390MK. Comprend 24 roulements en carbure de silice et des incrustations de ruban de traction 3M. Lame de 3,50\u00a0\u2033, 8,00\u00a0\u2033 au total.<\/p>\n","protected":false},"featured_media":731392,"template":"","meta":{"_acf_changed":false},"product_brand":[15531],"product_cat":[15361,15344],"product_tag":[],"class_list":{"0":"post-732244","1":"product","2":"type-product","3":"status-publish","4":"has-post-thumbnail","6":"product_brand-microtech","7":"product_cat-folding-knives-fr","8":"product_cat-knives-fr","10":"first","11":"instock","12":"taxable","13":"shipping-taxable","14":"purchasable","15":"product-type-simple"},"acf":[],"_links":{"self":[{"href":"https:\/\/nbg.eu\/fr\/wp-json\/wp\/v2\/product\/732244","targetHints":{"allow":["GET"]}}],"collection":[{"href":"https:\/\/nbg.eu\/fr\/wp-json\/wp\/v2\/product"}],"about":[{"href":"https:\/\/nbg.eu\/fr\/wp-json\/wp\/v2\/types\/product"}],"wp:featuredmedia":[{"embeddable":true,"href":"https:\/\/nbg.eu\/fr\/wp-json\/wp\/v2\/media\/731392"}],"wp:attachment":[{"href":"https:\/\/nbg.eu\/fr\/wp-json\/wp\/v2\/media?parent=732244"}],"wp:term":[{"taxonomy":"product_brand","embeddable":true,"href":"https:\/\/nbg.eu\/fr\/wp-json\/wp\/v2\/product_brand?post=732244"},{"taxonomy":"product_cat","embeddable":true,"href":"https:\/\/nbg.eu\/fr\/wp-json\/wp\/v2\/product_cat?post=732244"},{"taxonomy":"product_tag","embeddable":true,"href":"https:\/\/nbg.eu\/fr\/wp-json\/wp\/v2\/product_tag?post=732244"}],"curies":[{"name":"wp","href":"https:\/\/api.w.org\/{rel}","templated":true}]}}