{"id":732245,"date":"2026-03-13T17:32:11","date_gmt":"2026-03-13T14:32:11","guid":{"rendered":"https:\/\/nbg.eu\/product\/microtech-combat-troodon-lt-s-e-apocalyptic-standard-2\/"},"modified":"2026-03-30T15:30:17","modified_gmt":"2026-03-30T12:30:17","slug":"microtech-combat-troodon-lt-s-e-apocalyptic-standard-2","status":"publish","type":"product","link":"https:\/\/nbg.eu\/fr\/produit\/microtech-combat-troodon-lt-s-e-apocalyptic-standard-2\/","title":{"rendered":"Microtech Combat Troodon LT S\/E Norme apocalyptique"},"content":{"rendered":"<h2>Vue d&rsquo;ensemble<\/h2>\n<p>Le Microtech Combat Troodon LT est une variante plus l\u00e9g\u00e8re du l\u00e9gendaire Combat Troodon, con\u00e7u pour une utilisation dans les applications polici\u00e8res, militaires et de premiers secours. Ce mod\u00e8le est dot\u00e9 d&rsquo;une lame \u00e0 pointe tombante \u00e0 finition apocalyptique en acier Bohler M390MK avec un bord uni standard. La refonte Gen III introduit un nouveau syst\u00e8me de transmission bi-carburant pour un d\u00e9ploiement sans effort, une conception am\u00e9lior\u00e9e de poche \u00e0 bouton qui minimise la friction et facilite le d\u00e9placement des d\u00e9bris, ainsi qu&rsquo;un jimping agressif et des rainures de corps pour une adh\u00e9rence exceptionnelle dans les situations tactiques.<\/p>\n<h3>Syst\u00e8me de transmission bi-carburant<\/h3>\n<p>La transmission repens\u00e9e du Combat Troodon permet un d\u00e9ploiement sans effort dans des situations critiques et un d\u00e9montage facile pour la maintenance. La conception \u00e0 double ressort propulse la lame vers l&rsquo;avant avec autorit\u00e9 tout en restant fluide \u00e0 utiliser.<\/p>\n<h3>Conception am\u00e9lior\u00e9e des poches boutonn\u00e9es<\/h3>\n<p>La poche \u00e0 bouton Gen III minimise la friction pendant le fonctionnement et facilite le d\u00e9placement efficace des d\u00e9bris, r\u00e9duisant consid\u00e9rablement le besoin d&rsquo;entretien et de nettoyage fr\u00e9quents sur le terrain.<\/p>\n<h3>Ergonomie tactique<\/h3>\n<p> Des rainures profondes et frais\u00e9es avec pr\u00e9cision sur le corps de la poign\u00e9e offrent un maintien exceptionnel dans des conditions humides, huileuses ou avec des gants. Le clip de poche en titane avec cran en c\u00e9ramique assure s\u00e9curit\u00e9 et accessibilit\u00e9 rapide.<\/p>\n<h3>Composants Premium<\/h3>\n<ul>\n<li>Lame \u00e0 pointe tombante Bohler M390MK avec finition apocalyptique<\/li>\n<li>Manche en aluminium 6061-T6 avec gravure profonde<\/li>\n<li>Syst\u00e8me de d\u00e9ploiement de transmission bicarburant<\/li>\n<li>Clip de poche en titane avec d\u00e9tente en c\u00e9ramique<\/li>\n<li>Brise-verre en acier inoxydable<\/li>\n<li>Clip de poche r\u00e9versible<\/li>\n<\/ul>\n<h3>Sp\u00e9cifications<\/h3>\n<table class=\"shop_attributes\">\n<tr>\n<td><strong>Type<\/strong><\/td>\n<td>Automatique \u00e0 l&rsquo;avant<\/td>\n<\/tr>\n<tr>\n<td><strong>Longueur de la lame<\/strong><\/td>\n<td>4.00&Prime;<\/td>\n<\/tr>\n<tr>\n<td><strong>Longueur totale<\/strong><\/td>\n<td>9,50&Prime;<\/td>\n<\/tr>\n<tr>\n<td><strong>Longueur du manche<\/strong><\/td>\n<td>5,50&Prime;<\/td>\n<\/tr>\n<tr>\n<td><strong>Lame en acier<\/strong><\/td>\n<td>Bohler M390MK<\/td>\n<\/tr>\n<tr>\n<td><strong>Mat\u00e9riau du manche<\/strong><\/td>\n<td>Aluminium 6061-T6 (noir)<\/td>\n<\/tr>\n<tr>\n<td><strong>Poids<\/strong><\/td>\n<td>~5,0 onces<\/td>\n<\/tr>\n<tr>\n<td><strong>Style de lame<\/strong><\/td>\n<td>Point de chute (S\/E)<\/td>\n<\/tr>\n<tr>\n<td><strong>Finition de la lame<\/strong><\/td>\n<td>Apocalyptique<\/td>\n<\/tr>\n<tr>\n<td><strong>Type de bord<\/strong><\/td>\n<td>Plain<\/td>\n<\/tr>\n<tr>\n<td><strong>Clip de poche<\/strong><\/td>\n<td>Titane avec d\u00e9tente en c\u00e9ramique<\/td>\n<\/tr>\n<tr>\n<td><strong>Brise-vitre<\/strong><\/td>\n<td>Acier inoxydable<\/td>\n<\/tr>\n<tr>\n<td><strong>Pays d&rsquo;origine<\/strong><\/td>\n<td>\u00c9tats-Unis<\/td>\n<\/tr>\n<\/tbody>\n<\/table>\n","protected":false},"excerpt":{"rendered":"<p>Combattez le Troodon LT OTF automatique avec une lame \u00e0 pointe de chute M390MK \u00e0 finition apocalyptique. Transmission bicarburant, clip en titane, brise-vitre. Lame de 4,00\u2033, 9,50\u2033 au total, ~5,0 oz.<\/p>\n","protected":false},"featured_media":731396,"template":"","meta":{"_acf_changed":false},"product_brand":[15531],"product_cat":[15995,15344],"product_tag":[],"class_list":{"0":"post-732245","1":"product","2":"type-product","3":"status-publish","4":"has-post-thumbnail","6":"product_brand-microtech","7":"product_cat-otf-knives-fr","8":"product_cat-knives-fr","10":"first","11":"outofstock","12":"taxable","13":"shipping-taxable","14":"purchasable","15":"product-type-simple"},"acf":[],"_links":{"self":[{"href":"https:\/\/nbg.eu\/fr\/wp-json\/wp\/v2\/product\/732245","targetHints":{"allow":["GET"]}}],"collection":[{"href":"https:\/\/nbg.eu\/fr\/wp-json\/wp\/v2\/product"}],"about":[{"href":"https:\/\/nbg.eu\/fr\/wp-json\/wp\/v2\/types\/product"}],"wp:featuredmedia":[{"embeddable":true,"href":"https:\/\/nbg.eu\/fr\/wp-json\/wp\/v2\/media\/731396"}],"wp:attachment":[{"href":"https:\/\/nbg.eu\/fr\/wp-json\/wp\/v2\/media?parent=732245"}],"wp:term":[{"taxonomy":"product_brand","embeddable":true,"href":"https:\/\/nbg.eu\/fr\/wp-json\/wp\/v2\/product_brand?post=732245"},{"taxonomy":"product_cat","embeddable":true,"href":"https:\/\/nbg.eu\/fr\/wp-json\/wp\/v2\/product_cat?post=732245"},{"taxonomy":"product_tag","embeddable":true,"href":"https:\/\/nbg.eu\/fr\/wp-json\/wp\/v2\/product_tag?post=732245"}],"curies":[{"name":"wp","href":"https:\/\/api.w.org\/{rel}","templated":true}]}}