{"id":732247,"date":"2026-03-13T17:32:22","date_gmt":"2026-03-13T14:32:22","guid":{"rendered":"https:\/\/nbg.eu\/product\/microtech-scarab-ii-gen-iii-t-e-dlc-shadow-signature-series-2\/"},"modified":"2026-03-30T15:41:12","modified_gmt":"2026-03-30T12:41:12","slug":"microtech-scarab-ii-gen-iii-t-e-dlc-shadow-signature-series-2","status":"publish","type":"product","link":"https:\/\/nbg.eu\/fr\/produit\/microtech-scarab-ii-gen-iii-t-e-dlc-shadow-signature-series-2\/","title":{"rendered":"Microtech Scarab II Gen III T\/E DLC Shadow Signature Series"},"content":{"rendered":"<h2>Vue d&rsquo;ensemble<\/h2>\n<p>Le Microtech Scarab II Gen III est le plus grand couteau OTF \u00e0 double action de la gamme actuelle de Microtech, dot\u00e9 de la lame la plus large disponible et d&rsquo;une imposante longueur totale de 9,70&Prime;. Cette variante Black DLC Shadow est dot\u00e9e d&rsquo;une lame Tanto avec rev\u00eatement DLC en acier Bohler M390MK. La transmission r\u00e9volutionnaire \u00e0 double carburant propulse la lame avec suffisamment de force pour se d\u00e9ployer de mani\u00e8re fiable, m\u00eame sous l&rsquo;eau, tandis que la poign\u00e9e profil\u00e9e avec des inserts textur\u00e9s offre une prise s\u00fbre et confortable pour de longues p\u00e9riodes. utiliser.<\/p>\n<h3>Le plus grand OTF \u00e0 double action<\/h3>\n<p>Pesant environ 5,9 onces et dot\u00e9 d&rsquo;une lame de pr\u00e8s de 4 pouces, le Scarab II fait autorit\u00e9. Son large profil de lame tanto offre des performances de coupe et une r\u00e9sistance de pointe exceptionnelles pour les t\u00e2ches exigeantes.<\/p>\n<h3>Transmission bi-carburant<\/h3>\n<p>La conception \u00e0 double ressort g\u00e9n\u00e8re suffisamment de force pour d\u00e9ployer la lame de mani\u00e8re fiable, m\u00eame immerg\u00e9e dans l&rsquo;eau, ce qui fait du Scarab II l&rsquo;un des couteaux OTF les plus fiables jamais produits.<\/p>\n<h3>Conception des ports arri\u00e8re<\/h3>\n<p>Le port arri\u00e8re soigneusement con\u00e7u permet au couteau d&rsquo;\u00eatre ouvert sans effort, m\u00eame dans des conditions difficiles, avec des coupes en relief dans la lame et l&rsquo;extr\u00e9mit\u00e9 de la crosse pour une conception fluide.<\/p>\n<h3>Composants Premium<\/h3>\n<ul>\n<li>Lame tanto large Bohler M390MK<\/li>\n<li>Poign\u00e9e profil\u00e9e en aluminium 6061-T6<\/li>\n<li>Transmission bicarburant avec capacit\u00e9 de d\u00e9ploiement sous-marin<\/li>\n<li>Inserts textur\u00e9s pour une traction am\u00e9lior\u00e9e<\/li>\n<li>Port arri\u00e8re pour un fonctionnement fiable<\/li>\n<li>Conception fluide avec d\u00e9coupes en relief<\/li>\n<li>Mat\u00e9riel et clip de poche avec rev\u00eatement DLC<\/li>\n<li>Logo Scarab\u00e9e grav\u00e9 en profondeur de la s\u00e9rie Signature<\/li>\n<\/ul>\n<h3>Sp\u00e9cifications<\/h3>\n<table class=\"shop_attributes\">\n<tr>\n<td><strong>Type<\/strong><\/td>\n<td>Automatique \u00e0 l&rsquo;avant<\/td>\n<\/tr>\n<tr>\n<td><strong>Longueur de la lame<\/strong><\/td>\n<td>3,95&Prime;<\/td>\n<\/tr>\n<tr>\n<td><strong>Longueur totale<\/strong><\/td>\n<td>9,70&Prime;<\/td>\n<\/tr>\n<tr>\n<td><strong>Lame en acier<\/strong><\/td>\n<td>Bohler M390MK (rev\u00eatement DLC)<\/td>\n<\/tr>\n<tr>\n<td><strong>Mat\u00e9riau du manche<\/strong><\/td>\n<td>Aluminium 6061-T6 (ombre DLC noire)<\/td>\n<\/tr>\n<tr>\n<td><strong>Poids<\/strong><\/td>\n<td>~ 5,9 onces<\/td>\n<\/tr>\n<tr>\n<td><strong>Style de lame<\/strong><\/td>\n<td>Tanto (T\/E)<\/td>\n<\/tr>\n<tr>\n<td><strong>Finition de la lame<\/strong><\/td>\n<td>DLC Ombre<\/td>\n<\/tr>\n<tr>\n<td><strong>Mat\u00e9riel<\/strong><\/td>\n<td>Rev\u00eatement DLC<\/td>\n<\/tr>\n<tr>\n<td><strong>Type de bord<\/strong><\/td>\n<td>Plain<\/td>\n<\/tr>\n<tr>\n<td><strong>S\u00e9rie<\/strong><\/td>\n<td>S\u00e9rie Signature<\/td>\n<\/tr>\n<tr>\n<td><strong>Pays d&rsquo;origine<\/strong><\/td>\n<td>\u00c9tats-Unis<\/td>\n<\/tr>\n<\/tbody>\n<\/table>\n","protected":false},"excerpt":{"rendered":"<p>S\u00e9rie Signature Scarab II Gen III avec finition DLC Shadow compl\u00e8te\u00a0: lame Tanto M390MK avec rev\u00eatement DLC, mat\u00e9riel DLC et manche en aluminium noir. Le plus grand OTF de Microtech. Lame de 3,95\u00a0\u2033, 9,70\u00a0\u2033 au total.<\/p>\n","protected":false},"featured_media":731402,"template":"","meta":{"_acf_changed":false},"product_brand":[15531],"product_cat":[15995,15344],"product_tag":[],"class_list":{"0":"post-732247","1":"product","2":"type-product","3":"status-publish","4":"has-post-thumbnail","6":"product_brand-microtech","7":"product_cat-otf-knives-fr","8":"product_cat-knives-fr","10":"first","11":"outofstock","12":"taxable","13":"shipping-taxable","14":"purchasable","15":"product-type-simple"},"acf":[],"_links":{"self":[{"href":"https:\/\/nbg.eu\/fr\/wp-json\/wp\/v2\/product\/732247","targetHints":{"allow":["GET"]}}],"collection":[{"href":"https:\/\/nbg.eu\/fr\/wp-json\/wp\/v2\/product"}],"about":[{"href":"https:\/\/nbg.eu\/fr\/wp-json\/wp\/v2\/types\/product"}],"wp:featuredmedia":[{"embeddable":true,"href":"https:\/\/nbg.eu\/fr\/wp-json\/wp\/v2\/media\/731402"}],"wp:attachment":[{"href":"https:\/\/nbg.eu\/fr\/wp-json\/wp\/v2\/media?parent=732247"}],"wp:term":[{"taxonomy":"product_brand","embeddable":true,"href":"https:\/\/nbg.eu\/fr\/wp-json\/wp\/v2\/product_brand?post=732247"},{"taxonomy":"product_cat","embeddable":true,"href":"https:\/\/nbg.eu\/fr\/wp-json\/wp\/v2\/product_cat?post=732247"},{"taxonomy":"product_tag","embeddable":true,"href":"https:\/\/nbg.eu\/fr\/wp-json\/wp\/v2\/product_tag?post=732247"}],"curies":[{"name":"wp","href":"https:\/\/api.w.org\/{rel}","templated":true}]}}