{"id":732248,"date":"2026-03-13T17:32:28","date_gmt":"2026-03-13T14:32:28","guid":{"rendered":"https:\/\/nbg.eu\/product\/microtech-socom-elite-s-e-auto-stonewash-standard-2\/"},"modified":"2026-03-16T12:35:16","modified_gmt":"2026-03-16T09:35:16","slug":"microtech-socom-elite-s-e-auto-stonewash-standard-2","status":"publish","type":"product","link":"https:\/\/nbg.eu\/fr\/produit\/microtech-socom-elite-s-e-auto-stonewash-standard-2\/","title":{"rendered":"Microtech Socom Elite S\/E Auto Stonewash Standard"},"content":{"rendered":"<h2>Vue d&rsquo;ensemble<\/h2>\n<p>Le Microtech Socom Elite est rest\u00e9 l&rsquo;un des couteaux pliants tactiques les plus populaires depuis sa cr\u00e9ation en 1996, et cette variante automatique perp\u00e9tue cet h\u00e9ritage. Dot\u00e9 d&rsquo;une lame M390 \u00e0 finition stonewash avec un bord uni standard, la poign\u00e9e ergonomique du Socom Elite s&rsquo;adapte naturellement \u00e0 la main tandis qu&rsquo;un brise-verre int\u00e9gr\u00e9 et un grand bouton pour le pouce offrent une utilit\u00e9 pratique et une utilisation facile d&rsquo;une seule main, m\u00eame avec des gants.<\/p>\n<h3>Conception tactique \u00e9prouv\u00e9e<\/h3>\n<p>Depuis 1996, le Socom Elite a \u00e9t\u00e9 affin\u00e9 gr\u00e2ce \u00e0 des d\u00e9cennies de commentaires concrets de la part d&rsquo;utilisateurs militaires, policiers et civils. La g\u00e9om\u00e9trie de la poign\u00e9e offre une prise naturelle et s\u00fbre qui r\u00e9duit la fatigue lors d&rsquo;une utilisation prolong\u00e9e.<\/p>\n<h3>Brise-vitre int\u00e9gr\u00e9<\/h3>\n<p>Un brise-verre tremp\u00e9 int\u00e9gr\u00e9 \u00e0 la base de la poign\u00e9e offre une capacit\u00e9 d&rsquo;\u00e9vacuation d&rsquo;urgence, faisant du Socom Elite un outil polyvalent au-del\u00e0 des t\u00e2ches de coupe.<\/p>\n<h3>Fonctionnement sans danger pour les gants<\/h3>\n<p>Le bouton de pouce surdimensionn\u00e9 et les incrustations textur\u00e9es sur les poign\u00e9es en aluminium garantissent un contr\u00f4le positif et un d\u00e9ploiement facile, m\u00eame avec des gants tactiques ou dans des conditions humides.<\/p>\n<h3>Composants Premium<\/h3>\n<ul>\n<li>Lame Bohler M390<\/li>\n<li>Poign\u00e9e en aluminium 6061-T6 avec incrustations de poign\u00e9e<\/li>\n<li>Brise-vitre int\u00e9gr\u00e9<\/li>\n<li>Grand bouton de pouce pour utilisation avec des gants<\/li>\n<li>Clip de poche<\/li>\n<\/ul>\n<h3>Sp\u00e9cifications<\/h3>\n<table class=\"shop_attributes\">\n<tr>\n<td><strong>Type<\/strong><\/td>\n<td>Dossier automatique<\/td>\n<\/tr>\n<tr>\n<td><strong>Longueur de la lame<\/strong><\/td>\n<td>4,05&Prime;<\/td>\n<\/tr>\n<tr>\n<td><strong>Longueur totale<\/strong><\/td>\n<td>9,17&Prime;<\/td>\n<\/tr>\n<tr>\n<td><strong>Lame en acier<\/strong><\/td>\n<td>Bohler M390<\/td>\n<\/tr>\n<tr>\n<td><strong>Mat\u00e9riau du manche<\/strong><\/td>\n<td>Aluminium 6061-T6 (noir)<\/td>\n<\/tr>\n<tr>\n<td><strong>Poids<\/strong><\/td>\n<td>5,40 onces<\/td>\n<\/tr>\n<tr>\n<td><strong>Style de lame<\/strong><\/td>\n<td>Point de d\u00e9coupage (S\/E)<\/td>\n<\/tr>\n<tr>\n<td><strong>Finition de la lame<\/strong><\/td>\n<td>Lavage \u00e0 la pierre<\/td>\n<\/tr>\n<tr>\n<td><strong>Type de bord<\/strong><\/td>\n<td>Plain<\/td>\n<\/tr>\n<tr>\n<td><strong>Verrouiller<\/strong><\/td>\n<td>Verrouillage des boutons<\/td>\n<\/tr>\n<tr>\n<td><strong>Brise-vitre<\/strong><\/td>\n<td>Int\u00e9gr\u00e9<\/td>\n<\/tr>\n<tr>\n<td><strong>Pays d&rsquo;origine<\/strong><\/td>\n<td>\u00c9tats-Unis<\/td>\n<\/tr>\n<\/tbody>\n<\/table>\n","protected":false},"excerpt":{"rendered":"<p>Plieuse automatique Socom Elite avec lame \u00e0 pointe clip simple M390 finition stonewash. Design tactique embl\u00e9matique depuis 1996 avec brise-verre int\u00e9gr\u00e9. Lame de 4,05\u00a0\u2033, 9,17\u00a0\u2033 au total, 5,4 oz.<\/p>\n","protected":false},"featured_media":731406,"template":"","meta":{"_acf_changed":false},"product_brand":[15531],"product_cat":[15361,15344],"product_tag":[],"class_list":{"0":"post-732248","1":"product","2":"type-product","3":"status-publish","4":"has-post-thumbnail","6":"product_brand-microtech","7":"product_cat-folding-knives-fr","8":"product_cat-knives-fr","10":"first","11":"outofstock","12":"taxable","13":"shipping-taxable","14":"purchasable","15":"product-type-simple"},"acf":[],"_links":{"self":[{"href":"https:\/\/nbg.eu\/fr\/wp-json\/wp\/v2\/product\/732248","targetHints":{"allow":["GET"]}}],"collection":[{"href":"https:\/\/nbg.eu\/fr\/wp-json\/wp\/v2\/product"}],"about":[{"href":"https:\/\/nbg.eu\/fr\/wp-json\/wp\/v2\/types\/product"}],"wp:featuredmedia":[{"embeddable":true,"href":"https:\/\/nbg.eu\/fr\/wp-json\/wp\/v2\/media\/731406"}],"wp:attachment":[{"href":"https:\/\/nbg.eu\/fr\/wp-json\/wp\/v2\/media?parent=732248"}],"wp:term":[{"taxonomy":"product_brand","embeddable":true,"href":"https:\/\/nbg.eu\/fr\/wp-json\/wp\/v2\/product_brand?post=732248"},{"taxonomy":"product_cat","embeddable":true,"href":"https:\/\/nbg.eu\/fr\/wp-json\/wp\/v2\/product_cat?post=732248"},{"taxonomy":"product_tag","embeddable":true,"href":"https:\/\/nbg.eu\/fr\/wp-json\/wp\/v2\/product_tag?post=732248"}],"curies":[{"name":"wp","href":"https:\/\/api.w.org\/{rel}","templated":true}]}}