{"id":732253,"date":"2026-03-13T17:33:09","date_gmt":"2026-03-13T14:33:09","guid":{"rendered":"https:\/\/nbg.eu\/product\/microtech-msi-s-e-black-standard-frag-aluminum-od-green-2\/"},"modified":"2026-03-16T12:35:49","modified_gmt":"2026-03-16T09:35:49","slug":"microtech-msi-s-e-black-standard-frag-aluminum-od-green-2","status":"publish","type":"product","link":"https:\/\/nbg.eu\/fr\/produit\/microtech-msi-s-e-black-standard-frag-aluminum-od-green-2\/","title":{"rendered":"Microtech MSI S\/E Noir Standard Frag Aluminium OD Vert"},"content":{"rendered":"<h2>Vue d&rsquo;ensemble<\/h2>\n<p>Le Microtech MSI (Microtech Standard Issue) repr\u00e9sente le summum de l&rsquo;ing\u00e9nierie des dossiers manuels de Microtech, combinant une utilit\u00e9 robuste avec un design raffin\u00e9. Cette variante OD Green Frag comprend une lame noire bicolore M390MK \u00e0 un seul tranchant dans un manche en aluminium \u00e0 motif de fragmentation distinctif qui offre \u00e0 la fois une distinction visuelle et une texture de pr\u00e9hension am\u00e9lior\u00e9e. Le m\u00e9canisme de verrouillage \u00e0 barre RAM-LOK offre un verrouillage solide comme le roc avec une fermeture ambidextre s\u00e9curis\u00e9e pour les doigts, tandis que l&#8217;embl\u00e9matique bouton X des deux c\u00f4t\u00e9s ajoute une touche Microtech signature.<\/p>\n<h3>Syst\u00e8me de verrouillage \u00e0 barre RAM-LOK<\/h3>\n<p>Un syst\u00e8me de verrouillage de type barre transversale utilisant une billette d&rsquo;acier solide entra\u00een\u00e9e par un seul ressort h\u00e9lico\u00efdal, offrant une durabilit\u00e9 accrue et un moyen s\u00fbr de fermer le couteau des deux c\u00f4t\u00e9s. Le RAM-LOK est l&rsquo;un des m\u00e9canismes de verrouillage manuel de dossiers les plus puissants et les plus fiables disponibles.<\/p>\n<h3>Poign\u00e9e en aluminium \u00e0 motif fragment\u00e9<\/h3>\n<p>Le motif de fraisage agressif usin\u00e9 dans la poign\u00e9e en aluminium 6061-T6 cr\u00e9e \u00e0 la fois une esth\u00e9tique tactique distinctive et une am\u00e9lioration fonctionnelle de la poign\u00e9e. Les plaques de rev\u00eatement en acier tremp\u00e9 ajoutent de la rigidit\u00e9 structurelle.<\/p>\n<h3>Bouton X embl\u00e9matique<\/h3>\n<p>Le bouton X embl\u00e9matique de MSI sur les deux c\u00f4t\u00e9s de la poign\u00e9e fournit un \u00e9l\u00e9ment visuel distinctif tout en servant de point de r\u00e9f\u00e9rence tactile pour l&rsquo;orientation de la poign\u00e9e.<\/p>\n<h3>Composants Premium<\/h3>\n<ul>\n<li>Lame \u00e0 un tranchant Bohler M390MK<\/li>\n<li>Poign\u00e9e en aluminium 6061-T6 \u00e0 motif de fragmentation OD Green<\/li>\n<li>Plaques de rev\u00eatement en acier tremp\u00e9<\/li>\n<li>M\u00e9canisme de verrouillage de la barre transversale RAM-LOK<\/li>\n<li>Espacement arri\u00e8re en titane<\/li>\n<li>Clip de poche r\u00e9versible pour un transport \u00e0 gauche<\/li>\n<li>Bouton X embl\u00e9matique (des deux c\u00f4t\u00e9s)<\/li>\n<\/ul>\n<h3>Sp\u00e9cifications<\/h3>\n<table class=\"shop_attributes\">\n<tr>\n<td><strong>Type<\/strong><\/td>\n<td>Dossier manuel<\/td>\n<\/tr>\n<tr>\n<td><strong>Longueur de la lame<\/strong><\/td>\n<td>3,88&Prime;<\/td>\n<\/tr>\n<tr>\n<td><strong>Longueur totale<\/strong><\/td>\n<td>8,93&Prime;<\/td>\n<\/tr>\n<tr>\n<td><strong>\u00c9paisseur de la lame<\/strong><\/td>\n<td>0,16&Prime;<\/td>\n<\/tr>\n<tr>\n<td><strong>Lame en acier<\/strong><\/td>\n<td>Bohler M390MK<\/td>\n<\/tr>\n<tr>\n<td><strong>Mat\u00e9riau du manche<\/strong><\/td>\n<td>Aluminium 6061-T6, motif de fragmentation (vert OD)<\/td>\n<\/tr>\n<tr>\n<td><strong>Poids<\/strong><\/td>\n<td>5,00 onces<\/td>\n<\/tr>\n<tr>\n<td><strong>Verrouiller<\/strong><\/td>\n<td>Verrouillage de la barre RAM-LOK<\/td>\n<\/tr>\n<tr>\n<td><strong>Style de lame<\/strong><\/td>\n<td>Bord unique (S\/E)<\/td>\n<\/tr>\n<tr>\n<td><strong>Finition de la lame<\/strong><\/td>\n<td>Noir (bicolore)<\/td>\n<\/tr>\n<tr>\n<td><strong>Type de bord<\/strong><\/td>\n<td>Plain<\/td>\n<\/tr>\n<tr>\n<td><strong>Pays d&rsquo;origine<\/strong><\/td>\n<td>\u00c9tats-Unis<\/td>\n<\/tr>\n<\/tbody>\n<\/table>\n","protected":false},"excerpt":{"rendered":"<p>Dossier manuel MSI (Microtech Standard Issue) en aluminium OD Green Frag avec lame simple tranchant M390MK bicolore noire. Serrure \u00e0 barre RAM-LOK avec bouton X embl\u00e9matique. Lame de 3,88\u00a0\u2033, 8,93\u00a0\u2033 au total, 5,0 oz.<\/p>\n","protected":false},"featured_media":731426,"template":"","meta":{"_acf_changed":false},"product_brand":[15531],"product_cat":[15361,15344],"product_tag":[],"class_list":{"0":"post-732253","1":"product","2":"type-product","3":"status-publish","4":"has-post-thumbnail","6":"product_brand-microtech","7":"product_cat-folding-knives-fr","8":"product_cat-knives-fr","10":"first","11":"instock","12":"taxable","13":"shipping-taxable","14":"purchasable","15":"product-type-simple"},"acf":[],"_links":{"self":[{"href":"https:\/\/nbg.eu\/fr\/wp-json\/wp\/v2\/product\/732253","targetHints":{"allow":["GET"]}}],"collection":[{"href":"https:\/\/nbg.eu\/fr\/wp-json\/wp\/v2\/product"}],"about":[{"href":"https:\/\/nbg.eu\/fr\/wp-json\/wp\/v2\/types\/product"}],"wp:featuredmedia":[{"embeddable":true,"href":"https:\/\/nbg.eu\/fr\/wp-json\/wp\/v2\/media\/731426"}],"wp:attachment":[{"href":"https:\/\/nbg.eu\/fr\/wp-json\/wp\/v2\/media?parent=732253"}],"wp:term":[{"taxonomy":"product_brand","embeddable":true,"href":"https:\/\/nbg.eu\/fr\/wp-json\/wp\/v2\/product_brand?post=732253"},{"taxonomy":"product_cat","embeddable":true,"href":"https:\/\/nbg.eu\/fr\/wp-json\/wp\/v2\/product_cat?post=732253"},{"taxonomy":"product_tag","embeddable":true,"href":"https:\/\/nbg.eu\/fr\/wp-json\/wp\/v2\/product_tag?post=732253"}],"curies":[{"name":"wp","href":"https:\/\/api.w.org\/{rel}","templated":true}]}}