{"id":732254,"date":"2026-03-13T17:33:16","date_gmt":"2026-03-13T14:33:16","guid":{"rendered":"https:\/\/nbg.eu\/product\/microtech-dirac-delta-d-e-dlc-shadow-signature-series-2\/"},"modified":"2026-03-30T15:46:00","modified_gmt":"2026-03-30T12:46:00","slug":"microtech-dirac-delta-d-e-dlc-shadow-signature-series-2","status":"publish","type":"product","link":"https:\/\/nbg.eu\/fr\/produit\/microtech-dirac-delta-d-e-dlc-shadow-signature-series-2\/","title":{"rendered":"S\u00e9rie Microtech Dirac Delta D\/E DLC Shadow Signature"},"content":{"rendered":"<h2>Vue d&rsquo;ensemble<\/h2>\n<p>Le Microtech Dirac Delta D\/E DLC Shadow est une variante de la s\u00e9rie Signature de l&rsquo;innovant OTF automatique \u00e0 feu sup\u00e9rieur de Microtech. Inspir\u00e9 du pionnier Dirac, le Delta poss\u00e8de le m\u00eame ch\u00e2ssis ergonomique et le m\u00eame m\u00e9canisme interne innovant dans une taille plus robuste, avec cette \u00e9dition Shadow dot\u00e9e d&rsquo;un rev\u00eatement DLC (Diamond-Like Carbon) complet sur la lame de poignard M390MK, la poign\u00e9e en aluminium, le mat\u00e9riel et le clip de poche. Le bouton de d\u00e9clenchement d\u00e9fini sur le dessus permet un d\u00e9ploiement et une r\u00e9traction intuitifs et ambidextres de la lame avec un mouvement naturel du pouce.<\/p>\n<h3>Bouton de tir mont\u00e9 sur le dessus<\/h3>\n<p>Contrairement aux couteaux OTF \u00e0 tir lat\u00e9ral, le bouton mont\u00e9 sur le couvercle du Dirac Delta permet une pression naturelle et intuitive du pouce pour le d\u00e9ploiement et la r\u00e9traction de la lame. La conception permet un v\u00e9ritable fonctionnement ambidextre sans repositionner la main.<\/p>\n<h3>Ch\u00e2ssis ergonomique inspir\u00e9 de HALO<\/h3>\n<p>Le ch\u00e2ssis du Dirac Delta pr\u00e9sente des lignes courbes inspir\u00e9es du l\u00e9gendaire Microtech HALO, cr\u00e9ant une sensation distinctive dans la main qui le distingue des conceptions OTF traditionnelles \u00e0 c\u00f4t\u00e9s droits.<\/p>\n<h3>Finition de l&rsquo;ombre du DLC<\/h3>\n<p>Le rev\u00eatement complet en carbone de type diamant sur toutes les surfaces offre une duret\u00e9 extr\u00eame, une r\u00e9sistance \u00e0 l&rsquo;usure et une esth\u00e9tique noircie \u00e9l\u00e9gante. La finition DLC ajoute \u00e9galement une couche de protection contre la corrosion au-del\u00e0 de l&rsquo;acier M390MK d\u00e9j\u00e0 r\u00e9sistant.<\/p>\n<h3>Composants Premium<\/h3>\n<ul>\n<li>Lame de poignard \u00e0 double tranchant Bohler M390MK avec rev\u00eatement DLC<\/li>\n<li>Poign\u00e9e en aluminium 6061-T6 avec finition DLC Shadow<\/li>\n<li>Mat\u00e9riel et clip de poche avec rev\u00eatement DLC<\/li>\n<li>Bouton de d\u00e9clenchement mont\u00e9 sur le dessus pour un fonctionnement ambidextre<\/li>\n<li>Brise-vitre int\u00e9gr\u00e9<\/li>\n<li>D\u00e9signation de la s\u00e9rie Signature<\/li>\n<\/ul>\n<h3>Sp\u00e9cifications<\/h3>\n<table class=\"shop_attributes\">\n<tr>\n<td><strong>Type<\/strong><\/td>\n<td>Automatique \u00e0 l&rsquo;avant<\/td>\n<\/tr>\n<tr>\n<td><strong>Longueur de la lame<\/strong><\/td>\n<td>3,79&Prime;<\/td>\n<\/tr>\n<tr>\n<td><strong>Longueur totale<\/strong><\/td>\n<td>9.40&Prime;<\/td>\n<\/tr>\n<tr>\n<td><strong>Longueur du manche<\/strong><\/td>\n<td>5,50&Prime;<\/td>\n<\/tr>\n<tr>\n<td><strong>Lame en acier<\/strong><\/td>\n<td>Bohler M390MK (rev\u00eatement DLC)<\/td>\n<\/tr>\n<tr>\n<td><strong>Mat\u00e9riau du manche<\/strong><\/td>\n<td>Aluminium 6061-T6 (DLC Shadow)<\/td>\n<\/tr>\n<tr>\n<td><strong>Poids<\/strong><\/td>\n<td>4,60 onces<\/td>\n<\/tr>\n<tr>\n<td><strong>Style de lame<\/strong><\/td>\n<td>Dague \/ Double Tranchant (D\/E)<\/td>\n<\/tr>\n<tr>\n<td><strong>Finition de la lame<\/strong><\/td>\n<td>DLC Ombre<\/td>\n<\/tr>\n<tr>\n<td><strong>Mat\u00e9riel<\/strong><\/td>\n<td>Rev\u00eatement DLC<\/td>\n<\/tr>\n<tr>\n<td><strong>Type de bord<\/strong><\/td>\n<td>Plain<\/td>\n<\/tr>\n<tr>\n<td><strong>S\u00e9rie<\/strong><\/td>\n<td>S\u00e9rie Signature<\/td>\n<\/tr>\n<tr>\n<td><strong>Pays d&rsquo;origine<\/strong><\/td>\n<td>\u00c9tats-Unis<\/td>\n<\/tr>\n<\/tbody>\n<\/table>\n","protected":false},"excerpt":{"rendered":"<p>Dirac Delta Signature Series OTF automatique avec finition DLC Shadow compl\u00e8te \u2013 lame de poignard \u00e0 double tranchant M390MK avec rev\u00eatement DLC et poign\u00e9e en aluminium DLC. Bouton de tir mont\u00e9 sur le dessus. Lame de 3,79\u00a0\u2033, 9,40\u00a0\u2033 au total, 4,6 oz.<\/p>\n","protected":false},"featured_media":731430,"template":"","meta":{"_acf_changed":false},"product_brand":[15531],"product_cat":[15995,15344],"product_tag":[],"class_list":{"0":"post-732254","1":"product","2":"type-product","3":"status-publish","4":"has-post-thumbnail","6":"product_brand-microtech","7":"product_cat-otf-knives-fr","8":"product_cat-knives-fr","10":"first","11":"outofstock","12":"taxable","13":"shipping-taxable","14":"purchasable","15":"product-type-simple"},"acf":[],"_links":{"self":[{"href":"https:\/\/nbg.eu\/fr\/wp-json\/wp\/v2\/product\/732254","targetHints":{"allow":["GET"]}}],"collection":[{"href":"https:\/\/nbg.eu\/fr\/wp-json\/wp\/v2\/product"}],"about":[{"href":"https:\/\/nbg.eu\/fr\/wp-json\/wp\/v2\/types\/product"}],"wp:featuredmedia":[{"embeddable":true,"href":"https:\/\/nbg.eu\/fr\/wp-json\/wp\/v2\/media\/731430"}],"wp:attachment":[{"href":"https:\/\/nbg.eu\/fr\/wp-json\/wp\/v2\/media?parent=732254"}],"wp:term":[{"taxonomy":"product_brand","embeddable":true,"href":"https:\/\/nbg.eu\/fr\/wp-json\/wp\/v2\/product_brand?post=732254"},{"taxonomy":"product_cat","embeddable":true,"href":"https:\/\/nbg.eu\/fr\/wp-json\/wp\/v2\/product_cat?post=732254"},{"taxonomy":"product_tag","embeddable":true,"href":"https:\/\/nbg.eu\/fr\/wp-json\/wp\/v2\/product_tag?post=732254"}],"curies":[{"name":"wp","href":"https:\/\/api.w.org\/{rel}","templated":true}]}}