{"id":734307,"date":"2026-03-24T13:40:18","date_gmt":"2026-03-24T10:40:18","guid":{"rendered":"https:\/\/nbg.eu\/product\/chargeur-bergara-b14-aics-short-action-10-coups\/"},"modified":"2026-04-02T14:37:25","modified_gmt":"2026-04-02T11:37:25","slug":"chargeur-bergara-b14-aics-short-action-10-coups","status":"publish","type":"product","link":"https:\/\/nbg.eu\/fr\/produit\/chargeur-bergara-b14-aics-short-action-10-coups\/","title":{"rendered":"Chargeur Bergara B14 AICS Short Action 10 coups"},"content":{"rendered":"<h2>Bergara B14 AICS Magazine Short Action 10-Round<\/h2>\n<p>Chargeur AICS 10 coups pour B14 HMR. Compatible 6.5 Creedmoor et .308 Win.<\/p>\n<table class=\"product-specs\">\n<tbody>\n<tr>\n<th>Calibre<\/th>\n<td>6.5 Creedmoor \/ .308 Win<\/td>\n<\/tr>\n<tr>\n<th>Capacit\u00e9 du chargeur<\/th>\n<td>10 rounds<\/td>\n<\/tr>\n<tr>\n<th>Platform<\/th>\n<td>Bergara B14 Short Action (AICS)<\/td>\n<\/tr>\n<tr>\n<th>Mat\u00e9riau<\/th>\n<td>Polyamide<\/td>\n<\/tr>\n<tr>\n<th>Manufacturer<\/th>\n<td>Bergara, Spain<\/td>\n<\/tr>\n<\/tbody>\n<\/table>\n","protected":false},"excerpt":{"rendered":"<p>Chargeur slim-line Bergara original 10 coups pour carabines B14 AICS Short Action. Compatible 6.5 Creedmoor, .308 Win. Construction polym\u00e8re l\u00e9g\u00e8re pour une alimentation fiable en comp\u00e9tition et \u00e0 la chasse.<\/p>\n","protected":false},"featured_media":734308,"template":"","meta":{"_acf_changed":false},"product_brand":[16024],"product_cat":[12200],"product_tag":[],"class_list":{"0":"post-734307","1":"product","2":"type-product","3":"status-publish","4":"has-post-thumbnail","6":"product_brand-bergara","7":"product_cat-chargeurs-de-fusil","9":"first","10":"instock","11":"taxable","12":"shipping-taxable","13":"purchasable","14":"product-type-simple"},"acf":[],"_links":{"self":[{"href":"https:\/\/nbg.eu\/fr\/wp-json\/wp\/v2\/product\/734307","targetHints":{"allow":["GET"]}}],"collection":[{"href":"https:\/\/nbg.eu\/fr\/wp-json\/wp\/v2\/product"}],"about":[{"href":"https:\/\/nbg.eu\/fr\/wp-json\/wp\/v2\/types\/product"}],"wp:featuredmedia":[{"embeddable":true,"href":"https:\/\/nbg.eu\/fr\/wp-json\/wp\/v2\/media\/734308"}],"wp:attachment":[{"href":"https:\/\/nbg.eu\/fr\/wp-json\/wp\/v2\/media?parent=734307"}],"wp:term":[{"taxonomy":"product_brand","embeddable":true,"href":"https:\/\/nbg.eu\/fr\/wp-json\/wp\/v2\/product_brand?post=734307"},{"taxonomy":"product_cat","embeddable":true,"href":"https:\/\/nbg.eu\/fr\/wp-json\/wp\/v2\/product_cat?post=734307"},{"taxonomy":"product_tag","embeddable":true,"href":"https:\/\/nbg.eu\/fr\/wp-json\/wp\/v2\/product_tag?post=734307"}],"curies":[{"name":"wp","href":"https:\/\/api.w.org\/{rel}","templated":true}]}}