{"id":74143,"date":"2024-10-18T22:52:52","date_gmt":"2024-10-18T19:52:52","guid":{"rendered":"https:\/\/nbg.eu\/product\/mag-release-button-kmr-black\/"},"modified":"2026-04-16T16:59:54","modified_gmt":"2026-04-16T13:59:54","slug":"bouton-de-liberation-de-chargeur-kmr-noir","status":"publish","type":"product","link":"https:\/\/nbg.eu\/fr\/produit\/bouton-de-liberation-de-chargeur-kmr-noir\/","title":{"rendered":"KMR Bouton de Lib\u00e9ration du Chargeur Standard Noir"},"content":{"rendered":"<h2>Bouton de lib\u00e9ration de chargeur KMR &#8211; Noir<\/h2>\n<p>Le bouton de lib\u00e9ration de chargeur KMR est un accessoire essentiel pour vos syst\u00e8mes d&rsquo;armes, con\u00e7u pour fournir un m\u00e9canisme de lib\u00e9ration de chargeur s\u00e9curis\u00e9 et fiable.<\/p>\n<p>Avec sa finition noire \u00e9l\u00e9gante, le bouton de lib\u00e9ration de chargeur KMR est non seulement fonctionnel, mais apporte \u00e9galement une touche d&rsquo;\u00e9l\u00e9gance tactique \u00e0 votre arme. Construit \u00e0 partir de mat\u00e9riaux durables, ce bouton assure une lib\u00e9ration de chargeur fluide et fiable \u00e0 chaque fois, permettant des recharges rapides et une transition sans faille entre les tirs.<\/p>\n<p>Que vous soyez un tireur professionnel ou que vous d\u00e9butiez, le bouton de lib\u00e9ration de chargeur KMR est un accessoire essentiel qui peut am\u00e9liorer les performances et la fiabilit\u00e9 de vos syst\u00e8mes d&rsquo;armes. Avec sa compatibilit\u00e9 polyvalente et sa conception robuste, ce bouton est un \u00e9l\u00e9ment indispensable pour tout passionn\u00e9 d&rsquo;armes \u00e0 feu.<\/p>\n<p>Pour les armes KMR :<\/p>\n<p>KMR L-02 EMIQ<\/p>\n<p>KMR L-02 EMIQ (OR)<\/p>\n<p>KMR L-02 ORCA JUSQU&rsquo;\u00c0 2023<\/p>\n<p>KMR L-02 SPECTRA \u00c0 PARTIR DE 2024<\/p>\n<p>KMR L-02 SPECTRA JUSQU&rsquo;\u00c0 2023<\/p>\n<p>KMR L-02 UMBRA \u00c0 PARTIR DE 2024<\/p>\n<p>KMR L-02 UMBRA JUSQU&rsquo;\u00c0 2023<\/p>\n<p>KMR S-01 LANCE (OR)<\/p>\n<p>KMR S-02 JUSQU&rsquo;\u00c0 2023<\/p>\n<p>KMR W-02 CUDA \u00c0 PARTIR DE 2024<\/p>\n<p>KMR W-02 CUDA JUSQU&rsquo;\u00c0 2023<\/p>\n<p>KMR W-02 UMBRA<\/p>\n<p>KMR W-02 UMBRA (OR)<\/p>\n<p>R\u00e9f\u00e9rence 0180-00801-0101<\/p>\n","protected":false},"excerpt":{"rendered":"<p>Bouton de lib\u00e9ration du chargeur pour les armes KMR, disponible en noir.<\/p>\n","protected":false},"featured_media":72239,"template":"","meta":{"_acf_changed":false},"product_brand":[11499],"product_cat":[12143],"product_tag":[],"class_list":{"0":"post-74143","1":"product","2":"type-product","3":"status-publish","4":"has-post-thumbnail","6":"product_brand-kmr-precision","7":"product_cat-pieces-kmr","9":"first","10":"instock","11":"taxable","12":"shipping-taxable","13":"purchasable","14":"product-type-simple"},"acf":[],"_links":{"self":[{"href":"https:\/\/nbg.eu\/fr\/wp-json\/wp\/v2\/product\/74143","targetHints":{"allow":["GET"]}}],"collection":[{"href":"https:\/\/nbg.eu\/fr\/wp-json\/wp\/v2\/product"}],"about":[{"href":"https:\/\/nbg.eu\/fr\/wp-json\/wp\/v2\/types\/product"}],"wp:featuredmedia":[{"embeddable":true,"href":"https:\/\/nbg.eu\/fr\/wp-json\/wp\/v2\/media\/72239"}],"wp:attachment":[{"href":"https:\/\/nbg.eu\/fr\/wp-json\/wp\/v2\/media?parent=74143"}],"wp:term":[{"taxonomy":"product_brand","embeddable":true,"href":"https:\/\/nbg.eu\/fr\/wp-json\/wp\/v2\/product_brand?post=74143"},{"taxonomy":"product_cat","embeddable":true,"href":"https:\/\/nbg.eu\/fr\/wp-json\/wp\/v2\/product_cat?post=74143"},{"taxonomy":"product_tag","embeddable":true,"href":"https:\/\/nbg.eu\/fr\/wp-json\/wp\/v2\/product_tag?post=74143"}],"curies":[{"name":"wp","href":"https:\/\/api.w.org\/{rel}","templated":true}]}}