{"id":746586,"date":"2026-04-16T10:49:54","date_gmt":"2026-04-16T07:49:54","guid":{"rendered":"https:\/\/nbg.eu\/product\/kmr-plaquettes-l-dotmatrix-ergo\/"},"modified":"2026-04-16T16:57:54","modified_gmt":"2026-04-16T13:57:54","slug":"kmr-plaquettes-l-dotmatrix-ergo","status":"publish","type":"product","link":"https:\/\/nbg.eu\/fr\/produit\/kmr-plaquettes-l-dotmatrix-ergo\/","title":{"rendered":"KMR Plaquettes L DotMatrix Ergo"},"content":{"rendered":"<h2>PLAQUETTES KMR L DotMatrix Ergo<\/h2>\n<p>Am\u00e9liorez votre exp\u00e9rience de tir avec les Plaquettes KMR L DotMatrix Ergo. Ces plaquettes durables sont fabriqu\u00e9es en duralumin anodis\u00e9 et offrent une prise et un contr\u00f4le excellents.<\/p>\n<ul>\n<li>Construction durable en duralumin anodis\u00e9<\/li>\n<li>Texture agressive pour une prise s\u00fbre<\/li>\n<li>Id\u00e9al pour la mise \u00e0 niveau ou les armes de comp\u00e9tition<\/li>\n<li>Vis torx incluses pour une installation facile<\/li>\n<li>Avec logo KMR<\/li>\n<li>Disponible en plusieurs couleurs<\/li>\n<\/ul>\n<dl class=\"data-sheet\">\n<dt class=\"name\">Pour Armes KMR<\/dt>\n<dd class=\"value\">KMR L-02 SPECTRA UNTIL 2023<br \/>\nKMR L-02 UMBRA UNTIL 2023<\/dd>\n<\/dl>\n","protected":false},"excerpt":{"rendered":"<p>Plaquettes ergonomiques de pr\u00e9cision avec texture DotMatrix agressive pour un contr\u00f4le et une gestion du recul maximaux.<\/p>\n","protected":false},"featured_media":24407,"template":"","meta":{"_acf_changed":false},"product_brand":[11499],"product_cat":[12143,14867],"product_tag":[],"class_list":{"0":"post-746586","1":"product","2":"type-product","3":"status-publish","4":"has-post-thumbnail","6":"product_brand-kmr-precision","7":"product_cat-pieces-kmr","8":"product_cat-pistol-grips-fr","10":"first","11":"outofstock","12":"taxable","13":"shipping-taxable","14":"purchasable","15":"product-type-variable","16":"wvs-archive-product-wrapper"},"acf":[],"_links":{"self":[{"href":"https:\/\/nbg.eu\/fr\/wp-json\/wp\/v2\/product\/746586","targetHints":{"allow":["GET"]}}],"collection":[{"href":"https:\/\/nbg.eu\/fr\/wp-json\/wp\/v2\/product"}],"about":[{"href":"https:\/\/nbg.eu\/fr\/wp-json\/wp\/v2\/types\/product"}],"wp:featuredmedia":[{"embeddable":true,"href":"https:\/\/nbg.eu\/fr\/wp-json\/wp\/v2\/media\/24407"}],"wp:attachment":[{"href":"https:\/\/nbg.eu\/fr\/wp-json\/wp\/v2\/media?parent=746586"}],"wp:term":[{"taxonomy":"product_brand","embeddable":true,"href":"https:\/\/nbg.eu\/fr\/wp-json\/wp\/v2\/product_brand?post=746586"},{"taxonomy":"product_cat","embeddable":true,"href":"https:\/\/nbg.eu\/fr\/wp-json\/wp\/v2\/product_cat?post=746586"},{"taxonomy":"product_tag","embeddable":true,"href":"https:\/\/nbg.eu\/fr\/wp-json\/wp\/v2\/product_tag?post=746586"}],"curies":[{"name":"wp","href":"https:\/\/api.w.org\/{rel}","templated":true}]}}