{"id":747628,"date":"2026-04-16T10:53:11","date_gmt":"2026-04-16T07:53:11","guid":{"rendered":"https:\/\/nbg.eu\/product\/kmr-plaquettes-w-modular-sandpaper\/"},"modified":"2026-04-16T16:57:25","modified_gmt":"2026-04-16T13:57:25","slug":"kmr-plaquettes-w-modular-sandpaper","status":"publish","type":"product","link":"https:\/\/nbg.eu\/fr\/produit\/kmr-plaquettes-w-modular-sandpaper\/","title":{"rendered":"KMR Plaquettes W Modular Sandpaper"},"content":{"rendered":"<h2>PLAQUETTES KMR W Modular Sandpaper<\/h2>\n<p>Am\u00e9liorez votre exp\u00e9rience de tir avec les Plaquettes KMR W Modular Sandpaper. Ces plaquettes durables sont fabriqu\u00e9es en duralumin anodis\u00e9 et offrent une prise et un contr\u00f4le excellents.<\/p>\n<ul>\n<li>Construction durable en duralumin anodis\u00e9<\/li>\n<li>Texture agressive pour une prise s\u00fbre<\/li>\n<li>Id\u00e9al pour la mise \u00e0 niveau ou les armes de comp\u00e9tition<\/li>\n<li>Vis torx incluses pour une installation facile<\/li>\n<li>Avec logo KMR<\/li>\n<li>Disponible en plusieurs couleurs<\/li>\n<\/ul>\n<dl class=\"data-sheet\">\n<dt class=\"name\">Pour Armes KMR<\/dt>\n<dd class=\"value\">KMR W-02 CUDA (UNTIL 2023)<br \/>\nKMR W-02 UMBRA<br \/>\nKMR W-02 UMBRA (OR)<\/dd>\n<\/dl>\n","protected":false},"excerpt":{"rendered":"<p>Plaquettes Modular longues et durables en duralumin anodis\u00e9.<\/p>\n","protected":false},"featured_media":359269,"template":"","meta":{"_acf_changed":false},"product_brand":[11499],"product_cat":[12143,14867],"product_tag":[],"class_list":{"0":"post-747628","1":"product","2":"type-product","3":"status-publish","4":"has-post-thumbnail","6":"product_brand-kmr-precision","7":"product_cat-pieces-kmr","8":"product_cat-pistol-grips-fr","10":"first","11":"instock","12":"taxable","13":"shipping-taxable","14":"purchasable","15":"product-type-variable","16":"wvs-archive-product-wrapper"},"acf":[],"_links":{"self":[{"href":"https:\/\/nbg.eu\/fr\/wp-json\/wp\/v2\/product\/747628","targetHints":{"allow":["GET"]}}],"collection":[{"href":"https:\/\/nbg.eu\/fr\/wp-json\/wp\/v2\/product"}],"about":[{"href":"https:\/\/nbg.eu\/fr\/wp-json\/wp\/v2\/types\/product"}],"wp:featuredmedia":[{"embeddable":true,"href":"https:\/\/nbg.eu\/fr\/wp-json\/wp\/v2\/media\/359269"}],"wp:attachment":[{"href":"https:\/\/nbg.eu\/fr\/wp-json\/wp\/v2\/media?parent=747628"}],"wp:term":[{"taxonomy":"product_brand","embeddable":true,"href":"https:\/\/nbg.eu\/fr\/wp-json\/wp\/v2\/product_brand?post=747628"},{"taxonomy":"product_cat","embeddable":true,"href":"https:\/\/nbg.eu\/fr\/wp-json\/wp\/v2\/product_cat?post=747628"},{"taxonomy":"product_tag","embeddable":true,"href":"https:\/\/nbg.eu\/fr\/wp-json\/wp\/v2\/product_tag?post=747628"}],"curies":[{"name":"wp","href":"https:\/\/api.w.org\/{rel}","templated":true}]}}