{"id":747789,"date":"2026-04-16T10:53:42","date_gmt":"2026-04-16T07:53:42","guid":{"rendered":"https:\/\/nbg.eu\/product\/kmr-disconnecteur-taille-1\/"},"modified":"2026-04-16T16:57:21","modified_gmt":"2026-04-16T13:57:21","slug":"kmr-disconnecteur-taille-1","status":"publish","type":"product","link":"https:\/\/nbg.eu\/fr\/produit\/kmr-disconnecteur-taille-1\/","title":{"rendered":"KMR Disconnecteur Taille 1"},"content":{"rendered":"<h2>DISCONNECTEUR KMR TAILLE 1 0,2 -0,3<\/h2>\n<p>Disconnecteur sportif pour pistolets KMR. Con\u00e7u pour le \u00ab\u00a0tuning\u00a0\u00bb des pistolets de sport. Il raccourcit la course de la d\u00e9tente, all\u00e8ge la d\u00e9tente et r\u00e9duit le reset de l&rsquo;arme. Cela rend le disconnecteur particuli\u00e8rement adapt\u00e9 aux tireurs sportifs qui souhaitent minimiser les \u00e0-coups et optimiser un tir pr\u00e9cis et rapide.<\/p>\n<p>Pour Armes KMR:<br \/>\nKMR L-02 SPECTRA UNTIL 2023<br \/>\nKMR L-02 UMBRA (OR) SR<br \/>\nKMR S-01 LANCE (OR)<br \/>\nKMR S-02 FROM 2024<br \/>\nKMR S-02 UNTIL 2023<br \/>\nKMR W-02 UMBRA (OR)<\/p>\n<p>Reference 0740-00109-0000<\/p>\n","protected":false},"excerpt":{"rendered":"<p>Disconnecteur sport optimis\u00e9 pour pistolets KMR, r\u00e9duit la course et le reset de la d\u00e9tente.<\/p>\n","protected":false},"featured_media":25012,"template":"","meta":{"_acf_changed":false},"product_brand":[11499],"product_cat":[12143],"product_tag":[],"class_list":{"0":"post-747789","1":"product","2":"type-product","3":"status-publish","4":"has-post-thumbnail","6":"product_brand-kmr-precision","7":"product_cat-pieces-kmr","9":"first","10":"instock","11":"taxable","12":"shipping-taxable","13":"product-type-variable","14":"wvs-archive-product-wrapper"},"acf":[],"_links":{"self":[{"href":"https:\/\/nbg.eu\/fr\/wp-json\/wp\/v2\/product\/747789","targetHints":{"allow":["GET"]}}],"collection":[{"href":"https:\/\/nbg.eu\/fr\/wp-json\/wp\/v2\/product"}],"about":[{"href":"https:\/\/nbg.eu\/fr\/wp-json\/wp\/v2\/types\/product"}],"wp:featuredmedia":[{"embeddable":true,"href":"https:\/\/nbg.eu\/fr\/wp-json\/wp\/v2\/media\/25012"}],"wp:attachment":[{"href":"https:\/\/nbg.eu\/fr\/wp-json\/wp\/v2\/media?parent=747789"}],"wp:term":[{"taxonomy":"product_brand","embeddable":true,"href":"https:\/\/nbg.eu\/fr\/wp-json\/wp\/v2\/product_brand?post=747789"},{"taxonomy":"product_cat","embeddable":true,"href":"https:\/\/nbg.eu\/fr\/wp-json\/wp\/v2\/product_cat?post=747789"},{"taxonomy":"product_tag","embeddable":true,"href":"https:\/\/nbg.eu\/fr\/wp-json\/wp\/v2\/product_tag?post=747789"}],"curies":[{"name":"wp","href":"https:\/\/api.w.org\/{rel}","templated":true}]}}