{"id":748550,"date":"2026-04-16T10:56:25","date_gmt":"2026-04-16T07:56:25","guid":{"rendered":"https:\/\/nbg.eu\/product\/kmr-boitier-de-ressort-al\/"},"modified":"2026-04-16T16:57:06","modified_gmt":"2026-04-16T13:57:06","slug":"kmr-boitier-de-ressort-al","status":"publish","type":"product","link":"https:\/\/nbg.eu\/fr\/produit\/kmr-boitier-de-ressort-al\/","title":{"rendered":"KMR Bo\u00eetier de Ressort de Recul AL"},"content":{"rendered":"<h2>BO\u00ceTIER DE RESSORT KMR 5&Prime; AL<\/h2>\n<p>Avec une longueur de 5 pouces, ce bo\u00eetier de ressort offre une solution s\u00fbre et fiable pour votre syst\u00e8me d&rsquo;arme KMR. Sa construction robuste garantit des performances durables, tandis que le mat\u00e9riau en aluminium offre un design l\u00e9ger mais solide.<\/p>\n<p>Le Bo\u00eetier de Ressort KMR 5&Prime; AL est un accessoire de haute qualit\u00e9 con\u00e7u pour des mod\u00e8les KMR sp\u00e9cifiques. Fabriqu\u00e9 en aluminium durable, compatible avec les mod\u00e8les suivants :<\/p>\n<ul>\n<p>KMR L-02 ORCA (from 2024)<\/p>\n<p>KMR L-02 ORCA (until 2023)<\/p>\n<p>KMR L-02 SPECTRA (from 2024)<\/p>\n<p>KMR L-02 SPECTRA (until 2023)<\/p>\n<\/ul>\n<p>Product Reference: 0710-01603-0201<\/p>\n","protected":false},"excerpt":{"rendered":"<p>Bo\u00eetier de ressort pour pistolets s\u00e9rie KMR, 5&#8243; en aluminium.<\/p>\n","protected":false},"featured_media":24476,"template":"","meta":{"_acf_changed":false},"product_brand":[11499],"product_cat":[12143,12161],"product_tag":[],"class_list":{"0":"post-748550","1":"product","2":"type-product","3":"status-publish","4":"has-post-thumbnail","6":"product_brand-kmr-precision","7":"product_cat-pieces-kmr","8":"product_cat-ressorts","10":"first","11":"instock","12":"taxable","13":"shipping-taxable","14":"product-type-variable","15":"wvs-archive-product-wrapper"},"acf":[],"_links":{"self":[{"href":"https:\/\/nbg.eu\/fr\/wp-json\/wp\/v2\/product\/748550","targetHints":{"allow":["GET"]}}],"collection":[{"href":"https:\/\/nbg.eu\/fr\/wp-json\/wp\/v2\/product"}],"about":[{"href":"https:\/\/nbg.eu\/fr\/wp-json\/wp\/v2\/types\/product"}],"wp:featuredmedia":[{"embeddable":true,"href":"https:\/\/nbg.eu\/fr\/wp-json\/wp\/v2\/media\/24476"}],"wp:attachment":[{"href":"https:\/\/nbg.eu\/fr\/wp-json\/wp\/v2\/media?parent=748550"}],"wp:term":[{"taxonomy":"product_brand","embeddable":true,"href":"https:\/\/nbg.eu\/fr\/wp-json\/wp\/v2\/product_brand?post=748550"},{"taxonomy":"product_cat","embeddable":true,"href":"https:\/\/nbg.eu\/fr\/wp-json\/wp\/v2\/product_cat?post=748550"},{"taxonomy":"product_tag","embeddable":true,"href":"https:\/\/nbg.eu\/fr\/wp-json\/wp\/v2\/product_tag?post=748550"}],"curies":[{"name":"wp","href":"https:\/\/api.w.org\/{rel}","templated":true}]}}