{"id":749260,"date":"2026-04-24T11:17:23","date_gmt":"2026-04-24T08:17:23","guid":{"rendered":"https:\/\/nbg.eu\/product\/eberlestock-wrs-retention-strap\/"},"modified":"2026-04-24T11:58:32","modified_gmt":"2026-04-24T08:58:32","slug":"eberlestock-wrs-retention-strap","status":"publish","type":"product","link":"https:\/\/nbg.eu\/fr\/produit\/eberlestock-wrs-retention-strap\/","title":{"rendered":"Eberlestock WRS-Retention Strap"},"content":{"rendered":"<h2>Eberlestock WRS-Retention Strap<\/h2>\n<p>L&rsquo;Eberlestock WRS Retention Strap est un accessoire simple mais extr\u00eamement efficace con\u00e7u pour am\u00e9liorer le contr\u00f4le et l&rsquo;adaptabilit\u00e9 de votre syst\u00e8me de portage. Disponible en plusieurs coloris assortis \u00e0 votre \u00e9quipement Eberlestock existant, cette sangle l\u00e9g\u00e8re offre aux utilisateurs une plus grande flexibilit\u00e9 pour fixer armes, \u00e9quipements et accessoires sur les plateformes compatibles MOLLE.<\/p>\n<h3>Caract\u00e9ristiques principales<\/h3>\n<ul>\n<li>Fixation universelle compatible MOLLE pour utilisation avec les sacs et accessoires Eberlestock<\/li>\n<li>Con\u00e7u pour la r\u00e9tention d&rsquo;arme et la fixation polyvalente d&rsquo;\u00e9quipement<\/li>\n<li>Design discret qui s&rsquo;int\u00e8gre parfaitement aux configurations existantes<\/li>\n<li>Fonctionnalit\u00e9 de r\u00e9glage rapide pour d\u00e9ploiement et rangement rapides<\/li>\n<li>Disponible en plusieurs coloris : Dry Earth, Military Green, Coyote Brown et Multicam<\/li>\n<li>Couvert par la garantie \u00e0 vie Eberlestock<\/li>\n<\/ul>\n<h3>Sp\u00e9cifications<\/h3>\n<table>\n<tr>\n<td><strong>R\u00e9f\u00e9rences<\/strong><\/td>\n<td>WRSME (Dry Earth), WRSMJ (Military Green), WRSMC (Coyote Brown), WRSMM (Multicam)<\/td>\n<\/tr>\n<tr>\n<td><strong>Poids<\/strong><\/td>\n<td>4 oz<\/td>\n<\/tr>\n<tr>\n<td><strong>Compatibilit\u00e9<\/strong><\/td>\n<td>MOLLE \/ PALS<\/td>\n<\/tr>\n<tr>\n<td><strong>Fabricant<\/strong><\/td>\n<td>Eberlestock (Entreprise de v\u00e9t\u00e9rans)<\/td>\n<\/tr>\n<\/table>\n","protected":false},"excerpt":{"rendered":"<p>L&rsquo;Eberlestock WRS Retention Strap est un accessoire simple mais extr\u00eamement efficace con\u00e7u pour am\u00e9liorer le contr\u00f4le et l&rsquo;adaptabilit\u00e9 de votre syst\u00e8me de portage. Disponible en plusieurs coloris assortis \u00e0 votre \u00e9quipement Eberlestock existant, cette sangle l\u00e9g\u00e8re offre aux utilisateurs une plus grande flexibilit\u00e9 pour fixer armes, \u00e9quipements et accessoires sur les plateformes compatibles MOLLE.<\/p>\n","protected":false},"featured_media":749261,"template":"","meta":{"_acf_changed":false},"product_brand":[15151],"product_cat":[12201],"product_tag":[],"class_list":{"0":"post-749260","1":"product","2":"type-product","3":"status-publish","4":"has-post-thumbnail","6":"product_brand-eberlestock","7":"product_cat-equipement","9":"first","10":"outofstock","11":"taxable","12":"shipping-taxable","13":"purchasable","14":"product-type-variable","15":"wvs-archive-product-wrapper"},"acf":[],"_links":{"self":[{"href":"https:\/\/nbg.eu\/fr\/wp-json\/wp\/v2\/product\/749260","targetHints":{"allow":["GET"]}}],"collection":[{"href":"https:\/\/nbg.eu\/fr\/wp-json\/wp\/v2\/product"}],"about":[{"href":"https:\/\/nbg.eu\/fr\/wp-json\/wp\/v2\/types\/product"}],"wp:featuredmedia":[{"embeddable":true,"href":"https:\/\/nbg.eu\/fr\/wp-json\/wp\/v2\/media\/749261"}],"wp:attachment":[{"href":"https:\/\/nbg.eu\/fr\/wp-json\/wp\/v2\/media?parent=749260"}],"wp:term":[{"taxonomy":"product_brand","embeddable":true,"href":"https:\/\/nbg.eu\/fr\/wp-json\/wp\/v2\/product_brand?post=749260"},{"taxonomy":"product_cat","embeddable":true,"href":"https:\/\/nbg.eu\/fr\/wp-json\/wp\/v2\/product_cat?post=749260"},{"taxonomy":"product_tag","embeddable":true,"href":"https:\/\/nbg.eu\/fr\/wp-json\/wp\/v2\/product_tag?post=749260"}],"curies":[{"name":"wp","href":"https:\/\/api.w.org\/{rel}","templated":true}]}}