{"id":749449,"date":"2026-04-24T11:17:29","date_gmt":"2026-04-24T08:17:29","guid":{"rendered":"https:\/\/nbg.eu\/product\/eberlestock-freefall-2000-sac-a-dos\/"},"modified":"2026-04-24T11:59:31","modified_gmt":"2026-04-24T08:59:31","slug":"eberlestock-freefall-2000-sac-a-dos","status":"publish","type":"product","link":"https:\/\/nbg.eu\/fr\/produit\/eberlestock-freefall-2000-sac-a-dos\/","title":{"rendered":"Eberlestock FreeFall 2000 Sac \u00e0 Dos"},"content":{"rendered":"<h2>Eberlestock FreeFall 2000 Sac \u00e0 Dos<\/h2>\n<p>L&rsquo;Eberlestock FreeFall 2000 est une plateforme polyvalente et profil\u00e9e, capable d&rsquo;accueillir des excursions de plusieurs jours avec un \u00e9quipement minimaliste ou des sorties \u00e0 la journ\u00e9e avec un chargement complet. Dot\u00e9 d&rsquo;un couvercle spacieux, de sept poches int\u00e9rieures, d&rsquo;un compartiment pour poche \u00e0 eau, de sangles de compression et de poches de ceinture, ce sac \u00e0 dos est con\u00e7u pour les passionn\u00e9s de plein air et les op\u00e9rateurs tactiques exigeants.<\/p>\n<h3>Caract\u00e9ristiques principales<\/h3>\n<ul>\n<li>2000 c.i. \/ 32.8L capacity<\/li>\n<li>Spacious top lid<\/li>\n<li>Seven interior pockets<\/li>\n<li>Water bladder sleeve<\/li>\n<li>Compression straps<\/li>\n<li>Hip-belt pockets<\/li>\n<li>Aluminum frame<\/li>\n<li>Eberlestock Lifetime Warranty<\/li>\n<\/ul>\n<h3>Sp\u00e9cifications<\/h3>\n<table>\n<tr>\n<td><strong>Volume<\/strong><\/td>\n<td>2000 c.i. \/ 32.8L<\/td>\n<\/tr>\n<tr>\n<td><strong>Poids<\/strong><\/td>\n<td>4 lbs 9 oz<\/td>\n<\/tr>\n<tr>\n<td><strong>Cadre<\/strong><\/td>\n<td>Aluminum<\/td>\n<\/tr>\n<tr>\n<td><strong>R\u00e9f\u00e9rences<\/strong><\/td>\n<td>V7MC, V7GY, V7MB, V7ME, V7MJ, V7MM<\/td>\n<\/tr>\n<tr>\n<td><strong>Fabricant<\/strong><\/td>\n<td>Eberlestock (Entreprise de v\u00e9t\u00e9rans)<\/td>\n<\/tr>\n<\/table>\n","protected":false},"excerpt":{"rendered":"<p>L&rsquo;Eberlestock FreeFall 2000 est une plateforme polyvalente et profil\u00e9e, capable d&rsquo;accueillir des excursions de plusieurs jours avec un \u00e9quipement minimaliste ou des sorties \u00e0 la journ\u00e9e avec un chargement complet. Dot\u00e9 d&rsquo;un couvercle spacieux, de sept poches int\u00e9rieures, d&rsquo;un compartiment pour poche \u00e0 eau, de sangles de compression et de poches de ceinture, ce sac \u00e0 dos est con\u00e7u pour les passionn\u00e9s de plein air et les op\u00e9rateurs tactiques exigeants.<\/p>\n","protected":false},"featured_media":749450,"template":"","meta":{"_acf_changed":false},"product_brand":[15151],"product_cat":[12137],"product_tag":[],"class_list":{"0":"post-749449","1":"product","2":"type-product","3":"status-publish","4":"has-post-thumbnail","6":"product_brand-eberlestock","7":"product_cat-sacs-a-dos","9":"first","10":"outofstock","11":"taxable","12":"shipping-taxable","13":"purchasable","14":"product-type-variable","15":"wvs-archive-product-wrapper"},"acf":[],"_links":{"self":[{"href":"https:\/\/nbg.eu\/fr\/wp-json\/wp\/v2\/product\/749449","targetHints":{"allow":["GET"]}}],"collection":[{"href":"https:\/\/nbg.eu\/fr\/wp-json\/wp\/v2\/product"}],"about":[{"href":"https:\/\/nbg.eu\/fr\/wp-json\/wp\/v2\/types\/product"}],"wp:featuredmedia":[{"embeddable":true,"href":"https:\/\/nbg.eu\/fr\/wp-json\/wp\/v2\/media\/749450"}],"wp:attachment":[{"href":"https:\/\/nbg.eu\/fr\/wp-json\/wp\/v2\/media?parent=749449"}],"wp:term":[{"taxonomy":"product_brand","embeddable":true,"href":"https:\/\/nbg.eu\/fr\/wp-json\/wp\/v2\/product_brand?post=749449"},{"taxonomy":"product_cat","embeddable":true,"href":"https:\/\/nbg.eu\/fr\/wp-json\/wp\/v2\/product_cat?post=749449"},{"taxonomy":"product_tag","embeddable":true,"href":"https:\/\/nbg.eu\/fr\/wp-json\/wp\/v2\/product_tag?post=749449"}],"curies":[{"name":"wp","href":"https:\/\/api.w.org\/{rel}","templated":true}]}}