{"id":750148,"date":"2026-04-24T11:17:44","date_gmt":"2026-04-24T08:17:44","guid":{"rendered":"https:\/\/nbg.eu\/product\/eberlestock-spectre-sac-a-dos-multicam\/"},"modified":"2026-04-24T12:02:23","modified_gmt":"2026-04-24T09:02:23","slug":"eberlestock-spectre-sac-a-dos-multicam","status":"publish","type":"product","link":"https:\/\/nbg.eu\/fr\/produit\/eberlestock-spectre-sac-a-dos-multicam\/","title":{"rendered":"Eberlestock Spectre Sac \u00e0 Dos &#8211; Multicam"},"content":{"rendered":"<h2>Eberlestock Spectre Sac \u00e0 Dos<\/h2>\n<p>L&rsquo;Eberlestock Spectre est le sac de tireur d&rsquo;\u00e9lite le plus innovant et le plus polyvalent de la gamme Eberlestock, red\u00e9finissant les capacit\u00e9s d&rsquo;\u00e9quipement de pr\u00e9cision. Avec une capacit\u00e9 de 3100 p.c., un fourreau \u00e0 fusil int\u00e9gr\u00e9 et des fonctionnalit\u00e9s d&rsquo;organisation compl\u00e8tes, le Spectre est con\u00e7u pour les op\u00e9rateurs qui exigent le plus haut niveau de performance de leur \u00e9quipement.<\/p>\n<h3>Caract\u00e9ristiques principales<\/h3>\n<ul>\n<li>3,100 c.i. \/ 50.8L capacity<\/li>\n<li>Integrated rifle scabbard (34&Prime;)<\/li>\n<li>Full MOLLE\/PALS webbing<\/li>\n<li>Adjustable torso length<\/li>\n<li>Hydration compatible<\/li>\n<li>Eberlestock Lifetime Warranty<\/li>\n<\/ul>\n<h3>Sp\u00e9cifications<\/h3>\n<table>\n<tr>\n<td><strong>Capacit\u00e9<\/strong><\/td>\n<td>3,100 c.i. \/ 50.8L<\/td>\n<\/tr>\n<tr>\n<td><strong>Poids<\/strong><\/td>\n<td>6 lbs 6 oz<\/td>\n<\/tr>\n<tr>\n<td><strong>Dimensions<\/strong><\/td>\n<td>23&Prime; x 12&Prime; (Scabbard: 34&Prime;)<\/td>\n<\/tr>\n<tr>\n<td><strong>R\u00e9f\u00e9rences<\/strong><\/td>\n<td>W2MM, W2ME, W2MC, W2MJ<\/td>\n<\/tr>\n<tr>\n<td><strong>Fabricant<\/strong><\/td>\n<td>Eberlestock (Entreprise de v\u00e9t\u00e9rans)<\/td>\n<\/tr>\n<\/table>\n","protected":false},"excerpt":{"rendered":"<p>L&rsquo;Eberlestock Spectre est le sac de tireur d&rsquo;\u00e9lite le plus innovant et le plus polyvalent de la gamme Eberlestock, red\u00e9finissant les capacit\u00e9s d&rsquo;\u00e9quipement de pr\u00e9cision. Avec une capacit\u00e9 de 3100 p.c., un fourreau \u00e0 fusil int\u00e9gr\u00e9 et des fonctionnalit\u00e9s d&rsquo;organisation compl\u00e8tes, le Spectre est con\u00e7u pour les op\u00e9rateurs qui exigent le plus haut niveau de performance de leur \u00e9quipement.<\/p>\n","protected":false},"featured_media":750149,"template":"","meta":{"_acf_changed":false},"product_brand":[15151],"product_cat":[12137],"product_tag":[],"class_list":{"0":"post-750148","1":"product","2":"type-product","3":"status-publish","4":"has-post-thumbnail","6":"product_brand-eberlestock","7":"product_cat-sacs-a-dos","9":"first","10":"outofstock","11":"taxable","12":"shipping-taxable","13":"purchasable","14":"product-type-simple"},"acf":[],"_links":{"self":[{"href":"https:\/\/nbg.eu\/fr\/wp-json\/wp\/v2\/product\/750148","targetHints":{"allow":["GET"]}}],"collection":[{"href":"https:\/\/nbg.eu\/fr\/wp-json\/wp\/v2\/product"}],"about":[{"href":"https:\/\/nbg.eu\/fr\/wp-json\/wp\/v2\/types\/product"}],"wp:featuredmedia":[{"embeddable":true,"href":"https:\/\/nbg.eu\/fr\/wp-json\/wp\/v2\/media\/750149"}],"wp:attachment":[{"href":"https:\/\/nbg.eu\/fr\/wp-json\/wp\/v2\/media?parent=750148"}],"wp:term":[{"taxonomy":"product_brand","embeddable":true,"href":"https:\/\/nbg.eu\/fr\/wp-json\/wp\/v2\/product_brand?post=750148"},{"taxonomy":"product_cat","embeddable":true,"href":"https:\/\/nbg.eu\/fr\/wp-json\/wp\/v2\/product_cat?post=750148"},{"taxonomy":"product_tag","embeddable":true,"href":"https:\/\/nbg.eu\/fr\/wp-json\/wp\/v2\/product_tag?post=750148"}],"curies":[{"name":"wp","href":"https:\/\/api.w.org\/{rel}","templated":true}]}}