{"id":750769,"date":"2026-04-24T11:17:50","date_gmt":"2026-04-24T08:17:50","guid":{"rendered":"https:\/\/nbg.eu\/product\/eberlestock-brooks-7000-dry-earth\/"},"modified":"2026-04-24T12:05:06","modified_gmt":"2026-04-24T09:05:06","slug":"eberlestock-brooks-7000-dry-earth","status":"publish","type":"product","link":"https:\/\/nbg.eu\/fr\/produit\/eberlestock-brooks-7000-dry-earth\/","title":{"rendered":"Eberlestock Brooks 7000 &#8211; Dry Earth"},"content":{"rendered":"<h2>Eberlestock Brooks 7000<\/h2>\n<p>Lorsque la chasse vous emm\u00e8ne au plus profond de la nature sauvage pendant des jours ou des semaines, l&rsquo;Eberlestock Brooks 7000 est le sac que vous voulez sur votre cadre. Ce sac de classe exp\u00e9dition offre une capacit\u00e9 massive de 7000 p.c. (114L), une durabilit\u00e9 exceptionnelle et les fonctionnalit\u00e9s d&rsquo;organisation n\u00e9cessaires pour des chasses isol\u00e9es et autonomes.<\/p>\n<h3>Caract\u00e9ristiques principales<\/h3>\n<ul>\n<li>7000 c.i. \/ 114L capacity<\/li>\n<li>Modframe compatible<\/li>\n<li>Extended backcountry hunts<\/li>\n<li>Ultralight at 2 lbs 14 oz<\/li>\n<li>Eberlestock Lifetime Warranty<\/li>\n<\/ul>\n<h3>Sp\u00e9cifications<\/h3>\n<table>\n<tr>\n<td><strong>Volume<\/strong><\/td>\n<td>7000 c.i. \/ 114L<\/td>\n<\/tr>\n<tr>\n<td><strong>Poids<\/strong><\/td>\n<td>2 lbs 14 oz<\/td>\n<\/tr>\n<tr>\n<td><strong>Dimensions<\/strong><\/td>\n<td>44&Prime;H x 12&Prime;W x 12&Prime;D<\/td>\n<\/tr>\n<tr>\n<td><strong>R\u00e9f\u00e9rences<\/strong><\/td>\n<td>BS70ME, BS70MJ, BS70AM, BS70AR, BS70AS<\/td>\n<\/tr>\n<tr>\n<td><strong>Fabricant<\/strong><\/td>\n<td>Eberlestock (Entreprise de v\u00e9t\u00e9rans)<\/td>\n<\/tr>\n<\/table>\n","protected":false},"excerpt":{"rendered":"<p>Lorsque la chasse vous emm\u00e8ne au plus profond de la nature sauvage pendant des jours ou des semaines, l&rsquo;Eberlestock Brooks 7000 est le sac que vous voulez sur votre cadre. Ce sac de classe exp\u00e9dition offre une capacit\u00e9 massive de 7000 p.c. (114L), une durabilit\u00e9 exceptionnelle et les fonctionnalit\u00e9s d&rsquo;organisation n\u00e9cessaires pour des chasses isol\u00e9es et autonomes.<\/p>\n","protected":false},"featured_media":750770,"template":"","meta":{"_acf_changed":false},"product_brand":[15151],"product_cat":[12137],"product_tag":[],"class_list":{"0":"post-750769","1":"product","2":"type-product","3":"status-publish","4":"has-post-thumbnail","6":"product_brand-eberlestock","7":"product_cat-sacs-a-dos","9":"first","10":"outofstock","11":"taxable","12":"shipping-taxable","13":"purchasable","14":"product-type-simple"},"acf":[],"_links":{"self":[{"href":"https:\/\/nbg.eu\/fr\/wp-json\/wp\/v2\/product\/750769","targetHints":{"allow":["GET"]}}],"collection":[{"href":"https:\/\/nbg.eu\/fr\/wp-json\/wp\/v2\/product"}],"about":[{"href":"https:\/\/nbg.eu\/fr\/wp-json\/wp\/v2\/types\/product"}],"wp:featuredmedia":[{"embeddable":true,"href":"https:\/\/nbg.eu\/fr\/wp-json\/wp\/v2\/media\/750770"}],"wp:attachment":[{"href":"https:\/\/nbg.eu\/fr\/wp-json\/wp\/v2\/media?parent=750769"}],"wp:term":[{"taxonomy":"product_brand","embeddable":true,"href":"https:\/\/nbg.eu\/fr\/wp-json\/wp\/v2\/product_brand?post=750769"},{"taxonomy":"product_cat","embeddable":true,"href":"https:\/\/nbg.eu\/fr\/wp-json\/wp\/v2\/product_cat?post=750769"},{"taxonomy":"product_tag","embeddable":true,"href":"https:\/\/nbg.eu\/fr\/wp-json\/wp\/v2\/product_tag?post=750769"}],"curies":[{"name":"wp","href":"https:\/\/api.w.org\/{rel}","templated":true}]}}