{"id":751353,"date":"2026-04-24T11:17:56","date_gmt":"2026-04-24T08:17:56","guid":{"rendered":"https:\/\/nbg.eu\/product\/eberlestock-mission-wings-multicam\/"},"modified":"2026-04-24T12:07:48","modified_gmt":"2026-04-24T09:07:48","slug":"eberlestock-mission-wings-multicam","status":"publish","type":"product","link":"https:\/\/nbg.eu\/fr\/produit\/eberlestock-mission-wings-multicam\/","title":{"rendered":"Eberlestock Mission Wings &#8211; Multicam"},"content":{"rendered":"<h2>Eberlestock Mission Wings<\/h2>\n<p>Les Eberlestock Mission Wings sont des panneaux lat\u00e9raux modulaires et l\u00e9gers qui ajoutent rapidement du volume suppl\u00e9mentaire ou permettent une configuration strat\u00e9gique de kits sp\u00e9cialis\u00e9s \u00e0 l&rsquo;ext\u00e9rieur de votre Mission System. Facilement ajout\u00e9s ou retir\u00e9s gr\u00e2ce aux points d&rsquo;attache \u00e0 glissi\u00e8re ovale, ils offrent un acc\u00e8s rapide au rangement l\u00e0 o\u00f9 vous en avez le plus besoin.<\/p>\n<h3>Caract\u00e9ristiques principales<\/h3>\n<ul>\n<li>765 c.i. \/ 13.68L combined capacity<\/li>\n<li>Modular side panels<\/li>\n<li>Oval tri-glide attachment<\/li>\n<li>Quick-access design<\/li>\n<li>Mission System integration<\/li>\n<li>Eberlestock Lifetime Warranty<\/li>\n<\/ul>\n<h3>Sp\u00e9cifications<\/h3>\n<table>\n<tr>\n<td><strong>Volume<\/strong><\/td>\n<td>765 c.i. \/ 13.68L<\/td>\n<\/tr>\n<tr>\n<td><strong>Poids<\/strong><\/td>\n<td>1 lb 2 oz<\/td>\n<\/tr>\n<tr>\n<td><strong>Dimensions<\/strong><\/td>\n<td>18&Prime;H x 6.5&Prime;W x 2&Prime;D<\/td>\n<\/tr>\n<tr>\n<td><strong>R\u00e9f\u00e9rences<\/strong><\/td>\n<td>MW1MM, MW1MC<\/td>\n<\/tr>\n<tr>\n<td><strong>Fabricant<\/strong><\/td>\n<td>Eberlestock (Entreprise de v\u00e9t\u00e9rans)<\/td>\n<\/tr>\n<\/table>\n","protected":false},"excerpt":{"rendered":"<p>Les Eberlestock Mission Wings sont des panneaux lat\u00e9raux modulaires et l\u00e9gers qui ajoutent rapidement du volume suppl\u00e9mentaire ou permettent une configuration strat\u00e9gique de kits sp\u00e9cialis\u00e9s \u00e0 l&rsquo;ext\u00e9rieur de votre Mission System. Facilement ajout\u00e9s ou retir\u00e9s gr\u00e2ce aux points d&rsquo;attache \u00e0 glissi\u00e8re ovale, ils offrent un acc\u00e8s rapide au rangement l\u00e0 o\u00f9 vous en avez le plus besoin.<\/p>\n","protected":false},"featured_media":751354,"template":"","meta":{"_acf_changed":false},"product_brand":[15151],"product_cat":[12137],"product_tag":[],"class_list":{"0":"post-751353","1":"product","2":"type-product","3":"status-publish","4":"has-post-thumbnail","6":"product_brand-eberlestock","7":"product_cat-sacs-a-dos","9":"first","10":"outofstock","11":"taxable","12":"shipping-taxable","13":"purchasable","14":"product-type-simple"},"acf":[],"_links":{"self":[{"href":"https:\/\/nbg.eu\/fr\/wp-json\/wp\/v2\/product\/751353","targetHints":{"allow":["GET"]}}],"collection":[{"href":"https:\/\/nbg.eu\/fr\/wp-json\/wp\/v2\/product"}],"about":[{"href":"https:\/\/nbg.eu\/fr\/wp-json\/wp\/v2\/types\/product"}],"wp:featuredmedia":[{"embeddable":true,"href":"https:\/\/nbg.eu\/fr\/wp-json\/wp\/v2\/media\/751354"}],"wp:attachment":[{"href":"https:\/\/nbg.eu\/fr\/wp-json\/wp\/v2\/media?parent=751353"}],"wp:term":[{"taxonomy":"product_brand","embeddable":true,"href":"https:\/\/nbg.eu\/fr\/wp-json\/wp\/v2\/product_brand?post=751353"},{"taxonomy":"product_cat","embeddable":true,"href":"https:\/\/nbg.eu\/fr\/wp-json\/wp\/v2\/product_cat?post=751353"},{"taxonomy":"product_tag","embeddable":true,"href":"https:\/\/nbg.eu\/fr\/wp-json\/wp\/v2\/product_tag?post=751353"}],"curies":[{"name":"wp","href":"https:\/\/api.w.org\/{rel}","templated":true}]}}