{"id":755451,"date":"2026-05-13T13:36:36","date_gmt":"2026-05-13T10:36:36","guid":{"rendered":"https:\/\/nbg.eu\/product\/chargeur-asc-ar-15-223-rem-5-56-nato-10-coups\/"},"modified":"2026-05-13T14:49:29","modified_gmt":"2026-05-13T11:49:29","slug":"chargeur-asc-ar-15-223-rem-5-56-nato-10-coups","status":"publish","type":"product","link":"https:\/\/nbg.eu\/fr\/produit\/chargeur-asc-ar-15-223-rem-5-56-nato-10-coups\/","title":{"rendered":"Chargeur ASC AR-15 .223 Rem \/ 5.56 NATO 10 coups"},"content":{"rendered":"<h2>Chargeur ASC AR-15 .223 Rem \/ 5.56 NATO 10 coups<\/h2>\n<p>Le chargeur AR-15 ASC est fabriqu\u00e9 en acier inoxydable 410, avec un ressort en chrome-silicium et un \u00e9l\u00e9vateur polym\u00e8re haute temp\u00e9rature pour un alimentation fiable en .223 Rem \/ 5.56 NATO \/ 5.56 NATO. Conforme \u00e0 la limite de capacit\u00e9 10 coups.<\/p>\n<h3>Caract\u00e9ristiques cl\u00e9s<\/h3>\n<ul>\n<li>10 coups (capacit\u00e9 limit\u00e9e)<\/li>\n<li>Corps en acier inoxydable 410<\/li>\n<li>Ressort chrome-silicium<\/li>\n<li>\u00c9l\u00e9vateur polym\u00e8re autolubrifiant<\/li>\n<li>Compatible avec tous les lowers AR-15 standard<\/li>\n<\/ul>\n<h3>Sp\u00e9cifications<\/h3>\n<table>\n<tr>\n<td><strong>Calibre<\/strong><\/td>\n<td>.223 Rem \/ 5.56 NATO \/ 5.56 NATO<\/td>\n<\/tr>\n<tr>\n<td><strong>Capacit\u00e9<\/strong><\/td>\n<td>10 coups<\/td>\n<\/tr>\n<tr>\n<td><strong>Mat\u00e9riau<\/strong><\/td>\n<td>Acier inoxydable 410<\/td>\n<\/tr>\n<tr>\n<td><strong>Fabricant<\/strong><\/td>\n<td>ASC (USA)<\/td>\n<\/tr>\n<\/table>\n","protected":false},"excerpt":{"rendered":"<p>Chargeur AR-15 10 coups en .223 Rem \/ 5.56 NATO sign\u00e9 ASC (Ammunition Storage Components). Construction am\u00e9lior\u00e9e en acier inoxydable 410 avec \u00e9l\u00e9vateur polym\u00e8re.<\/p>\n","protected":false},"featured_media":755900,"template":"","meta":{"_acf_changed":false},"product_brand":[],"product_cat":[12200,12193,12146],"product_tag":[],"class_list":{"0":"post-755451","1":"product","2":"type-product","3":"status-publish","4":"has-post-thumbnail","6":"product_cat-chargeurs-de-fusil","7":"product_cat-fusil","8":"product_cat-sous-licence","10":"first","11":"instock","12":"taxable","13":"shipping-taxable","14":"product-type-simple"},"acf":[],"_links":{"self":[{"href":"https:\/\/nbg.eu\/fr\/wp-json\/wp\/v2\/product\/755451","targetHints":{"allow":["GET"]}}],"collection":[{"href":"https:\/\/nbg.eu\/fr\/wp-json\/wp\/v2\/product"}],"about":[{"href":"https:\/\/nbg.eu\/fr\/wp-json\/wp\/v2\/types\/product"}],"wp:featuredmedia":[{"embeddable":true,"href":"https:\/\/nbg.eu\/fr\/wp-json\/wp\/v2\/media\/755900"}],"wp:attachment":[{"href":"https:\/\/nbg.eu\/fr\/wp-json\/wp\/v2\/media?parent=755451"}],"wp:term":[{"taxonomy":"product_brand","embeddable":true,"href":"https:\/\/nbg.eu\/fr\/wp-json\/wp\/v2\/product_brand?post=755451"},{"taxonomy":"product_cat","embeddable":true,"href":"https:\/\/nbg.eu\/fr\/wp-json\/wp\/v2\/product_cat?post=755451"},{"taxonomy":"product_tag","embeddable":true,"href":"https:\/\/nbg.eu\/fr\/wp-json\/wp\/v2\/product_tag?post=755451"}],"curies":[{"name":"wp","href":"https:\/\/api.w.org\/{rel}","templated":true}]}}