{"id":755496,"date":"2026-05-13T13:36:39","date_gmt":"2026-05-13T10:36:39","guid":{"rendered":"https:\/\/nbg.eu\/product\/chargeur-cmmg-ar-9mm-conversion-pack-de-2-10-20-30-coups\/"},"modified":"2026-05-13T14:49:56","modified_gmt":"2026-05-13T11:49:56","slug":"chargeur-cmmg-ar-9mm-conversion-pack-de-2-10-20-30-coups","status":"publish","type":"product","link":"https:\/\/nbg.eu\/fr\/produit\/chargeur-cmmg-ar-9mm-conversion-pack-de-2-10-20-30-coups\/","title":{"rendered":"Chargeur CMMG AR 9mm Conversion pack de 2 (10\/20\/30 coups)"},"content":{"rendered":"<h2>Chargeur CMMG AR 9mm Conversion pack de 2 (10\/20\/30 coups)<\/h2>\n<p>Con\u00e7u sp\u00e9cifiquement pour les syst\u00e8mes 9mm AR-15 conversion de CMMG, ce chargeur pack de 2 (10\/20\/30 coups) adopte un design Glock-pattern modifi\u00e9 pour la plateforme AR. Construit pour une alimentation fiable en 9mm Luger dans les fusils et pistolets CMMG Banshee, Resolute et Mk9. Vendu en pack de 2 chargeurs &#8211; capacit\u00e9 10\/20\/30 selon la r\u00e9glementation locale.<\/p>\n<h3>Caract\u00e9ristiques cl\u00e9s<\/h3>\n<ul>\n<li>pack de 2 (10\/20\/30 coups) (capacit\u00e9 limit\u00e9e)<\/li>\n<li>Pour uppers CMMG 9mm AR conversion<\/li>\n<li>Corps Glock-pattern (modifi\u00e9)<\/li>\n<li>Conception drop-free<\/li>\n<li>Polym\u00e8re haute r\u00e9sistance<\/li>\n<\/ul>\n<h3>Sp\u00e9cifications<\/h3>\n<table>\n<tr>\n<td><strong>Calibre<\/strong><\/td>\n<td>9mm Luger<\/td>\n<\/tr>\n<tr>\n<td><strong>Conditionnement<\/strong><\/td>\n<td>pack de 2 (10\/20\/30 coups)<\/td>\n<\/tr>\n<tr>\n<td><strong>Plateforme<\/strong><\/td>\n<td>CMMG 9mm AR Conversion<\/td>\n<\/tr>\n<tr>\n<td><strong>Fabricant<\/strong><\/td>\n<td>CMMG (USA)<\/td>\n<\/tr>\n<\/table>\n","protected":false},"excerpt":{"rendered":"<p>Chargeur 9mm pack de 2 (10\/20\/30 coups) pour uppers CMMG AR-15 9mm conversion. Chargeur Glock-pattern modifi\u00e9 pour une alimentation fiable.<\/p>\n","protected":false},"featured_media":755972,"template":"","meta":{"_acf_changed":false},"product_brand":[],"product_cat":[12200,12193,12146],"product_tag":[],"class_list":{"0":"post-755496","1":"product","2":"type-product","3":"status-publish","4":"has-post-thumbnail","6":"product_cat-chargeurs-de-fusil","7":"product_cat-fusil","8":"product_cat-sous-licence","10":"first","11":"instock","12":"taxable","13":"shipping-taxable","14":"product-type-simple"},"acf":[],"_links":{"self":[{"href":"https:\/\/nbg.eu\/fr\/wp-json\/wp\/v2\/product\/755496","targetHints":{"allow":["GET"]}}],"collection":[{"href":"https:\/\/nbg.eu\/fr\/wp-json\/wp\/v2\/product"}],"about":[{"href":"https:\/\/nbg.eu\/fr\/wp-json\/wp\/v2\/types\/product"}],"wp:featuredmedia":[{"embeddable":true,"href":"https:\/\/nbg.eu\/fr\/wp-json\/wp\/v2\/media\/755972"}],"wp:attachment":[{"href":"https:\/\/nbg.eu\/fr\/wp-json\/wp\/v2\/media?parent=755496"}],"wp:term":[{"taxonomy":"product_brand","embeddable":true,"href":"https:\/\/nbg.eu\/fr\/wp-json\/wp\/v2\/product_brand?post=755496"},{"taxonomy":"product_cat","embeddable":true,"href":"https:\/\/nbg.eu\/fr\/wp-json\/wp\/v2\/product_cat?post=755496"},{"taxonomy":"product_tag","embeddable":true,"href":"https:\/\/nbg.eu\/fr\/wp-json\/wp\/v2\/product_tag?post=755496"}],"curies":[{"name":"wp","href":"https:\/\/api.w.org\/{rel}","templated":true}]}}