{"id":755543,"date":"2026-05-13T13:36:42","date_gmt":"2026-05-13T10:36:42","guid":{"rendered":"https:\/\/nbg.eu\/product\/chargeur-lancer-l5-awm-223-rem-noir\/"},"modified":"2026-05-13T14:50:24","modified_gmt":"2026-05-13T11:50:24","slug":"chargeur-lancer-l5-awm-223-rem-noir","status":"publish","type":"product","link":"https:\/\/nbg.eu\/fr\/produit\/chargeur-lancer-l5-awm-223-rem-noir\/","title":{"rendered":"Chargeur Lancer L5 AWM .223 Rem &#8211; Noir"},"content":{"rendered":"<h2>Chargeur Lancer L5 AWM .223 Rem &#8211; Noir<\/h2>\n<p>Le Lancer L5 Advanced Warfighter Magazine (AWM) associe un insert de l\u00e8vres en acier tremp\u00e9 \u00e0 un corps polym\u00e8re renforc\u00e9 fibre de verre &#8211; solidit\u00e9 d&rsquo;un chargeur m\u00e9tallique avec le poids et la r\u00e9sistance \u00e0 la corrosion du polym\u00e8re. Le L5 AWM est la r\u00e9f\u00e9rence des chargeurs AR-15.<\/p>\n<h3>Caract\u00e9ristiques cl\u00e9s<\/h3>\n<ul>\n<li>L\u00e8vres en acier tremp\u00e9 pour durabilit\u00e9 exceptionnelle<\/li>\n<li>Corps polym\u00e8re renforc\u00e9 fibre de verre (noir)<\/li>\n<li>\u00c9l\u00e9vateur anti-bascule avec finition autolubrifiante<\/li>\n<li>Compatibilit\u00e9 mil-spec avec tous les lowers AR-15<\/li>\n<\/ul>\n<h3>Sp\u00e9cifications<\/h3>\n<table>\n<tr>\n<td><strong>Calibre<\/strong><\/td>\n<td>.223 Rem \/ 5.56 NATO<\/td>\n<\/tr>\n<tr>\n<td><strong>Couleur<\/strong><\/td>\n<td>Noir<\/td>\n<\/tr>\n<tr>\n<td><strong>Mat\u00e9riau<\/strong><\/td>\n<td>L\u00e8vres acier + corps polym\u00e8re<\/td>\n<\/tr>\n<tr>\n<td><strong>Fabricant<\/strong><\/td>\n<td>Lancer Systems (USA)<\/td>\n<\/tr>\n<\/table>\n","protected":false},"excerpt":{"rendered":"<p>Lancer L5 Advanced Warfighter Magazine pour AR-15 en .223 Rem \/ 5.56 NATO. Corps noir opaque avec l\u00e8vres en acier tremp\u00e9.<\/p>\n","protected":false},"featured_media":756432,"template":"","meta":{"_acf_changed":false},"product_brand":[],"product_cat":[12200,12193,12146],"product_tag":[],"class_list":{"0":"post-755543","1":"product","2":"type-product","3":"status-publish","4":"has-post-thumbnail","6":"product_cat-chargeurs-de-fusil","7":"product_cat-fusil","8":"product_cat-sous-licence","10":"first","11":"instock","12":"taxable","13":"shipping-taxable","14":"product-type-simple"},"acf":[],"_links":{"self":[{"href":"https:\/\/nbg.eu\/fr\/wp-json\/wp\/v2\/product\/755543","targetHints":{"allow":["GET"]}}],"collection":[{"href":"https:\/\/nbg.eu\/fr\/wp-json\/wp\/v2\/product"}],"about":[{"href":"https:\/\/nbg.eu\/fr\/wp-json\/wp\/v2\/types\/product"}],"wp:featuredmedia":[{"embeddable":true,"href":"https:\/\/nbg.eu\/fr\/wp-json\/wp\/v2\/media\/756432"}],"wp:attachment":[{"href":"https:\/\/nbg.eu\/fr\/wp-json\/wp\/v2\/media?parent=755543"}],"wp:term":[{"taxonomy":"product_brand","embeddable":true,"href":"https:\/\/nbg.eu\/fr\/wp-json\/wp\/v2\/product_brand?post=755543"},{"taxonomy":"product_cat","embeddable":true,"href":"https:\/\/nbg.eu\/fr\/wp-json\/wp\/v2\/product_cat?post=755543"},{"taxonomy":"product_tag","embeddable":true,"href":"https:\/\/nbg.eu\/fr\/wp-json\/wp\/v2\/product_tag?post=755543"}],"curies":[{"name":"wp","href":"https:\/\/api.w.org\/{rel}","templated":true}]}}