{"id":106565,"date":"2024-01-30T21:13:57","date_gmt":"2024-01-30T18:13:57","guid":{"rendered":"https:\/\/nbg.eu\/product\/tangent-theta-tt735p-7-35x56mm-professional\/"},"modified":"2026-05-13T16:51:36","modified_gmt":"2026-05-13T13:51:36","slug":"tangent-theta-tt735p-7-35x56mm-professional","status":"publish","type":"product","link":"https:\/\/nbg.eu\/hr\/proizvod\/tangent-theta-tt735p-7-35x56mm-professional\/","title":{"rendered":"Tangent Theta TT735P (7-35x56mm Professional)"},"content":{"rendered":"<div class=\"product-description\">\n<p>Tangent Theta osnovan je 2013. u Nova Scotiji, Kanada s ciljem proizvodnje najboljih opti\u010dkih ciljnika za pu\u0161ke. Ciljnici se ru\u010dno sastavljaju, pojedina\u010dno testiraju i pregledavaju od strane tima opti\u010dkih dizajnera, strojarskih in\u017eenjera i me\u0111unarodnih strijelaca na velike udaljenosti.<\/p>\n<h2>Tangent Theta TT735P 7-35x56mm Profesionalni Opti\u010dki Ciljnik za Pu\u0161ke<\/h2>\n<p>Tangent Theta TT735P je 7-35x56mm opti\u010dki ciljnik za pu\u0161ke koji kombinira naprednu tehnologiju s izdr\u017eljivo\u0161\u0107u za pru\u017eanje performansi u zahtjevnim uvjetima.<\/p>\n<h2>Glavne zna\u010dajke:<\/h2>\n<ul>\n<li>Pove\u0107anje 7-35x za identifikaciju meta na velikim udaljenostima<\/li>\n<li>56mm objektiv za prikupljanje svjetlosti<\/li>\n<li>36mm glavna cijev za strukturnu cjelovitost i raspon pode\u0161avanja<\/li>\n<li>Pode\u0161avanje paralakse do 10 metara<\/li>\n<li>11 postavki osvjetljenja kon\u010danice<\/li>\n<li>TOOL-LESS RE-ZERO\u00ae zna\u010dajka za brzo nuliranje (US Patent # 10,591,253)<\/li>\n<li>Nepomi\u010dni gumbi s elevacijskim zaustavljanjem na nuli<\/li>\n<li>Dvostruki okret elevacije s indikatorom okretaja<\/li>\n<li>Zaklju\u010davaju\u0107i brzo podesivi diopter<\/li>\n<\/ul>\n<h2>Kvaliteta:<\/h2>\n<p>Izra\u0111en u Kanadi, TT735P je testiran za izdr\u017eavanje te\u0161kih uvjeta okoli\u0161a. Ima Tip II anodiziranu mat zavr\u0161nu obradu, vodootpornost 4 sata na 10 metara i otpornost na udarce od 1000g na 10.000 ciklusa.<\/p>\n<\/div>\n<h2>Kon\u010danice:<\/h2>\n<ol>\n<li data-line-height=\"xs\">Horus Tremor3 kon\u010danica<\/li>\n<li data-line-height=\"xs\">JTAC<\/li>\n<li data-line-height=\"xs\">Gen 3 XR Fine<\/li>\n<\/ol>\n<div class=\"product-description\">\n<h2>Optika:<\/h2>\n<p>Izbor izme\u0111u tri kon\u010danice: Horus Tremor3, JTAC ili Gen 3 XR Fine. TT735P nudi 90mm odmak oka i vidno polje od 5,41m na 100m (7x) do 1,08m na 100m (35x).<\/p>\n<h2>Profesionalna pode\u0161avanja:<\/h2>\n<p>Rezolucija pode\u0161avanja od 0,1 mrad, ukupni raspon elevacije od 30 mrad i ukupni raspon vjetra od 14 mrad. Bo\u010dno pode\u0161avanje paralakse i zaklju\u010davaju\u0107i diopter osiguravaju jasnu sliku na svim udaljenostima.<\/p>\n<p>Tangent Theta TT735P je izbor za strijelce koji zahtijevaju najbolje.<\/p>\n<\/div>\n","protected":false},"excerpt":{"rendered":"<p>Tangent Theta 7-35x56mm Professional je opti\u010dki ciljnik koji birate za pucanje na ekstremnim udaljenostima.<\/p>\n","protected":false},"featured_media":80990,"template":"","meta":{"_acf_changed":false},"product_brand":[11881],"product_cat":[13520,13533],"product_tag":[],"class_list":{"0":"post-106565","1":"product","2":"type-product","3":"status-publish","4":"has-post-thumbnail","6":"product_brand-tangent-theta","7":"product_cat-nisanjenje","8":"product_cat-optika-s-povecanjem","10":"first","11":"instock","12":"taxable","13":"shipping-taxable","14":"purchasable","15":"product-type-variable","16":"wvs-archive-product-wrapper"},"acf":[],"_links":{"self":[{"href":"https:\/\/nbg.eu\/hr\/wp-json\/wp\/v2\/product\/106565","targetHints":{"allow":["GET"]}}],"collection":[{"href":"https:\/\/nbg.eu\/hr\/wp-json\/wp\/v2\/product"}],"about":[{"href":"https:\/\/nbg.eu\/hr\/wp-json\/wp\/v2\/types\/product"}],"wp:featuredmedia":[{"embeddable":true,"href":"https:\/\/nbg.eu\/hr\/wp-json\/wp\/v2\/media\/80990"}],"wp:attachment":[{"href":"https:\/\/nbg.eu\/hr\/wp-json\/wp\/v2\/media?parent=106565"}],"wp:term":[{"taxonomy":"product_brand","embeddable":true,"href":"https:\/\/nbg.eu\/hr\/wp-json\/wp\/v2\/product_brand?post=106565"},{"taxonomy":"product_cat","embeddable":true,"href":"https:\/\/nbg.eu\/hr\/wp-json\/wp\/v2\/product_cat?post=106565"},{"taxonomy":"product_tag","embeddable":true,"href":"https:\/\/nbg.eu\/hr\/wp-json\/wp\/v2\/product_tag?post=106565"}],"curies":[{"name":"wp","href":"https:\/\/api.w.org\/{rel}","templated":true}]}}