{"id":131275,"date":"2024-11-02T06:45:52","date_gmt":"2024-11-02T06:45:52","guid":{"rendered":"https:\/\/nbg.eu\/product\/sprinco-usa-spring-kit-xp-buffer-spring-enhanced-4coil-bolt-extractor-spring\/"},"modified":"2026-01-21T12:05:17","modified_gmt":"2026-01-21T09:05:17","slug":"sprinco-usa-spring-kit-xp-buffer-spring-enhanced-4coil-bolt-extractor-spring","status":"publish","type":"product","link":"https:\/\/nbg.eu\/hr\/proizvod\/sprinco-usa-spring-kit-xp-buffer-spring-enhanced-4coil-bolt-extractor-spring\/","title":{"rendered":"SPRINCO USA Spring Kit-XP Buffer Spring &amp; Enhanced 4Coil Bolt Extractor Spring"},"content":{"rendered":"<div class=\"product-description\">\n<h2>SPRINCO USA komplet opruga &#8211; XP opruga prigu\u0161iva\u010da i pobolj\u0161ana 4-zavojna opruga izvlaka\u010da zatvara\u010da<\/h2>\n<p>Pobolj\u0161ajte pouzdanost va\u0161eg AR-a s SPRINCO USA kompletom opruga, koji sadr\u017ei:<\/p>\n<ul>\n<li>Opruga prigu\u0161iva\u010da poja\u010dane snage (crvena)<\/li>\n<li>Pobolj\u0161ana 4-zavojna opruga izvlaka\u010da zatvara\u010da<\/li>\n<\/ul>\n<p>Izvorno dizajniran 2006. godine za tim za modernizaciju snaga, ovaj komplet rje\u0161ava probleme pouzdanosti M4 karabina u zahtjevnim okru\u017eenjima. Crvena opruga nudi otprilike 25% ve\u0107e optere\u0107enje u usporedbi s bijelom oprugom, \u010dine\u0107i je idealnom za:<\/p>\n<ul>\n<li>9mm, 6.8 SPC, 6.5 Grendel<\/li>\n<li>.450 BM, .450 SOCOM, .500 Beowulf<\/li>\n<li>Colt LE6920 karabine<\/li>\n<\/ul>\n<p>Napomena: Performanse mogu varirati ovisno o vrijednostima otvora i optere\u0107enju streljiva. Prije uporabe prou\u010dite dokumente o postupku pode\u0161avanja.<\/p>\n<\/div>\n","protected":false},"excerpt":{"rendered":"<p>Visoko u\u010dinkovita AR puferska opruga za pobolj\u0161anu pouzdanost i snagu.<\/p>\n","protected":false},"featured_media":76502,"template":"","meta":{"_acf_changed":false},"product_brand":[14584],"product_cat":[13519,14732],"product_tag":[],"class_list":{"0":"post-131275","1":"product","2":"type-product","3":"status-publish","4":"has-post-thumbnail","6":"product_brand-sprinco-usa","7":"product_cat-kmr-dijelovi","8":"product_cat-opruge","10":"first","11":"outofstock","12":"taxable","13":"shipping-taxable","14":"purchasable","15":"product-type-simple"},"acf":[],"_links":{"self":[{"href":"https:\/\/nbg.eu\/hr\/wp-json\/wp\/v2\/product\/131275","targetHints":{"allow":["GET"]}}],"collection":[{"href":"https:\/\/nbg.eu\/hr\/wp-json\/wp\/v2\/product"}],"about":[{"href":"https:\/\/nbg.eu\/hr\/wp-json\/wp\/v2\/types\/product"}],"wp:featuredmedia":[{"embeddable":true,"href":"https:\/\/nbg.eu\/hr\/wp-json\/wp\/v2\/media\/76502"}],"wp:attachment":[{"href":"https:\/\/nbg.eu\/hr\/wp-json\/wp\/v2\/media?parent=131275"}],"wp:term":[{"taxonomy":"product_brand","embeddable":true,"href":"https:\/\/nbg.eu\/hr\/wp-json\/wp\/v2\/product_brand?post=131275"},{"taxonomy":"product_cat","embeddable":true,"href":"https:\/\/nbg.eu\/hr\/wp-json\/wp\/v2\/product_cat?post=131275"},{"taxonomy":"product_tag","embeddable":true,"href":"https:\/\/nbg.eu\/hr\/wp-json\/wp\/v2\/product_tag?post=131275"}],"curies":[{"name":"wp","href":"https:\/\/api.w.org\/{rel}","templated":true}]}}