{"id":134493,"date":"2024-11-26T13:10:26","date_gmt":"2024-11-26T10:10:26","guid":{"rendered":"https:\/\/nbg.eu\/product\/geissele-ak-braided-spring\/"},"modified":"2026-04-22T11:24:44","modified_gmt":"2026-04-22T08:24:44","slug":"geissele-ak-pletena-opruga","status":"publish","type":"product","link":"https:\/\/nbg.eu\/hr\/proizvod\/geissele-ak-pletena-opruga\/","title":{"rendered":"Geissele Pletena Udarna Opruga AK"},"content":{"rendered":"<h2>AK Pletena opruga<\/h2>\n<p>ALG AK Pletena glavna opruga je zamjenska opruga za pu\u0161ke platforme AK47\/74. Ova zamjenska opcija proizvodi se u Sjedinjenim Dr\u017eavama od tri strune \u017eice upletene zajedno. Pleteni dizajn pru\u017ea pove\u0107anu izdr\u017eljivost i pouzdanost u usporedbi s tradicionalnim AK glavnim oprugama, osiguravaju\u0107i glatki i dosljedni rad va\u0161e pu\u0161ke.<\/p>\n<p>Izra\u0111ena od kvalitetnih materijala, AK Pletena Opruga napravljena je da izdr\u017ei napore te\u0161ke uporabe i te\u0161kih uvjeta. Njezina robusna konstrukcija poma\u017ee u smanjenju rizika od otkaza opruge, \u0161to mo\u017ee dovesti do nepaljenja ili drugih kvarova. Nadogra\u0111uju\u0107i glavnu oprugu va\u0161e AK pu\u0161ke ovom pouzdanom komponentom, mo\u017eete u\u017eivati u pobolj\u0161anim performansama i miru uma znaju\u0107i da va\u0161a pu\u0161ka radi na svom najboljem.<\/p>\n<p>Bilo da ste natjecateljski strijelac ili takti\u010dki operater, AK Pletena Opruga je klju\u010dno unapre\u0111enje za razmatranje za va\u0161u AK47\/74 platformu. Njezin superioran dizajn i proizvodni standardi \u010dine je pouzdanim izborom me\u0111u zahtjevnim vlasnicima vatrenog oru\u017eja koji tra\u017ee najvi\u0161u razinu pouzdanosti i performansi svoje opreme.<\/p>\n","protected":false},"excerpt":{"rendered":"<p>Pru\u017eina s pletenom oprugom AK izra\u0111ena je u SAD-u, s 3 upredene zamjenske opruge za pu\u0161ke AK47\/74.<\/p>\n","protected":false},"featured_media":81092,"template":"","meta":{"_acf_changed":false},"product_brand":[11375],"product_cat":[14732],"product_tag":[],"class_list":{"0":"post-134493","1":"product","2":"type-product","3":"status-publish","4":"has-post-thumbnail","6":"product_brand-geissele","7":"product_cat-opruge","9":"first","10":"instock","11":"taxable","12":"shipping-taxable","13":"product-type-simple"},"acf":[],"_links":{"self":[{"href":"https:\/\/nbg.eu\/hr\/wp-json\/wp\/v2\/product\/134493","targetHints":{"allow":["GET"]}}],"collection":[{"href":"https:\/\/nbg.eu\/hr\/wp-json\/wp\/v2\/product"}],"about":[{"href":"https:\/\/nbg.eu\/hr\/wp-json\/wp\/v2\/types\/product"}],"wp:featuredmedia":[{"embeddable":true,"href":"https:\/\/nbg.eu\/hr\/wp-json\/wp\/v2\/media\/81092"}],"wp:attachment":[{"href":"https:\/\/nbg.eu\/hr\/wp-json\/wp\/v2\/media?parent=134493"}],"wp:term":[{"taxonomy":"product_brand","embeddable":true,"href":"https:\/\/nbg.eu\/hr\/wp-json\/wp\/v2\/product_brand?post=134493"},{"taxonomy":"product_cat","embeddable":true,"href":"https:\/\/nbg.eu\/hr\/wp-json\/wp\/v2\/product_cat?post=134493"},{"taxonomy":"product_tag","embeddable":true,"href":"https:\/\/nbg.eu\/hr\/wp-json\/wp\/v2\/product_tag?post=134493"}],"curies":[{"name":"wp","href":"https:\/\/api.w.org\/{rel}","templated":true}]}}