{"id":137758,"date":"2025-01-04T10:53:28","date_gmt":"2025-01-04T10:53:28","guid":{"rendered":"https:\/\/nbg.eu\/product\/area-419-harris-bipod-adapter\/"},"modified":"2026-05-13T15:11:27","modified_gmt":"2026-05-13T12:11:27","slug":"area-419-harris-bipod-adapter","status":"publish","type":"product","link":"https:\/\/nbg.eu\/hr\/proizvod\/area-419-harris-bipod-adapter\/","title":{"rendered":"Area 419 &#8211; Harris Bipod adapter"},"content":{"rendered":"<div class=\"product-description\">\n<h2>Area 419 &#8211; Adapter za Harris dvono\u017eac<\/h2>\n<p>Adapter Area 419 za Harris okretni dvono\u017eac, dizajniran za &#8220;S&#8221; (okretni) tip Harris dvono\u017eaca. Ovaj adapter omogu\u0107uje montiranje dvono\u0161ca na ARCALOCK stezne baze ili Atlas adaptere za \u0161ine.<\/p>\n<ul>\n<li>Zamjenjuje originalnu okretnu platformu za monta\u017eu<\/li>\n<li>Kompatibilan s tvorni\u010dkim vijkom za zatezanje ili KMW Pod Loc<\/li>\n<li>Izra\u0111en od aluminija 6061-T6<\/li>\n<li>Tip III crna anodizirana zavr\u0161na obrada<\/li>\n<li>Te\u017eina 0,09 kg<\/li>\n<li>Dimenzije: 3,81 \u00d7 3,81 \u00d7 3,81 cm<\/li>\n<\/ul>\n<p><strong>Napomena:<\/strong> Dvono\u017eac i stezaljka nisu uklju\u010deni. Nije kompatibilan s Barricade Stop.<\/p>\n<\/div>\n","protected":false},"excerpt":{"rendered":"<p>Prilagodite Harris okretne dvono\u0161ce na ARCALOCK ili Atlas sustave \u0161ina.<\/p>\n","protected":false},"featured_media":117885,"template":"","meta":{"_acf_changed":false},"product_brand":[11030],"product_cat":[16208,13548,13569],"product_tag":[],"class_list":{"0":"post-137758","1":"product","2":"type-product","3":"status-publish","4":"has-post-thumbnail","6":"product_brand-area-419","7":"product_cat-bipod-mounts-hr","8":"product_cat-dvonosci","9":"product_cat-puska","11":"first","12":"instock","13":"sale","14":"taxable","15":"shipping-taxable","16":"purchasable","17":"product-type-simple"},"acf":[],"_links":{"self":[{"href":"https:\/\/nbg.eu\/hr\/wp-json\/wp\/v2\/product\/137758","targetHints":{"allow":["GET"]}}],"collection":[{"href":"https:\/\/nbg.eu\/hr\/wp-json\/wp\/v2\/product"}],"about":[{"href":"https:\/\/nbg.eu\/hr\/wp-json\/wp\/v2\/types\/product"}],"wp:featuredmedia":[{"embeddable":true,"href":"https:\/\/nbg.eu\/hr\/wp-json\/wp\/v2\/media\/117885"}],"wp:attachment":[{"href":"https:\/\/nbg.eu\/hr\/wp-json\/wp\/v2\/media?parent=137758"}],"wp:term":[{"taxonomy":"product_brand","embeddable":true,"href":"https:\/\/nbg.eu\/hr\/wp-json\/wp\/v2\/product_brand?post=137758"},{"taxonomy":"product_cat","embeddable":true,"href":"https:\/\/nbg.eu\/hr\/wp-json\/wp\/v2\/product_cat?post=137758"},{"taxonomy":"product_tag","embeddable":true,"href":"https:\/\/nbg.eu\/hr\/wp-json\/wp\/v2\/product_tag?post=137758"}],"curies":[{"name":"wp","href":"https:\/\/api.w.org\/{rel}","templated":true}]}}