{"id":139393,"date":"2025-01-04T07:39:43","date_gmt":"2025-01-04T07:39:43","guid":{"rendered":"https:\/\/nbg.eu\/product\/area-419-arcalock-fixed-barricade-block\/"},"modified":"2026-05-13T15:10:39","modified_gmt":"2026-05-13T12:10:39","slug":"area-419-arcalock-fiksni-blok-za-barikade","status":"publish","type":"product","link":"https:\/\/nbg.eu\/hr\/proizvod\/area-419-arcalock-fiksni-blok-za-barikade\/","title":{"rendered":"Area 419 &#8211; ARCALOCK fiksni blok za barikade"},"content":{"rendered":"<div class=\"product-description\">\n<h2>Area 419 &#8211; ARCALOCK Fiksni Blok Barikade<\/h2>\n<p>ARCALOCK Fiksni Blok Barikade, dizajniran za ravne ARCALOCK \u0161ine. Ovaj dodatak klizi na 12&#8243; Univerzalne, M-LOK, Keymod i MPA \u0161ine, pru\u017eaju\u0107i siguran i prilagodljiv zaustavlja\u010d.<\/p>\n<ul>\n<li>2,86 cm visine od dna \u0161ine<\/li>\n<li>Izbrazdana povr\u0161ina za bolji hvat<\/li>\n<li>Dizajn sa stezaljkom i vijkom za osiguranu stabilnost<\/li>\n<li>Izra\u0111en od 6061-T6 aluminija<\/li>\n<li>Tip III crna tvrda anodizirana zavr\u0161na obrada<\/li>\n<li>Uklju\u010duje 2,4 mm klju\u010d za pode\u0161avanje<\/li>\n<\/ul>\n<p>Te\u017eine 90,7 grama i dimenzija 5,08 cm x 3,81 cm x 3,81 cm, ovaj kompaktni blok nudi izdr\u017eljivost i preciznost za ozbiljne strijelce.<\/p>\n<\/div>\n","protected":false},"excerpt":{"rendered":"<p>Sigurna, podesiva barikadna zapreka za ARCALOCK tra\u010dnice. Aluminijska, s u\u017elijebljenim rukohvatom.<\/p>\n","protected":false},"featured_media":115537,"template":"","meta":{"_acf_changed":false},"product_brand":[11030],"product_cat":[15547,13527,13583],"product_tag":[],"class_list":{"0":"post-139393","1":"product","2":"type-product","3":"status-publish","4":"has-post-thumbnail","6":"product_brand-area-419","7":"product_cat-arcalock-systems-hr","8":"product_cat-rucke-za-puske","9":"product_cat-tracnice","11":"first","12":"instock","13":"sale","14":"taxable","15":"shipping-taxable","16":"purchasable","17":"product-type-simple"},"acf":[],"_links":{"self":[{"href":"https:\/\/nbg.eu\/hr\/wp-json\/wp\/v2\/product\/139393","targetHints":{"allow":["GET"]}}],"collection":[{"href":"https:\/\/nbg.eu\/hr\/wp-json\/wp\/v2\/product"}],"about":[{"href":"https:\/\/nbg.eu\/hr\/wp-json\/wp\/v2\/types\/product"}],"wp:featuredmedia":[{"embeddable":true,"href":"https:\/\/nbg.eu\/hr\/wp-json\/wp\/v2\/media\/115537"}],"wp:attachment":[{"href":"https:\/\/nbg.eu\/hr\/wp-json\/wp\/v2\/media?parent=139393"}],"wp:term":[{"taxonomy":"product_brand","embeddable":true,"href":"https:\/\/nbg.eu\/hr\/wp-json\/wp\/v2\/product_brand?post=139393"},{"taxonomy":"product_cat","embeddable":true,"href":"https:\/\/nbg.eu\/hr\/wp-json\/wp\/v2\/product_cat?post=139393"},{"taxonomy":"product_tag","embeddable":true,"href":"https:\/\/nbg.eu\/hr\/wp-json\/wp\/v2\/product_tag?post=139393"}],"curies":[{"name":"wp","href":"https:\/\/api.w.org\/{rel}","templated":true}]}}